{"id":322,"date":"2014-12-15T11:49:09","date_gmt":"2014-12-15T11:49:09","guid":{"rendered":"http:\/\/uenf.br\/cct\/leciv\/?page_id=322"},"modified":"2015-11-13T19:41:25","modified_gmt":"2015-11-13T19:41:25","slug":"aline-dias-pinheiro","status":"publish","type":"page","link":"https:\/\/uenf.br\/cct\/leciv\/graduacao\/projetos-de-iniciacao-cientifica\/aline-dias-pinheiro\/","title":{"rendered":"Aline Dias Pinheiro"},"content":{"rendered":"<p><strong>Avalia\u00e7\u00e3o da alterabilidade de materiais de cer\u00e2micos.<br \/>\n<\/strong><br \/>\n<em>Professor:<\/em> Paulo C\u00e9sar Maia<br \/>\n<em>Resumo:<\/em> Devido aos procedimentos de fabrica\u00e7\u00e3o e \u00e0s caracter\u00edsticas da mat\u00e9ria-prima, os materiais cer\u00e2micos s\u00e3o afetados pelos agentes de altera\u00e7\u00e3o, ocasionando problemas construtivos. Neste sentido, este trabalho avalia as transforma\u00e7\u00f5es sofridas pelos materiais cer\u00e2micos provocadas pela exposi\u00e7\u00e3o aos agentes de altera\u00e7\u00e3o (varia\u00e7\u00f5es de temperatura, umidade, precipita\u00e7\u00e3o pluviom\u00e9trica, press\u00e3o atmosf\u00e9rica e outros). Os corpos de prova foram moldados por prensagem da argila em molde prism\u00e1tico e queimados em diferentes temperaturas (600\u00baC e 1020\u00baC). Posteriormente, foram alterados aceleradamente no laborat\u00f3rio ou naturalmente no campo, utilizando-se diferentes tempos, ou intensidades, de altera\u00e7\u00e3o. Utilizou-se diferentes procedimentos de altera\u00e7\u00e3o no laborat\u00f3rio: lixivia\u00e7\u00e3o cont\u00ednua e ciclagem de umidade. Fez-se a determina\u00e7\u00e3o dos seguintes par\u00e2metros caracter\u00edsticos dos materiais intacto e alterados (laborat\u00f3rio ou campo): massa espec\u00edfica, absor\u00e7\u00e3o e resist\u00eancia \u00e0 flex\u00e3o. Foram obtidas correla\u00e7\u00f5es entre o tempo de altera\u00e7\u00e3o no laborat\u00f3rio e o tempo de altera\u00e7\u00e3o no campo, permitindo a previs\u00e3o dos par\u00e2metros caracter\u00edsticos a longo prazo (durabilidade).<\/p>\n","protected":false},"excerpt":{"rendered":"<p>Avalia\u00e7\u00e3o da alterabilidade de materiais de cer\u00e2micos. Professor: Paulo C\u00e9sar Maia Resumo: Devido aos procedimentos de fabrica\u00e7\u00e3o e \u00e0s caracter\u00edsticas&#8230;<\/p>\n","protected":false},"author":8,"featured_media":0,"parent":274,"menu_order":23,"comment_status":"open","ping_status":"open","template":"","meta":{"footnotes":""},"class_list":["post-322","page","type-page","status-publish","hentry"],"_links":{"self":[{"href":"https:\/\/uenf.br\/cct\/leciv\/wp-json\/wp\/v2\/pages\/322","targetHints":{"allow":["GET"]}}],"collection":[{"href":"https:\/\/uenf.br\/cct\/leciv\/wp-json\/wp\/v2\/pages"}],"about":[{"href":"https:\/\/uenf.br\/cct\/leciv\/wp-json\/wp\/v2\/types\/page"}],"author":[{"embeddable":true,"href":"https:\/\/uenf.br\/cct\/leciv\/wp-json\/wp\/v2\/users\/8"}],"replies":[{"embeddable":true,"href":"https:\/\/uenf.br\/cct\/leciv\/wp-json\/wp\/v2\/comments?post=322"}],"version-history":[{"count":0,"href":"https:\/\/uenf.br\/cct\/leciv\/wp-json\/wp\/v2\/pages\/322\/revisions"}],"up":[{"embeddable":true,"href":"https:\/\/uenf.br\/cct\/leciv\/wp-json\/wp\/v2\/pages\/274"}],"wp:attachment":[{"href":"https:\/\/uenf.br\/cct\/leciv\/wp-json\/wp\/v2\/media?parent=322"}],"curies":[{"name":"wp","href":"https:\/\/api.w.org\/{rel}","templated":true}]}}