{"id":324,"date":"2014-12-15T11:49:38","date_gmt":"2014-12-15T11:49:38","guid":{"rendered":"http:\/\/uenf.br\/cct\/leciv\/?page_id=324"},"modified":"2015-11-13T19:42:06","modified_gmt":"2015-11-13T19:42:06","slug":"bruno-magno-gomes-ramos-2","status":"publish","type":"page","link":"https:\/\/uenf.br\/cct\/leciv\/graduacao\/projetos-de-iniciacao-cientifica\/bruno-magno-gomes-ramos-2\/","title":{"rendered":"Bruno Magno Gomes Ramos"},"content":{"rendered":"<p><strong>Avalia\u00e7\u00e3o da forma de part\u00edculas no slake durabiliity test para avalia\u00e7\u00e3o da durabilidade de materais cer\u00e2micos.<br \/>\n<\/strong><br \/>\n<em>Professor: <\/em>Paulo C\u00e9sar Maia<br \/>\n<em>Resumo: <\/em>A cer\u00e2mica \u00e9 um material que possui importantes caracter\u00edsticas de resist\u00eancia e facilidade de fabrica\u00e7\u00e3o, caracter\u00edsticas que o torna um material de ampla aplicabilidade. Sabe-se que os materiais cer\u00e2micos s\u00e3o de grande durabilidade quando calcinados com altas temperaturas, maiores que 550\u00baC. Uma linha de pesquisa dedicada \u00e0 avalia\u00e7\u00e3o qualitativa e quantitativa da durabilidade de cer\u00e2micas vermelhas atrav\u00e9s do ensaio de desgaste slake durability verificou que a forma das amostras estudadas \u00e9 uma vari\u00e1vel importante na an\u00e1lise do desgaste. Deste modo, este trabalho tem como objetivo a avalia\u00e7\u00e3o da influ\u00eancia da forma das amostras no ensaio de desgaste slake durability. Para isto, s\u00e3o produzidos corpos de provas com diferentes formas e atendendo as especifica\u00e7\u00f5es do ensaio slake durability. S\u00e3o avaliadas pelo menos dez formas diferentes de part\u00edculas: esfera, duas formas cil\u00edndricas, cubo e seis formas prism\u00e1ticas. As amostras s\u00e3o calcinadas com tr\u00eas temperaturas diferentes: 350\u00ba, 500\u00ba e 900\u00ba C. A escolha das temperaturas \u00e9 relevante, no sentido de se obter diferentes n\u00edveis de resist\u00eancia, branda, m\u00e9dia e alta, respectivamente. Considerando que cada ensaio slake durability utiliza dez part\u00edculas e que s\u00e3o necess\u00e1rias tr\u00eas repeti\u00e7\u00f5es do ensaio para se obter um valor m\u00e9dio representativo, foram ensaiadas um total de 900 part\u00edculas. A avalia\u00e7\u00e3o do desgaste \u00e9 feita atrav\u00e9s da perda de massa observada a cada ciclo de ensaio. A an\u00e1lise dos resultados obtidos permite a determina\u00e7\u00e3o de fatores de parametriza\u00e7\u00e3o do desgaste das part\u00edculas em fun\u00e7\u00e3o da forma. Isto possibilita a compara\u00e7\u00e3o dos resultados eliminando-se a interfer\u00eancia da forma das part\u00edculas nos resultados dos ensaios de desgaste slake durability para previs\u00e3o da durabilidade de cer\u00e2micas vermelhas.<\/p>\n","protected":false},"excerpt":{"rendered":"<p>Avalia\u00e7\u00e3o da forma de part\u00edculas no slake durabiliity test para avalia\u00e7\u00e3o da durabilidade de materais cer\u00e2micos. Professor: Paulo C\u00e9sar Maia&#8230;<\/p>\n","protected":false},"author":8,"featured_media":0,"parent":274,"menu_order":24,"comment_status":"open","ping_status":"open","template":"","meta":{"footnotes":""},"class_list":["post-324","page","type-page","status-publish","hentry"],"_links":{"self":[{"href":"https:\/\/uenf.br\/cct\/leciv\/wp-json\/wp\/v2\/pages\/324","targetHints":{"allow":["GET"]}}],"collection":[{"href":"https:\/\/uenf.br\/cct\/leciv\/wp-json\/wp\/v2\/pages"}],"about":[{"href":"https:\/\/uenf.br\/cct\/leciv\/wp-json\/wp\/v2\/types\/page"}],"author":[{"embeddable":true,"href":"https:\/\/uenf.br\/cct\/leciv\/wp-json\/wp\/v2\/users\/8"}],"replies":[{"embeddable":true,"href":"https:\/\/uenf.br\/cct\/leciv\/wp-json\/wp\/v2\/comments?post=324"}],"version-history":[{"count":0,"href":"https:\/\/uenf.br\/cct\/leciv\/wp-json\/wp\/v2\/pages\/324\/revisions"}],"up":[{"embeddable":true,"href":"https:\/\/uenf.br\/cct\/leciv\/wp-json\/wp\/v2\/pages\/274"}],"wp:attachment":[{"href":"https:\/\/uenf.br\/cct\/leciv\/wp-json\/wp\/v2\/media?parent=324"}],"curies":[{"name":"wp","href":"https:\/\/api.w.org\/{rel}","templated":true}]}}