{"id":326,"date":"2014-12-15T11:50:13","date_gmt":"2014-12-15T11:50:13","guid":{"rendered":"http:\/\/uenf.br\/cct\/leciv\/?page_id=326"},"modified":"2015-11-13T19:42:58","modified_gmt":"2015-11-13T19:42:58","slug":"rodrigo-de-brito-antunes","status":"publish","type":"page","link":"https:\/\/uenf.br\/cct\/leciv\/graduacao\/projetos-de-iniciacao-cientifica\/rodrigo-de-brito-antunes\/","title":{"rendered":"Rodrigo de Brito Antunes"},"content":{"rendered":"<p><strong>Avalia\u00e7\u00e3o da Intera\u00e7\u00e3o Solo-Estrutura atrav\u00e9s de Controles de Recalque.<br \/>\n<\/strong><br \/>\n<em>Professor:<\/em> Paulo C\u00e9sar Maia<br \/>\n<em>Resumo:<\/em> O trabalho pretende avaliar a intera\u00e7\u00e3o solo-estrutura de edifica\u00e7\u00f5es na Regi\u00e3o de Campos dos Goytacazes atrav\u00e9s de controles de recalques das funda\u00e7\u00f5es. Isto possibilita a compreens\u00e3o do desempenho dos elementos constituintes da edifica\u00e7\u00e3o devido aos recalques das funda\u00e7\u00f5es. O trabalho visa, tamb\u00e9m, a cria\u00e7\u00e3o de um banco de dados sobre recalques em edifica\u00e7\u00f5es que possam contribuir para o melhoramento de aspectos construtivos na Regi\u00e3o de Campos dos Goytacazes. Destaca-se que nesta Regi\u00e3o o subsolo \u00e9 caracterizado por dep\u00f3sitos aluviais constitu\u00eddos por solos moles ou fofos. Particularmente, ser\u00e1 desenvolvido o controle de recalques de um edif\u00edcio residencial em fase inicial de constru\u00e7\u00e3o. Ressalta-se que as funda\u00e7\u00f5es do edif\u00edcio s\u00e3o em estaca h\u00e9lice cont\u00ednua. Neste caso de estudo, o controle de recalques ser\u00e1 feito at\u00e9 o final da constru\u00e7\u00e3o da obra. A an\u00e1lise da distribui\u00e7\u00e3o de tens\u00f5es e deforma\u00e7\u00f5es na estrutura ser\u00e1 feita atrav\u00e9s de modelo num\u00e9rico do edif\u00edcio em tr\u00eas dimens\u00f5es.<\/p>\n","protected":false},"excerpt":{"rendered":"<p>Avalia\u00e7\u00e3o da Intera\u00e7\u00e3o Solo-Estrutura atrav\u00e9s de Controles de Recalque. Professor: Paulo C\u00e9sar Maia Resumo: O trabalho pretende avaliar a intera\u00e7\u00e3o&#8230;<\/p>\n","protected":false},"author":8,"featured_media":0,"parent":274,"menu_order":25,"comment_status":"open","ping_status":"open","template":"","meta":{"footnotes":""},"class_list":["post-326","page","type-page","status-publish","hentry"],"_links":{"self":[{"href":"https:\/\/uenf.br\/cct\/leciv\/wp-json\/wp\/v2\/pages\/326","targetHints":{"allow":["GET"]}}],"collection":[{"href":"https:\/\/uenf.br\/cct\/leciv\/wp-json\/wp\/v2\/pages"}],"about":[{"href":"https:\/\/uenf.br\/cct\/leciv\/wp-json\/wp\/v2\/types\/page"}],"author":[{"embeddable":true,"href":"https:\/\/uenf.br\/cct\/leciv\/wp-json\/wp\/v2\/users\/8"}],"replies":[{"embeddable":true,"href":"https:\/\/uenf.br\/cct\/leciv\/wp-json\/wp\/v2\/comments?post=326"}],"version-history":[{"count":0,"href":"https:\/\/uenf.br\/cct\/leciv\/wp-json\/wp\/v2\/pages\/326\/revisions"}],"up":[{"embeddable":true,"href":"https:\/\/uenf.br\/cct\/leciv\/wp-json\/wp\/v2\/pages\/274"}],"wp:attachment":[{"href":"https:\/\/uenf.br\/cct\/leciv\/wp-json\/wp\/v2\/media?parent=326"}],"curies":[{"name":"wp","href":"https:\/\/api.w.org\/{rel}","templated":true}]}}