{"id":33,"date":"2014-12-10T12:36:29","date_gmt":"2014-12-10T12:36:29","guid":{"rendered":"http:\/\/uenf.br\/cct\/leciv\/?page_id=33"},"modified":"2018-08-01T21:41:48","modified_gmt":"2018-08-01T21:41:48","slug":"graduacao","status":"publish","type":"page","link":"https:\/\/uenf.br\/cct\/leciv\/graduacao\/","title":{"rendered":"Gradua\u00e7\u00e3o"},"content":{"rendered":"<p>&nbsp;<\/p>\n<ul>\n<li class=\"page_item page-item-92\"><a href=\"http:\/\/uenf.br\/cct\/leciv\/graduacao\/apresentacao-2\/\">Apresenta\u00e7\u00e3o<\/a><\/li>\n<li class=\"page_item page-item-35\"><a href=\"http:\/\/uenf.br\/cct\/leciv\/graduacao\/regimento-graduacao-uenf\/\">Regimento Gradua\u00e7\u00e3o Uenf<\/a><\/li>\n<li class=\"page_item page-item-98\"><a href=\"http:\/\/uenf.br\/cct\/leciv\/graduacao\/contato\/\">Contato<\/a><\/li>\n<li class=\"page_item page-item-101\"><a href=\"http:\/\/uenf.br\/cct\/leciv\/graduacao\/grade-curricular-do-curso\/\">Grade Curricular do Curso<\/a><\/li>\n<li class=\"page_item page-item-103\"><a href=\"http:\/\/uenf.br\/cct\/leciv\/graduacao\/coordenacao\/\">Coordena\u00e7\u00e3o<\/a><\/li>\n<li><a href=\"http:\/\/uenf.br\/cct\/leciv\/graduacao\/horario-2017-01\/\">Hor\u00e1rios 2017.02 e 2018.02<\/a><\/li>\n<li class=\"page_item page-item-108\"><a href=\"http:\/\/uenf.br\/cct\/leciv\/graduacao\/projeto-pedagogico\/\">Projeto Pedag\u00f3gico<\/a><\/li>\n<li class=\"page_item page-item-111\"><a href=\"http:\/\/uenf.br\/cct\/leciv\/graduacao\/eenge-15\/\">EENGE <\/a><\/li>\n<li class=\"page_item page-item-115 page_item_has_children\"><a href=\"http:\/\/uenf.br\/cct\/leciv\/graduacao\/ementario-das-disciplinas\/\">Ement\u00e1rio das disciplinas<\/a><\/li>\n<li class=\"page_item page-item-235 page_item_has_children\"><a href=\"http:\/\/uenf.br\/cct\/leciv\/graduacao\/iniciacao-cientifica\/\">Inicia\u00e7\u00e3o Cient\u00edfica<\/a><\/li>\n<li class=\"page_item page-item-235 page_item_has_children\"><a href=\"http:\/\/uenf.br\/cct\/leciv\/graduacao\/projetos-de-iniciacao-cientifica\/\">Projetos de Inicia\u00e7\u00e3o Cient\u00edfica<\/a><\/li>\n<li class=\"page_item page-item-344\"><a href=\"http:\/\/uenf.br\/cct\/leciv\/graduacao\/normas-para-projeto-final\/\">Normas para Projeto Final<\/a><\/li>\n<li class=\"page_item page-item-347\"><a href=\"http:\/\/uenf.br\/cct\/leciv\/graduacao\/projeto-final-formularios-para-proposta-e-avaliacao\/\">Projeto Final \u2013 Formul\u00e1rios para proposta e avalia\u00e7\u00e3o<\/a><\/li>\n<li class=\"page_item page-item-350 page_item_has_children\"><a href=\"http:\/\/uenf.br\/cct\/leciv\/graduacao\/projetos-finais\/\">Projetos Finais Conclu\u00eddos<\/a><\/li>\n<li class=\"page_item page-item-497\"><a href=\"http:\/\/uenf.br\/cct\/leciv\/graduacao\/calendario-academico\/\">Calend\u00e1rio Acad\u00eamico<\/a><\/li>\n<li class=\"page_item page-item-499\"><a href=\"http:\/\/uenf.br\/cct\/leciv\/graduacao\/estagio-supervisionado\/\">Est\u00e1gio Supervisionado<\/a><\/li>\n<li class=\"page_item page-item-499\"><a href=\"http:\/\/uenf.br\/cct\/leciv\/graduacao\/espaco-do-estudante\/\">Espa\u00e7o do Estudante<\/a><\/li>\n<\/ul>\n<p>&nbsp;<\/p>\n","protected":false},"excerpt":{"rendered":"<p>&nbsp; Apresenta\u00e7\u00e3o Regimento Gradua\u00e7\u00e3o Uenf Contato Grade Curricular do Curso Coordena\u00e7\u00e3o Hor\u00e1rios 2017.02 e 2018.02 Projeto Pedag\u00f3gico EENGE Ement\u00e1rio das&#8230;<\/p>\n","protected":false},"author":8,"featured_media":0,"parent":0,"menu_order":2,"comment_status":"open","ping_status":"open","template":"","meta":{"footnotes":""},"class_list":["post-33","page","type-page","status-publish","hentry"],"_links":{"self":[{"href":"https:\/\/uenf.br\/cct\/leciv\/wp-json\/wp\/v2\/pages\/33","targetHints":{"allow":["GET"]}}],"collection":[{"href":"https:\/\/uenf.br\/cct\/leciv\/wp-json\/wp\/v2\/pages"}],"about":[{"href":"https:\/\/uenf.br\/cct\/leciv\/wp-json\/wp\/v2\/types\/page"}],"author":[{"embeddable":true,"href":"https:\/\/uenf.br\/cct\/leciv\/wp-json\/wp\/v2\/users\/8"}],"replies":[{"embeddable":true,"href":"https:\/\/uenf.br\/cct\/leciv\/wp-json\/wp\/v2\/comments?post=33"}],"version-history":[{"count":0,"href":"https:\/\/uenf.br\/cct\/leciv\/wp-json\/wp\/v2\/pages\/33\/revisions"}],"wp:attachment":[{"href":"https:\/\/uenf.br\/cct\/leciv\/wp-json\/wp\/v2\/media?parent=33"}],"curies":[{"name":"wp","href":"https:\/\/api.w.org\/{rel}","templated":true}]}}