{"id":336,"date":"2014-12-15T11:53:10","date_gmt":"2014-12-15T11:53:10","guid":{"rendered":"http:\/\/uenf.br\/cct\/leciv\/?page_id=336"},"modified":"2015-11-16T19:22:37","modified_gmt":"2015-11-16T19:22:37","slug":"augusto-antunes-dos-santos-3","status":"publish","type":"page","link":"https:\/\/uenf.br\/cct\/leciv\/graduacao\/projetos-de-iniciacao-cientifica\/augusto-antunes-dos-santos-3\/","title":{"rendered":"Augusto Antunes dos Santos"},"content":{"rendered":"<p><strong>Uma metodologia de an\u00e1lise limite para determina\u00e7\u00e3o do colapso estrutural.<\/strong><\/p>\n<p><em>Professor:<\/em> Gines Arturo Santos Falcon<br \/>\n<em>Resumo:<\/em> Neste trabalho \u00e9 estudado o problema de colapso de estruturas de barras bem como a identifica\u00e7\u00e3o dos Mecanismos de Colapso. O estudo objetiva definir estruturas mais eficientes, que aproveitem racionalmente as caracter\u00edsticas mec\u00e2nicas de seus elementos constitutivos. S\u00e3o implementados c\u00f3digos computacionais em MATLAB para An\u00e1lise Estrutural, para determina\u00e7\u00e3o da carga que aplicada proporcionalmente a uma estrutura leva a mesma ao colapso (An\u00e1lise Limite) e para identifica\u00e7\u00e3o dos modos de colapso.<\/p>\n","protected":false},"excerpt":{"rendered":"<p>Uma metodologia de an\u00e1lise limite para determina\u00e7\u00e3o do colapso estrutural. Professor: Gines Arturo Santos Falcon Resumo: Neste trabalho \u00e9 estudado&#8230;<\/p>\n","protected":false},"author":8,"featured_media":0,"parent":274,"menu_order":30,"comment_status":"open","ping_status":"open","template":"","meta":{"footnotes":""},"class_list":["post-336","page","type-page","status-publish","hentry"],"_links":{"self":[{"href":"https:\/\/uenf.br\/cct\/leciv\/wp-json\/wp\/v2\/pages\/336","targetHints":{"allow":["GET"]}}],"collection":[{"href":"https:\/\/uenf.br\/cct\/leciv\/wp-json\/wp\/v2\/pages"}],"about":[{"href":"https:\/\/uenf.br\/cct\/leciv\/wp-json\/wp\/v2\/types\/page"}],"author":[{"embeddable":true,"href":"https:\/\/uenf.br\/cct\/leciv\/wp-json\/wp\/v2\/users\/8"}],"replies":[{"embeddable":true,"href":"https:\/\/uenf.br\/cct\/leciv\/wp-json\/wp\/v2\/comments?post=336"}],"version-history":[{"count":0,"href":"https:\/\/uenf.br\/cct\/leciv\/wp-json\/wp\/v2\/pages\/336\/revisions"}],"up":[{"embeddable":true,"href":"https:\/\/uenf.br\/cct\/leciv\/wp-json\/wp\/v2\/pages\/274"}],"wp:attachment":[{"href":"https:\/\/uenf.br\/cct\/leciv\/wp-json\/wp\/v2\/media?parent=336"}],"curies":[{"name":"wp","href":"https:\/\/api.w.org\/{rel}","templated":true}]}}