{"id":338,"date":"2014-12-15T11:54:16","date_gmt":"2014-12-15T11:54:16","guid":{"rendered":"http:\/\/uenf.br\/cct\/leciv\/?page_id=338"},"modified":"2016-11-29T11:58:25","modified_gmt":"2016-11-29T11:58:25","slug":"camila-aparecida-abelha-rocha","status":"publish","type":"page","link":"https:\/\/uenf.br\/cct\/leciv\/graduacao\/projetos-de-iniciacao-cientifica\/camila-aparecida-abelha-rocha\/","title":{"rendered":"Camila Aparecida Abelha Rocha"},"content":{"rendered":"<p><strong>Ensaios para a dosagem de argamassa contendo alto teor de incorpora\u00e7\u00e3o de res\u00edduo industrial.<\/strong><\/p>\n<p><em>Professor:<\/em> Jean Marie D\u00e9sir<br \/>\n<em>Resumo:<\/em> No \u00e2mbito do sub-projeto \u201cCaracteriza\u00e7\u00e3o e dosagem de res\u00edduos s\u00f3lidos da regi\u00e3o Norte Fluminense para uso na Engenharia Civil\u201d prop\u00f5e-se como atividade \u00e0 bolsista de inicia\u00e7\u00e3o cient\u00edfica Camila Aparecida Abelha Rocha, executar ensaios tecnol\u00f3gicos em argamassas contendo alto teor de s\u00f3lidos finos de pedra Miracema\/pedra madeira ou res\u00edduos de tijolos mo\u00eddos, visando sua incorpora\u00e7\u00e3o na produ\u00e7\u00e3o de argamassas com o objetivo de desenvolvimento de uma argamassa mais competitiva em rela\u00e7\u00e3o \u00e0s encontradas no mercado. O plano de trabalho consiste na continua\u00e7\u00e3o de um programa de ensaios e d\u00e1 prosseguimento aos ensaios previamente realizados na substitui\u00e7\u00e3o da cal (substitui\u00e7\u00e3o da cal em 50%, 75% e 100%) pelo res\u00edduo. Indicam-se novos teores de substitui\u00e7\u00e3o: 150, 200 e 250% para a argamassa de assentamento e 200, 300 e 400% para a argamassa de revestimento.<\/p>\n","protected":false},"excerpt":{"rendered":"<p>Ensaios para a dosagem de argamassa contendo alto teor de incorpora\u00e7\u00e3o de res\u00edduo industrial. Professor: Jean Marie D\u00e9sir Resumo: No&#8230;<\/p>\n","protected":false},"author":8,"featured_media":0,"parent":274,"menu_order":31,"comment_status":"open","ping_status":"open","template":"","meta":{"footnotes":""},"class_list":["post-338","page","type-page","status-publish","hentry"],"_links":{"self":[{"href":"https:\/\/uenf.br\/cct\/leciv\/wp-json\/wp\/v2\/pages\/338","targetHints":{"allow":["GET"]}}],"collection":[{"href":"https:\/\/uenf.br\/cct\/leciv\/wp-json\/wp\/v2\/pages"}],"about":[{"href":"https:\/\/uenf.br\/cct\/leciv\/wp-json\/wp\/v2\/types\/page"}],"author":[{"embeddable":true,"href":"https:\/\/uenf.br\/cct\/leciv\/wp-json\/wp\/v2\/users\/8"}],"replies":[{"embeddable":true,"href":"https:\/\/uenf.br\/cct\/leciv\/wp-json\/wp\/v2\/comments?post=338"}],"version-history":[{"count":0,"href":"https:\/\/uenf.br\/cct\/leciv\/wp-json\/wp\/v2\/pages\/338\/revisions"}],"up":[{"embeddable":true,"href":"https:\/\/uenf.br\/cct\/leciv\/wp-json\/wp\/v2\/pages\/274"}],"wp:attachment":[{"href":"https:\/\/uenf.br\/cct\/leciv\/wp-json\/wp\/v2\/media?parent=338"}],"curies":[{"name":"wp","href":"https:\/\/api.w.org\/{rel}","templated":true}]}}