{"id":340,"date":"2014-12-15T11:54:39","date_gmt":"2014-12-15T11:54:39","guid":{"rendered":"http:\/\/uenf.br\/cct\/leciv\/?page_id=340"},"modified":"2015-11-16T19:23:57","modified_gmt":"2015-11-16T19:23:57","slug":"rennan-feres-valinho","status":"publish","type":"page","link":"https:\/\/uenf.br\/cct\/leciv\/graduacao\/projetos-de-iniciacao-cientifica\/rennan-feres-valinho\/","title":{"rendered":"Rennan Feres Valinho"},"content":{"rendered":"<p><strong>Durabilidade de Geossint\u00e9ticos.<br \/>\n<\/strong><br \/>\n<em>Professor:<\/em> Paulo C\u00e9sar Maia<br \/>\n<em>Resumo:<\/em> Este Projeto tem por objetivo avaliar as transforma\u00e7\u00f5es sofridas pelos geossint\u00e9ticos tecidos, constitu\u00eddos de polipropileno, utilizados na Constru\u00e7\u00e3o Civil, provocadas pela exposi\u00e7\u00e3o ao meio. O resultado deste trabalho pretende fornecer dados referentes \u00e0s poss\u00edveis modifica\u00e7\u00f5es que os materiais sofrem devido \u00e0 altera\u00e7\u00e3o. E, atrav\u00e9s destes resultados, pretende-se prever o comportamento a longo prazo dos materiais estudados.<\/p>\n","protected":false},"excerpt":{"rendered":"<p>Durabilidade de Geossint\u00e9ticos. Professor: Paulo C\u00e9sar Maia Resumo: Este Projeto tem por objetivo avaliar as transforma\u00e7\u00f5es sofridas pelos geossint\u00e9ticos tecidos,&#8230;<\/p>\n","protected":false},"author":8,"featured_media":0,"parent":274,"menu_order":32,"comment_status":"open","ping_status":"open","template":"","meta":{"footnotes":""},"class_list":["post-340","page","type-page","status-publish","hentry"],"_links":{"self":[{"href":"https:\/\/uenf.br\/cct\/leciv\/wp-json\/wp\/v2\/pages\/340","targetHints":{"allow":["GET"]}}],"collection":[{"href":"https:\/\/uenf.br\/cct\/leciv\/wp-json\/wp\/v2\/pages"}],"about":[{"href":"https:\/\/uenf.br\/cct\/leciv\/wp-json\/wp\/v2\/types\/page"}],"author":[{"embeddable":true,"href":"https:\/\/uenf.br\/cct\/leciv\/wp-json\/wp\/v2\/users\/8"}],"replies":[{"embeddable":true,"href":"https:\/\/uenf.br\/cct\/leciv\/wp-json\/wp\/v2\/comments?post=340"}],"version-history":[{"count":0,"href":"https:\/\/uenf.br\/cct\/leciv\/wp-json\/wp\/v2\/pages\/340\/revisions"}],"up":[{"embeddable":true,"href":"https:\/\/uenf.br\/cct\/leciv\/wp-json\/wp\/v2\/pages\/274"}],"wp:attachment":[{"href":"https:\/\/uenf.br\/cct\/leciv\/wp-json\/wp\/v2\/media?parent=340"}],"curies":[{"name":"wp","href":"https:\/\/api.w.org\/{rel}","templated":true}]}}