{"id":350,"date":"2014-12-15T12:06:52","date_gmt":"2014-12-15T12:06:52","guid":{"rendered":"http:\/\/uenf.br\/cct\/leciv\/?page_id=350"},"modified":"2017-01-04T18:50:32","modified_gmt":"2017-01-04T18:50:32","slug":"projetos-finais","status":"publish","type":"page","link":"https:\/\/uenf.br\/cct\/leciv\/graduacao\/projetos-finais\/","title":{"rendered":"Projetos Finais Conclu\u00eddos"},"content":{"rendered":"<p>Nos links que seguem, voc\u00ea poder\u00e1 conferir alguns Projetos Finais.<\/p>\n<p><a href=\"http:\/\/uenf.br\/cct\/leciv\/graduacao\/projetos-finais\/2004-2\/\">2004<\/a><\/p>\n<p><a href=\"http:\/\/uenf.br\/cct\/leciv\/graduacao\/projetos-finais\/2005-2\/\">2005<\/a><\/p>\n<p><a href=\"http:\/\/uenf.br\/cct\/leciv\/graduacao\/projetos-finais\/2006-2\/\">2006<\/a><\/p>\n<p><a href=\"http:\/\/uenf.br\/cct\/leciv\/graduacao\/projetos-finais\/2007-2\/\">2007<\/a><\/p>\n<p><a href=\"http:\/\/uenf.br\/cct\/leciv\/graduacao\/projetos-finais\/2008-2\/\">2008<\/a><\/p>\n<p><a href=\"http:\/\/uenf.br\/cct\/leciv\/graduacao\/projetos-finais\/2011-2\/\">2011<\/a><\/p>\n<p><a href=\"http:\/\/uenf.br\/cct\/leciv\/graduacao\/projetos-finais\/2012-2\/\">2012<\/a><\/p>\n<p><a href=\"http:\/\/uenf.br\/cct\/leciv\/graduacao\/projetos-finais\/2013-2\/\">2013<\/a><\/p>\n<p><a href=\"http:\/\/uenf.br\/cct\/leciv\/graduacao\/projetos-finais\/2014-2\/\">2014<\/a><\/p>\n<p><a href=\"http:\/\/uenf.br\/cct\/leciv\/graduacao\/projetos-finais\/2015-2\/\">2015<\/a><\/p>\n<p><a href=\"http:\/\/uenf.br\/cct\/leciv\/graduacao\/projetos-finais\/2016-3\/\">2016<\/a><\/p>\n<p>&nbsp;<\/p>\n<p>&nbsp;<\/p>\n<p>&nbsp;<\/p>\n<p>&nbsp;<\/p>\n<p>&nbsp;<\/p>\n","protected":false},"excerpt":{"rendered":"<p>Nos links que seguem, voc\u00ea poder\u00e1 conferir alguns Projetos Finais. 2004 2005 2006 2007 2008 2011 2012 2013 2014 2015&#8230;<\/p>\n","protected":false},"author":8,"featured_media":0,"parent":33,"menu_order":14,"comment_status":"open","ping_status":"open","template":"","meta":{"footnotes":""},"class_list":["post-350","page","type-page","status-publish","hentry"],"_links":{"self":[{"href":"https:\/\/uenf.br\/cct\/leciv\/wp-json\/wp\/v2\/pages\/350","targetHints":{"allow":["GET"]}}],"collection":[{"href":"https:\/\/uenf.br\/cct\/leciv\/wp-json\/wp\/v2\/pages"}],"about":[{"href":"https:\/\/uenf.br\/cct\/leciv\/wp-json\/wp\/v2\/types\/page"}],"author":[{"embeddable":true,"href":"https:\/\/uenf.br\/cct\/leciv\/wp-json\/wp\/v2\/users\/8"}],"replies":[{"embeddable":true,"href":"https:\/\/uenf.br\/cct\/leciv\/wp-json\/wp\/v2\/comments?post=350"}],"version-history":[{"count":0,"href":"https:\/\/uenf.br\/cct\/leciv\/wp-json\/wp\/v2\/pages\/350\/revisions"}],"up":[{"embeddable":true,"href":"https:\/\/uenf.br\/cct\/leciv\/wp-json\/wp\/v2\/pages\/33"}],"wp:attachment":[{"href":"https:\/\/uenf.br\/cct\/leciv\/wp-json\/wp\/v2\/media?parent=350"}],"curies":[{"name":"wp","href":"https:\/\/api.w.org\/{rel}","templated":true}]}}