{"id":355,"date":"2014-12-15T12:13:12","date_gmt":"2014-12-15T12:13:12","guid":{"rendered":"http:\/\/uenf.br\/cct\/leciv\/?page_id=355"},"modified":"2016-01-12T16:33:38","modified_gmt":"2016-01-12T16:33:38","slug":"philipe-braga-andre-e-weverthon-vieira-beiral","status":"publish","type":"page","link":"https:\/\/uenf.br\/cct\/leciv\/graduacao\/projetos-finais\/philipe-braga-andre-e-weverthon-vieira-beiral\/","title":{"rendered":"Philipe Braga Andr\u00e9 e Weverthon Vieira Beiral"},"content":{"rendered":"<p><strong>Projeto de Dimensionamento de uma Biblioteca Central para o Campus Leonel Brizola da Universidade Estadual do Norte Fluminense Darcy Ribeiro<\/strong><\/p>\n<p><em>Orientador:<\/em><br \/>\nProfa. V\u00e2nia Jos\u00e9 Karam<br \/>\n<em>Coorientador:<br \/>\n<\/em>Eng\u00b0 Luiz Gabriel Sarmet M. Smiderle<br \/>\n<em>Comiss\u00e3o Examinadora:<\/em><br \/>\nProf. V\u00e2nia Jos\u00e9 Karam<br \/>\nEng\u00b0 Luiz Gabriel Sarmet M. Smiderle<br \/>\nProf. Sergio Luis Gonz\u00e1lez Garc\u00eda<br \/>\nEng\u00ba Roosevelt de Oliveira Batista<\/p>\n<p><em>Data da Defesa:<\/em> Dezembro de 2008<\/p>\n<p><em>Resumo:<\/em> Este trabalho tem por objetivo detalhar a an\u00e1lise e o dimensionamento, em concreto armado, de um edif\u00edcio de dois pavimentos situado no campus Leonel Brizola da Universidade Estadual do Norte Fluminense Darcy Ribeiro (UENF), no munic\u00edpio de Campos dos Goytacazes. Trata-se de um pr\u00e9dio da biblioteca central da UENF que tem como finalidade abrigar todo o acervo das bibliotecas setoriais hoje existentes na universidade e dispor de ambientes adequados ao estudo e produ\u00e7\u00e3o de conhecimento.<br \/>\nComo resultado da realiza\u00e7\u00e3o deste projeto, \u00e9 apresentado um memorial descritivo e um memorial de c\u00e1lculo de todo o processo de an\u00e1lise e dimensionamento estrutural, incluindo plantas e detalhamento tais como: detalhamento das lajes, vigas, pilares, escada, laje de rea\u00e7\u00e3o e funda\u00e7\u00e3o.<br \/>\nTamb\u00e9m \u00e9 discutida a elabora\u00e7\u00e3o de um projeto arquitet\u00f4nico. A descri\u00e7\u00e3o das etapas bem como os resultados (plantas baixas, cortes e fachadas) ser\u00e3o abordados no trabalho.<\/p>\n<p>&nbsp;<\/p>\n<p>&nbsp;<\/p>\n<p><a href=\"http:\/\/uenf.br\/cct\/leciv\/files\/2014\/12\/projeto_philipe_braga.pdf\">Download aqui!<\/a><\/p>\n","protected":false},"excerpt":{"rendered":"<p>Projeto de Dimensionamento de uma Biblioteca Central para o Campus Leonel Brizola da Universidade Estadual do Norte Fluminense Darcy Ribeiro&#8230;<\/p>\n","protected":false},"author":8,"featured_media":0,"parent":350,"menu_order":2,"comment_status":"open","ping_status":"open","template":"","meta":{"footnotes":""},"class_list":["post-355","page","type-page","status-publish","hentry"],"_links":{"self":[{"href":"https:\/\/uenf.br\/cct\/leciv\/wp-json\/wp\/v2\/pages\/355","targetHints":{"allow":["GET"]}}],"collection":[{"href":"https:\/\/uenf.br\/cct\/leciv\/wp-json\/wp\/v2\/pages"}],"about":[{"href":"https:\/\/uenf.br\/cct\/leciv\/wp-json\/wp\/v2\/types\/page"}],"author":[{"embeddable":true,"href":"https:\/\/uenf.br\/cct\/leciv\/wp-json\/wp\/v2\/users\/8"}],"replies":[{"embeddable":true,"href":"https:\/\/uenf.br\/cct\/leciv\/wp-json\/wp\/v2\/comments?post=355"}],"version-history":[{"count":0,"href":"https:\/\/uenf.br\/cct\/leciv\/wp-json\/wp\/v2\/pages\/355\/revisions"}],"up":[{"embeddable":true,"href":"https:\/\/uenf.br\/cct\/leciv\/wp-json\/wp\/v2\/pages\/350"}],"wp:attachment":[{"href":"https:\/\/uenf.br\/cct\/leciv\/wp-json\/wp\/v2\/media?parent=355"}],"curies":[{"name":"wp","href":"https:\/\/api.w.org\/{rel}","templated":true}]}}