{"id":358,"date":"2014-12-15T12:16:26","date_gmt":"2014-12-15T12:16:26","guid":{"rendered":"http:\/\/uenf.br\/cct\/leciv\/?page_id=358"},"modified":"2015-11-16T19:35:30","modified_gmt":"2015-11-16T19:35:30","slug":"isabel-valadao-crispim-priscila-alves-marques-fernandes-e-wagner-nogueira-sterck","status":"publish","type":"page","link":"https:\/\/uenf.br\/cct\/leciv\/graduacao\/projetos-finais\/isabel-valadao-crispim-priscila-alves-marques-fernandes-e-wagner-nogueira-sterck\/","title":{"rendered":"Isabel Valad\u00e3o Crispim, Priscila Alves Marques Fernandes e Wagner Nogueira Sterck"},"content":{"rendered":"<p><strong>Projeto Executivo da Rodovia RO-391 no Sub-Trecho entre o Entroncamento da BR-364 at\u00e9 a Estaca 500<\/strong><\/p>\n<p><em>Orientador:<\/em><br \/>\nProf. Paulo C\u00e9sar de Almeida Maia<br \/>\n<em>Co-orientador:<\/em><br \/>\nProf. Gustavo de Castro Xavier<br \/>\n<em>Comiss\u00e3o Examinadora:<\/em><br \/>\nProf. Rodrigo Martins Reis<br \/>\nProf. Gustavo Saad Terra<br \/>\nProf. Gustavo de Castro Xavier<br \/>\nProf. Paulo C\u00e9sar de Almeida Maia<\/p>\n<p><em>Data da Defesa:<\/em> Dezembro de 2008<\/p>\n<p><em>Resumo:<\/em> Este projeto tem como objetivo a elabora\u00e7\u00e3o do projeto executivo de uma rodovia no estado de Rond\u00f4nia. Atrav\u00e9s de estudos topogr\u00e1ficos; de tr\u00e1fego; geot\u00e9cnico e hidrol\u00f3gicos cedidos por uma construtora, partiu-se para o desenvolvimento dos projetos: geom\u00e9trico, de terraplanagem, de drenagem superficial, de pavimenta\u00e7\u00e3o e de sinaliza\u00e7\u00e3o em 10.000 metros da rodovia RO-391, sub-trecho entre RO-364 e o munic\u00edpio de Chupinguaia, da estaca 0 a 500. As estacas foram espa\u00e7adas de 20 em 20 metros.<br \/>\nO projeto ser\u00e1 constitu\u00eddo do detalhamento dos elementos projetados atrav\u00e9s de plantas com os projetos mencionados, bem como detalhes de todas as estacas por meio de suas se\u00e7\u00f5es transversais.<\/p>\n<p>&nbsp;<\/p>\n<p>&nbsp;<\/p>\n<p><a href=\"http:\/\/uenf.br\/cct\/leciv\/files\/2014\/12\/projeto_isabel_cristina_wagner.pdf\">Download aqui!<\/a><\/p>\n","protected":false},"excerpt":{"rendered":"<p>Projeto Executivo da Rodovia RO-391 no Sub-Trecho entre o Entroncamento da BR-364 at\u00e9 a Estaca 500 Orientador: Prof. Paulo C\u00e9sar&#8230;<\/p>\n","protected":false},"author":8,"featured_media":0,"parent":350,"menu_order":3,"comment_status":"open","ping_status":"open","template":"","meta":{"footnotes":""},"class_list":["post-358","page","type-page","status-publish","hentry"],"_links":{"self":[{"href":"https:\/\/uenf.br\/cct\/leciv\/wp-json\/wp\/v2\/pages\/358","targetHints":{"allow":["GET"]}}],"collection":[{"href":"https:\/\/uenf.br\/cct\/leciv\/wp-json\/wp\/v2\/pages"}],"about":[{"href":"https:\/\/uenf.br\/cct\/leciv\/wp-json\/wp\/v2\/types\/page"}],"author":[{"embeddable":true,"href":"https:\/\/uenf.br\/cct\/leciv\/wp-json\/wp\/v2\/users\/8"}],"replies":[{"embeddable":true,"href":"https:\/\/uenf.br\/cct\/leciv\/wp-json\/wp\/v2\/comments?post=358"}],"version-history":[{"count":0,"href":"https:\/\/uenf.br\/cct\/leciv\/wp-json\/wp\/v2\/pages\/358\/revisions"}],"up":[{"embeddable":true,"href":"https:\/\/uenf.br\/cct\/leciv\/wp-json\/wp\/v2\/pages\/350"}],"wp:attachment":[{"href":"https:\/\/uenf.br\/cct\/leciv\/wp-json\/wp\/v2\/media?parent=358"}],"curies":[{"name":"wp","href":"https:\/\/api.w.org\/{rel}","templated":true}]}}