{"id":361,"date":"2014-12-15T12:20:24","date_gmt":"2014-12-15T12:20:24","guid":{"rendered":"http:\/\/uenf.br\/cct\/leciv\/?page_id=361"},"modified":"2016-07-06T19:55:37","modified_gmt":"2016-07-06T19:55:37","slug":"prof-aldo-durand-farfan","status":"publish","type":"page","link":"https:\/\/uenf.br\/cct\/leciv\/apresentacao\/corpo-docente-2\/prof-aldo-durand-farfan\/","title":{"rendered":"Prof. Aldo Durand Farf\u00e1n"},"content":{"rendered":"<p><a href=\"http:\/\/uenf.br\/cct\/leciv\/files\/2014\/12\/Prof_Aldo_Durand.jpg\"><img loading=\"lazy\" decoding=\"async\" class=\"alignleft size-full wp-image-11\" src=\"http:\/\/uenf.br\/cct\/leciv\/files\/2014\/12\/Prof_Aldo_Durand.jpg\" alt=\"Professor Aldo_Durand\" width=\"250\" height=\"256\" srcset=\"https:\/\/uenf.br\/cct\/leciv\/files\/2014\/12\/Prof_Aldo_Durand.jpg 250w, https:\/\/uenf.br\/cct\/leciv\/files\/2014\/12\/Prof_Aldo_Durand-146x150.jpg 146w\" sizes=\"auto, (max-width: 250px) 100vw, 250px\" \/><\/a><\/p>\n<p align=\"justify\"><strong>Nome: <\/strong>Aldo Durand<br \/>\nDoutor em Engenharia Civil pela Pontif\u00edcia Universidade Cat\u00f3lica do Rio de Janeiro em 2000.<\/p>\n<p><strong>E-mail:<\/strong> <a href=\"mailto:aldo@uenf.br\">aldo@uenf.br<\/a><\/p>\n<p align=\"justify\"><strong>Setor:<\/strong> Geotecnia<br \/>\n<strong>\u00c1reas de Atua\u00e7\u00e3o:<br \/>\n<\/strong>&#8211; M\u00e9todos num\u00e9ricos aplicados \u00e0 geotecnia;<br \/>\n&#8211; Mec\u00e2nica das rochas;<br \/>\n&#8211; Mec\u00e2nica dos solos;<br \/>\n&#8211; Programa\u00e7\u00e3o matem\u00e1tica<\/p>\n<p align=\"justify\">\n<p>&nbsp;<\/p>\n","protected":false},"excerpt":{"rendered":"<p>Nome: Aldo Durand Doutor em Engenharia Civil pela Pontif\u00edcia Universidade Cat\u00f3lica do Rio de Janeiro em 2000. E-mail: aldo@uenf.br Setor:&#8230;<\/p>\n","protected":false},"author":8,"featured_media":0,"parent":66,"menu_order":1,"comment_status":"open","ping_status":"open","template":"","meta":{"footnotes":""},"class_list":["post-361","page","type-page","status-publish","hentry"],"_links":{"self":[{"href":"https:\/\/uenf.br\/cct\/leciv\/wp-json\/wp\/v2\/pages\/361","targetHints":{"allow":["GET"]}}],"collection":[{"href":"https:\/\/uenf.br\/cct\/leciv\/wp-json\/wp\/v2\/pages"}],"about":[{"href":"https:\/\/uenf.br\/cct\/leciv\/wp-json\/wp\/v2\/types\/page"}],"author":[{"embeddable":true,"href":"https:\/\/uenf.br\/cct\/leciv\/wp-json\/wp\/v2\/users\/8"}],"replies":[{"embeddable":true,"href":"https:\/\/uenf.br\/cct\/leciv\/wp-json\/wp\/v2\/comments?post=361"}],"version-history":[{"count":0,"href":"https:\/\/uenf.br\/cct\/leciv\/wp-json\/wp\/v2\/pages\/361\/revisions"}],"up":[{"embeddable":true,"href":"https:\/\/uenf.br\/cct\/leciv\/wp-json\/wp\/v2\/pages\/66"}],"wp:attachment":[{"href":"https:\/\/uenf.br\/cct\/leciv\/wp-json\/wp\/v2\/media?parent=361"}],"curies":[{"name":"wp","href":"https:\/\/api.w.org\/{rel}","templated":true}]}}