{"id":366,"date":"2014-12-15T12:24:54","date_gmt":"2014-12-15T12:24:54","guid":{"rendered":"http:\/\/uenf.br\/cct\/leciv\/?page_id=366"},"modified":"2016-07-11T21:45:35","modified_gmt":"2016-07-11T21:45:35","slug":"prof-fernando-saboya-albuquerque-jr","status":"publish","type":"page","link":"https:\/\/uenf.br\/cct\/leciv\/apresentacao\/corpo-docente-2\/prof-fernando-saboya-albuquerque-jr\/","title":{"rendered":"Prof. Fernando Saboya Albuquerque Jr."},"content":{"rendered":"<p><a href=\"http:\/\/uenf.br\/cct\/leciv\/files\/2014\/12\/Prof.-Fernando-Saboya.jpg\"><img loading=\"lazy\" decoding=\"async\" class=\"alignleft size-full wp-image-365\" src=\"http:\/\/uenf.br\/cct\/leciv\/files\/2014\/12\/Prof.-Fernando-Saboya.jpg\" alt=\"Prof. Fernando Saboya\" width=\"250\" height=\"256\" srcset=\"https:\/\/uenf.br\/cct\/leciv\/files\/2014\/12\/Prof.-Fernando-Saboya.jpg 250w, https:\/\/uenf.br\/cct\/leciv\/files\/2014\/12\/Prof.-Fernando-Saboya-146x150.jpg 146w\" sizes=\"auto, (max-width: 250px) 100vw, 250px\" \/><\/a><\/p>\n<p align=\"justify\"><strong>Nome:<\/strong> Fernando Saboya<br \/>\nDoutor em Engenharia Civil pela Pontif\u00edcia Universidade Cat\u00f3lica do Rio de Janeiro em 1993.<\/p>\n<p><strong>E-mail:<\/strong> <a href=\"mailto:saboya@uenf.br\">saboya@uenf.br<\/p>\n<p><\/a><strong>Setor:<\/strong> Geotecnia<br \/>\n<strong>\u00c1reas de Atua\u00e7\u00e3o:<\/strong><br \/>\n&#8211; Comportamento de Solos;<br \/>\n&#8211; Estruturas de Conten\u00e7\u00e3o e Funda\u00e7\u00f5es;<br \/>\n&#8211; Barragem de Terra e Enrocamento;<br \/>\n&#8211; Durabilidade de Materiais Geot\u00e9cnicos.<\/p>\n<p align=\"justify\">\n","protected":false},"excerpt":{"rendered":"<p>Nome: Fernando Saboya Doutor em Engenharia Civil pela Pontif\u00edcia Universidade Cat\u00f3lica do Rio de Janeiro em 1993. E-mail: saboya@uenf.br Setor:&#8230;<\/p>\n","protected":false},"author":8,"featured_media":0,"parent":66,"menu_order":3,"comment_status":"open","ping_status":"open","template":"","meta":{"footnotes":""},"class_list":["post-366","page","type-page","status-publish","hentry"],"_links":{"self":[{"href":"https:\/\/uenf.br\/cct\/leciv\/wp-json\/wp\/v2\/pages\/366","targetHints":{"allow":["GET"]}}],"collection":[{"href":"https:\/\/uenf.br\/cct\/leciv\/wp-json\/wp\/v2\/pages"}],"about":[{"href":"https:\/\/uenf.br\/cct\/leciv\/wp-json\/wp\/v2\/types\/page"}],"author":[{"embeddable":true,"href":"https:\/\/uenf.br\/cct\/leciv\/wp-json\/wp\/v2\/users\/8"}],"replies":[{"embeddable":true,"href":"https:\/\/uenf.br\/cct\/leciv\/wp-json\/wp\/v2\/comments?post=366"}],"version-history":[{"count":0,"href":"https:\/\/uenf.br\/cct\/leciv\/wp-json\/wp\/v2\/pages\/366\/revisions"}],"up":[{"embeddable":true,"href":"https:\/\/uenf.br\/cct\/leciv\/wp-json\/wp\/v2\/pages\/66"}],"wp:attachment":[{"href":"https:\/\/uenf.br\/cct\/leciv\/wp-json\/wp\/v2\/media?parent=366"}],"curies":[{"name":"wp","href":"https:\/\/api.w.org\/{rel}","templated":true}]}}