{"id":368,"date":"2014-12-15T12:28:03","date_gmt":"2014-12-15T12:28:03","guid":{"rendered":"http:\/\/uenf.br\/cct\/leciv\/?page_id=368"},"modified":"2016-07-06T19:57:22","modified_gmt":"2016-07-06T19:57:22","slug":"prof-gines-arturo-santos-falcon","status":"publish","type":"page","link":"https:\/\/uenf.br\/cct\/leciv\/apresentacao\/corpo-docente-2\/prof-gines-arturo-santos-falcon\/","title":{"rendered":"Prof. Gines Arturo Santos Falc\u00f3n"},"content":{"rendered":"<p><a href=\"http:\/\/uenf.br\/cct\/leciv\/files\/2014\/12\/Prof.-Gines-Arturo.jpg\"><img loading=\"lazy\" decoding=\"async\" class=\"alignleft size-full wp-image-369\" src=\"http:\/\/uenf.br\/cct\/leciv\/files\/2014\/12\/Prof.-Gines-Arturo.jpg\" alt=\"Prof Gines Arturo.JPG\" width=\"300\" height=\"300\" srcset=\"https:\/\/uenf.br\/cct\/leciv\/files\/2014\/12\/Prof.-Gines-Arturo.jpg 300w, https:\/\/uenf.br\/cct\/leciv\/files\/2014\/12\/Prof.-Gines-Arturo-150x150.jpg 150w\" sizes=\"auto, (max-width: 300px) 100vw, 300px\" \/><\/a><\/p>\n<p align=\"justify\"><strong>Nome:<\/strong> Gines Arturo<br \/>\nDoutor em Mec\u00e2nica dos S\u00f3lidos pela COPPE, Universidade Federal do Rio de Janeiro em 1996.<\/p>\n<p><strong>E-mail:<\/strong> <a href=\"mailto:gines@uenf.br\">gines@uenf.br<\/a><\/p>\n<p align=\"justify\"><strong>Setor:<\/strong> Estruturas<br \/>\n<strong>\u00c1reas de Atua\u00e7\u00e3o:<\/strong><br \/>\n&#8211; Otimiza\u00e7\u00e3o Estrutural;<br \/>\n&#8211; M\u00e9todos Num\u00e9ricos em Engenharia;<br \/>\n&#8211; An\u00e1lise Estrutural;<br \/>\n&#8211; Estruturas de A\u00e7o.<\/p>\n<p>&nbsp;<\/p>\n<p>&nbsp;<\/p>\n","protected":false},"excerpt":{"rendered":"<p>Nome: Gines Arturo Doutor em Mec\u00e2nica dos S\u00f3lidos pela COPPE, Universidade Federal do Rio de Janeiro em 1996. E-mail: gines@uenf.br&#8230;<\/p>\n","protected":false},"author":8,"featured_media":0,"parent":66,"menu_order":4,"comment_status":"open","ping_status":"open","template":"","meta":{"footnotes":""},"class_list":["post-368","page","type-page","status-publish","hentry"],"_links":{"self":[{"href":"https:\/\/uenf.br\/cct\/leciv\/wp-json\/wp\/v2\/pages\/368","targetHints":{"allow":["GET"]}}],"collection":[{"href":"https:\/\/uenf.br\/cct\/leciv\/wp-json\/wp\/v2\/pages"}],"about":[{"href":"https:\/\/uenf.br\/cct\/leciv\/wp-json\/wp\/v2\/types\/page"}],"author":[{"embeddable":true,"href":"https:\/\/uenf.br\/cct\/leciv\/wp-json\/wp\/v2\/users\/8"}],"replies":[{"embeddable":true,"href":"https:\/\/uenf.br\/cct\/leciv\/wp-json\/wp\/v2\/comments?post=368"}],"version-history":[{"count":0,"href":"https:\/\/uenf.br\/cct\/leciv\/wp-json\/wp\/v2\/pages\/368\/revisions"}],"up":[{"embeddable":true,"href":"https:\/\/uenf.br\/cct\/leciv\/wp-json\/wp\/v2\/pages\/66"}],"wp:attachment":[{"href":"https:\/\/uenf.br\/cct\/leciv\/wp-json\/wp\/v2\/media?parent=368"}],"curies":[{"name":"wp","href":"https:\/\/api.w.org\/{rel}","templated":true}]}}