{"id":371,"date":"2014-12-15T12:43:33","date_gmt":"2014-12-15T12:43:33","guid":{"rendered":"http:\/\/uenf.br\/cct\/leciv\/?page_id=371"},"modified":"2016-07-06T19:58:18","modified_gmt":"2016-07-06T19:58:18","slug":"prof-guilherme-chagas-cordeiro","status":"publish","type":"page","link":"https:\/\/uenf.br\/cct\/leciv\/apresentacao\/corpo-docente-2\/prof-guilherme-chagas-cordeiro\/","title":{"rendered":"Prof. Guilherme Chagas Cordeiro"},"content":{"rendered":"<p><a href=\"http:\/\/uenf.br\/cct\/leciv\/files\/2014\/12\/foto-Prof.-Guilherme.jpg\"><img loading=\"lazy\" decoding=\"async\" class=\"alignleft wp-image-2462 \" src=\"http:\/\/uenf.br\/cct\/leciv\/files\/2014\/12\/foto-Prof.-Guilherme.jpg\" alt=\"\" width=\"214\" height=\"269\" \/><\/a><\/p>\n<p align=\"justify\"><strong>Nome: <\/strong>Guilherme Chagas Cordeiro<br \/>\nDoutor em Engenharia Civil pelo Instituto Alberto Luiz Coimbra de P\u00f3s-Gradua\u00e7\u00e3o e Pesquisa em Engenharia da Universidade Federal do Rio de Janeiro (COPPE\/UFRJ) em 2006.<br \/>\n<strong><br \/>\nE-mail: <\/strong><a href=\"mailto:gcc@uenf.br\">gcc@uenf.br<\/a><\/p>\n<p align=\"justify\"><strong>Setor: <\/strong>Estruturas<br \/>\n<strong>\u00c1rea de Atua\u00e7\u00e3o:<br \/>\n<\/strong>-Materiais Pozol\u00e2nicos;<br \/>\n-Materias de Constru\u00e7\u00e3o;<br \/>\n-Concreto Para Desenvolvimento Sustent\u00e1vel;<br \/>\n-Tratamento de Min\u00e9rios &#8211; Moagem.<\/p>\n<p align=\"justify\">\n<p align=\"justify\">\n","protected":false},"excerpt":{"rendered":"<p>Nome: Guilherme Chagas Cordeiro Doutor em Engenharia Civil pelo Instituto Alberto Luiz Coimbra de P\u00f3s-Gradua\u00e7\u00e3o e Pesquisa em Engenharia da&#8230;<\/p>\n","protected":false},"author":8,"featured_media":0,"parent":66,"menu_order":5,"comment_status":"open","ping_status":"open","template":"","meta":{"footnotes":""},"class_list":["post-371","page","type-page","status-publish","hentry"],"_links":{"self":[{"href":"https:\/\/uenf.br\/cct\/leciv\/wp-json\/wp\/v2\/pages\/371","targetHints":{"allow":["GET"]}}],"collection":[{"href":"https:\/\/uenf.br\/cct\/leciv\/wp-json\/wp\/v2\/pages"}],"about":[{"href":"https:\/\/uenf.br\/cct\/leciv\/wp-json\/wp\/v2\/types\/page"}],"author":[{"embeddable":true,"href":"https:\/\/uenf.br\/cct\/leciv\/wp-json\/wp\/v2\/users\/8"}],"replies":[{"embeddable":true,"href":"https:\/\/uenf.br\/cct\/leciv\/wp-json\/wp\/v2\/comments?post=371"}],"version-history":[{"count":0,"href":"https:\/\/uenf.br\/cct\/leciv\/wp-json\/wp\/v2\/pages\/371\/revisions"}],"up":[{"embeddable":true,"href":"https:\/\/uenf.br\/cct\/leciv\/wp-json\/wp\/v2\/pages\/66"}],"wp:attachment":[{"href":"https:\/\/uenf.br\/cct\/leciv\/wp-json\/wp\/v2\/media?parent=371"}],"curies":[{"name":"wp","href":"https:\/\/api.w.org\/{rel}","templated":true}]}}