{"id":384,"date":"2014-12-15T12:44:41","date_gmt":"2014-12-15T12:44:41","guid":{"rendered":"http:\/\/uenf.br\/cct\/leciv\/?page_id=384"},"modified":"2016-07-11T21:42:00","modified_gmt":"2016-07-11T21:42:00","slug":"prof-jonas-alexandre","status":"publish","type":"page","link":"https:\/\/uenf.br\/cct\/leciv\/apresentacao\/corpo-docente-2\/prof-jonas-alexandre\/","title":{"rendered":"Prof. Jonas Alexandre"},"content":{"rendered":"<p><a href=\"http:\/\/uenf.br\/cct\/leciv\/files\/2014\/12\/Prof-Jonas-Alexandre.jpg\"><img loading=\"lazy\" decoding=\"async\" class=\"alignleft size-full wp-image-374\" src=\"http:\/\/uenf.br\/cct\/leciv\/files\/2014\/12\/Prof-Jonas-Alexandre.jpg\" alt=\"Prof Jonas Alexandre\" width=\"250\" height=\"256\" srcset=\"https:\/\/uenf.br\/cct\/leciv\/files\/2014\/12\/Prof-Jonas-Alexandre.jpg 250w, https:\/\/uenf.br\/cct\/leciv\/files\/2014\/12\/Prof-Jonas-Alexandre-146x150.jpg 146w\" sizes=\"auto, (max-width: 250px) 100vw, 250px\" \/><\/a><\/p>\n<p align=\"justify\"><strong>Nome:<\/strong> Jonas Alexandre<br \/>\nDoutor em Ci\u00eancias de Engenharia pela Universidade Estadual do Norte Fluminense Darcy Ribeiro (2000)<br \/>\n<strong>E-mail:<\/strong> <a href=\"mailto:jonas@uenf.br\">jonas@uenf.br<\/a><\/p>\n<p align=\"justify\"><strong>Setor:<\/strong> Estruturas<br \/>\n<strong>\u00c1reas de Atua\u00e7\u00e3o:<br \/>\n<\/strong>&#8211; Cer\u00e2mica Vermelha;<br \/>\n&#8211; Concreto;<br \/>\n&#8211; Solo-cimento;<br \/>\n&#8211; Alvenaria Estrutural.<\/p>\n","protected":false},"excerpt":{"rendered":"<p>Nome: Jonas Alexandre Doutor em Ci\u00eancias de Engenharia pela Universidade Estadual do Norte Fluminense Darcy Ribeiro (2000) E-mail: jonas@uenf.br Setor:&#8230;<\/p>\n","protected":false},"author":8,"featured_media":0,"parent":66,"menu_order":7,"comment_status":"open","ping_status":"open","template":"","meta":{"footnotes":""},"class_list":["post-384","page","type-page","status-publish","hentry"],"_links":{"self":[{"href":"https:\/\/uenf.br\/cct\/leciv\/wp-json\/wp\/v2\/pages\/384","targetHints":{"allow":["GET"]}}],"collection":[{"href":"https:\/\/uenf.br\/cct\/leciv\/wp-json\/wp\/v2\/pages"}],"about":[{"href":"https:\/\/uenf.br\/cct\/leciv\/wp-json\/wp\/v2\/types\/page"}],"author":[{"embeddable":true,"href":"https:\/\/uenf.br\/cct\/leciv\/wp-json\/wp\/v2\/users\/8"}],"replies":[{"embeddable":true,"href":"https:\/\/uenf.br\/cct\/leciv\/wp-json\/wp\/v2\/comments?post=384"}],"version-history":[{"count":0,"href":"https:\/\/uenf.br\/cct\/leciv\/wp-json\/wp\/v2\/pages\/384\/revisions"}],"up":[{"embeddable":true,"href":"https:\/\/uenf.br\/cct\/leciv\/wp-json\/wp\/v2\/pages\/66"}],"wp:attachment":[{"href":"https:\/\/uenf.br\/cct\/leciv\/wp-json\/wp\/v2\/media?parent=384"}],"curies":[{"name":"wp","href":"https:\/\/api.w.org\/{rel}","templated":true}]}}