{"id":386,"date":"2014-12-15T12:45:22","date_gmt":"2014-12-15T12:45:22","guid":{"rendered":"http:\/\/uenf.br\/cct\/leciv\/?page_id=386"},"modified":"2016-07-11T21:41:12","modified_gmt":"2016-07-11T21:41:12","slug":"prof-maria-da-gloria-alves","status":"publish","type":"page","link":"https:\/\/uenf.br\/cct\/leciv\/apresentacao\/corpo-docente-2\/prof-maria-da-gloria-alves\/","title":{"rendered":"Prof. Maria da Gloria Alves"},"content":{"rendered":"<p><img decoding=\"async\" src=\"http:\/\/uenf.br\/Uenf\/fotos\/LECIV_1661_1107261089.jpg\" alt=\"\" width=\"240\" align=\"left\" border=\"0\" \/><\/p>\n<div id=\"materiaPrincipal\">\n<p align=\"justify\"><strong>Nome:<\/strong> Maria da Gloria<br \/>\nDoutora em Geologia pela Universidade Federal do Rio de Janeiro (2000)<br \/>\n<strong>E-mail:<\/strong> <a href=\"mailto:mgloria@uenf.br\">mgloria@uenf.br<\/a><\/p>\n<p align=\"justify\"><strong>Setor:<\/strong> Geotecnia<br \/>\n<strong>\u00c1reas de Atua\u00e7\u00e3o:<\/strong><br \/>\n&#8211; Geologia de Engenharia;<br \/>\n&#8211; Geologia Ambiental;<br \/>\n&#8211; Geoprocessamento;<br \/>\n&#8211; Recursos H\u00eddricos.<\/p>\n<p>&nbsp;<\/p>\n<\/div>\n","protected":false},"excerpt":{"rendered":"<p>Nome: Maria da Gloria Doutora em Geologia pela Universidade Federal do Rio de Janeiro (2000) E-mail: mgloria@uenf.br Setor: Geotecnia \u00c1reas&#8230;<\/p>\n","protected":false},"author":8,"featured_media":0,"parent":66,"menu_order":8,"comment_status":"open","ping_status":"open","template":"","meta":{"footnotes":""},"class_list":["post-386","page","type-page","status-publish","hentry"],"_links":{"self":[{"href":"https:\/\/uenf.br\/cct\/leciv\/wp-json\/wp\/v2\/pages\/386","targetHints":{"allow":["GET"]}}],"collection":[{"href":"https:\/\/uenf.br\/cct\/leciv\/wp-json\/wp\/v2\/pages"}],"about":[{"href":"https:\/\/uenf.br\/cct\/leciv\/wp-json\/wp\/v2\/types\/page"}],"author":[{"embeddable":true,"href":"https:\/\/uenf.br\/cct\/leciv\/wp-json\/wp\/v2\/users\/8"}],"replies":[{"embeddable":true,"href":"https:\/\/uenf.br\/cct\/leciv\/wp-json\/wp\/v2\/comments?post=386"}],"version-history":[{"count":0,"href":"https:\/\/uenf.br\/cct\/leciv\/wp-json\/wp\/v2\/pages\/386\/revisions"}],"up":[{"embeddable":true,"href":"https:\/\/uenf.br\/cct\/leciv\/wp-json\/wp\/v2\/pages\/66"}],"wp:attachment":[{"href":"https:\/\/uenf.br\/cct\/leciv\/wp-json\/wp\/v2\/media?parent=386"}],"curies":[{"name":"wp","href":"https:\/\/api.w.org\/{rel}","templated":true}]}}