{"id":388,"date":"2014-12-15T12:46:20","date_gmt":"2014-12-15T12:46:20","guid":{"rendered":"http:\/\/uenf.br\/cct\/leciv\/?page_id=388"},"modified":"2016-07-11T21:39:48","modified_gmt":"2016-07-11T21:39:48","slug":"prof-paulo-cesar-de-almeida-maia","status":"publish","type":"page","link":"https:\/\/uenf.br\/cct\/leciv\/apresentacao\/corpo-docente-2\/prof-paulo-cesar-de-almeida-maia\/","title":{"rendered":"Prof. Paulo C\u00e9sar de Almeida Maia"},"content":{"rendered":"<p><a href=\"http:\/\/uenf.br\/cct\/leciv\/files\/2014\/12\/Prof.-Paulo-Maia.jpg\"><img loading=\"lazy\" decoding=\"async\" class=\"alignleft size-full wp-image-376\" src=\"http:\/\/uenf.br\/cct\/leciv\/files\/2014\/12\/Prof.-Paulo-Maia.jpg\" alt=\"Prof. Paulo Maia\" width=\"250\" height=\"256\" srcset=\"https:\/\/uenf.br\/cct\/leciv\/files\/2014\/12\/Prof.-Paulo-Maia.jpg 250w, https:\/\/uenf.br\/cct\/leciv\/files\/2014\/12\/Prof.-Paulo-Maia-146x150.jpg 146w\" sizes=\"auto, (max-width: 250px) 100vw, 250px\" \/><\/a><\/p>\n<p align=\"justify\"><strong>Nome: <\/strong>Paulo Maia<br \/>\nDoutor em Engenharia Civil pela PUC-Rio (2001)<br \/>\n<strong>E-mail:<\/strong> <a href=\"mailto:maia@uenf.br\">maia@uenf.br<\/a><\/p>\n<p align=\"justify\"><a href=\"mailto:maia@uenf.br\"><br \/>\n<\/a><strong>Setor:<\/strong> Geotecnia<br \/>\n<strong>\u00c1reas de Atua\u00e7\u00e3o:<br \/>\n<\/strong>&#8211; Comportamento de Solos;<br \/>\n&#8211; Estruturas de Conten\u00e7\u00e3o e Funda\u00e7\u00f5es;<br \/>\n&#8211; Barragem de Terra e Enrocamento;<br \/>\n&#8211; Durabilidade de Materiais Geot\u00e9cnicos.<\/p>\n<p>&nbsp;<\/p>\n","protected":false},"excerpt":{"rendered":"<p>Nome: Paulo Maia Doutor em Engenharia Civil pela PUC-Rio (2001) E-mail: maia@uenf.br Setor: Geotecnia \u00c1reas de Atua\u00e7\u00e3o: &#8211; Comportamento de&#8230;<\/p>\n","protected":false},"author":8,"featured_media":0,"parent":66,"menu_order":9,"comment_status":"open","ping_status":"open","template":"","meta":{"footnotes":""},"class_list":["post-388","page","type-page","status-publish","hentry"],"_links":{"self":[{"href":"https:\/\/uenf.br\/cct\/leciv\/wp-json\/wp\/v2\/pages\/388","targetHints":{"allow":["GET"]}}],"collection":[{"href":"https:\/\/uenf.br\/cct\/leciv\/wp-json\/wp\/v2\/pages"}],"about":[{"href":"https:\/\/uenf.br\/cct\/leciv\/wp-json\/wp\/v2\/types\/page"}],"author":[{"embeddable":true,"href":"https:\/\/uenf.br\/cct\/leciv\/wp-json\/wp\/v2\/users\/8"}],"replies":[{"embeddable":true,"href":"https:\/\/uenf.br\/cct\/leciv\/wp-json\/wp\/v2\/comments?post=388"}],"version-history":[{"count":0,"href":"https:\/\/uenf.br\/cct\/leciv\/wp-json\/wp\/v2\/pages\/388\/revisions"}],"up":[{"embeddable":true,"href":"https:\/\/uenf.br\/cct\/leciv\/wp-json\/wp\/v2\/pages\/66"}],"wp:attachment":[{"href":"https:\/\/uenf.br\/cct\/leciv\/wp-json\/wp\/v2\/media?parent=388"}],"curies":[{"name":"wp","href":"https:\/\/api.w.org\/{rel}","templated":true}]}}