{"id":390,"date":"2014-12-15T12:47:09","date_gmt":"2014-12-15T12:47:09","guid":{"rendered":"http:\/\/uenf.br\/cct\/leciv\/?page_id=390"},"modified":"2016-07-11T21:38:14","modified_gmt":"2016-07-11T21:38:14","slug":"prof-rodrigo-martins-reis","status":"publish","type":"page","link":"https:\/\/uenf.br\/cct\/leciv\/apresentacao\/corpo-docente-2\/prof-rodrigo-martins-reis\/","title":{"rendered":"Prof. Rodrigo Martins Reis"},"content":{"rendered":"<p><img loading=\"lazy\" decoding=\"async\" class=\"\" src=\"http:\/\/uenf.br\/Uenf\/fotos\/LECIV_1661_1206476447.jpg\" alt=\"\" width=\"282\" height=\"212\" align=\"left\" border=\"0\" \/><\/p>\n<div id=\"materiaPrincipal\">\n<p align=\"justify\"><strong>Nome: <\/strong>Rodrigo Martins Reis<br \/>\nDoutor em Geotecnia pela Escola de Engenharia de S\u00e3o Carlos da Universidade de S\u00e3o Paulo (2004)<br \/>\n<strong>E-mail:<\/strong> <a href=\"mailto:reis@uenf.br\">reis@uenf.br<\/a><\/p>\n<p align=\"justify\"><strong>Setor:<\/strong> Geotecnia<br \/>\n<strong>\u00c1reas de Atua\u00e7\u00e3o:<br \/>\n&#8211; <\/strong>Centr\u00edfuga Geot\u00e9cnica;<br \/>\n&#8211; Geotecnia Experimental;<br \/>\n&#8211; Mec\u00e2nica dos Solos n\u00e3o Saturados;<br \/>\n&#8211; Laborat\u00f3rio de Mec\u00e2nica dos Solos;<br \/>\n&#8211; Mec\u00e2nica dos Solos.<\/p>\n<p>&nbsp;<\/p>\n<\/div>\n","protected":false},"excerpt":{"rendered":"<p>Nome: Rodrigo Martins Reis Doutor em Geotecnia pela Escola de Engenharia de S\u00e3o Carlos da Universidade de S\u00e3o Paulo (2004)&#8230;<\/p>\n","protected":false},"author":8,"featured_media":0,"parent":66,"menu_order":10,"comment_status":"open","ping_status":"open","template":"","meta":{"footnotes":""},"class_list":["post-390","page","type-page","status-publish","hentry"],"_links":{"self":[{"href":"https:\/\/uenf.br\/cct\/leciv\/wp-json\/wp\/v2\/pages\/390","targetHints":{"allow":["GET"]}}],"collection":[{"href":"https:\/\/uenf.br\/cct\/leciv\/wp-json\/wp\/v2\/pages"}],"about":[{"href":"https:\/\/uenf.br\/cct\/leciv\/wp-json\/wp\/v2\/types\/page"}],"author":[{"embeddable":true,"href":"https:\/\/uenf.br\/cct\/leciv\/wp-json\/wp\/v2\/users\/8"}],"replies":[{"embeddable":true,"href":"https:\/\/uenf.br\/cct\/leciv\/wp-json\/wp\/v2\/comments?post=390"}],"version-history":[{"count":0,"href":"https:\/\/uenf.br\/cct\/leciv\/wp-json\/wp\/v2\/pages\/390\/revisions"}],"up":[{"embeddable":true,"href":"https:\/\/uenf.br\/cct\/leciv\/wp-json\/wp\/v2\/pages\/66"}],"wp:attachment":[{"href":"https:\/\/uenf.br\/cct\/leciv\/wp-json\/wp\/v2\/media?parent=390"}],"curies":[{"name":"wp","href":"https:\/\/api.w.org\/{rel}","templated":true}]}}