{"id":393,"date":"2014-12-15T12:48:30","date_gmt":"2014-12-15T12:48:30","guid":{"rendered":"http:\/\/uenf.br\/cct\/leciv\/?page_id=393"},"modified":"2016-07-06T19:51:48","modified_gmt":"2016-07-06T19:51:48","slug":"prof-sergio-luis-gonzalez-garcia","status":"publish","type":"page","link":"https:\/\/uenf.br\/cct\/leciv\/apresentacao\/corpo-docente-2\/prof-sergio-luis-gonzalez-garcia\/","title":{"rendered":"Prof. Sergio Luis Gonz\u00e1lez Garcia"},"content":{"rendered":"<p><a href=\"http:\/\/uenf.br\/cct\/leciv\/files\/2014\/12\/Prof.-Sergio-Garcia.jpg\"><img loading=\"lazy\" decoding=\"async\" class=\"alignleft size-full wp-image-378\" src=\"http:\/\/uenf.br\/cct\/leciv\/files\/2014\/12\/Prof.-Sergio-Garcia.jpg\" alt=\"Prof. Sergio Garcia\" width=\"250\" height=\"260\" srcset=\"https:\/\/uenf.br\/cct\/leciv\/files\/2014\/12\/Prof.-Sergio-Garcia.jpg 250w, https:\/\/uenf.br\/cct\/leciv\/files\/2014\/12\/Prof.-Sergio-Garcia-144x150.jpg 144w\" sizes=\"auto, (max-width: 250px) 100vw, 250px\" \/><\/a><\/p>\n<p dir=\"ltr\" align=\"left\"><strong>Nome:<\/strong> Sergio Luis<br \/>\nDoutor em Engenharia Civil pela Universidade Federal do Rio de Janeiro (2002)<br \/>\n<strong>E-mail:<\/strong> <a href=\"mailto:liluiser@uenf.br\">liluiser@uenf.br<br \/>\n<\/a><br \/>\n<strong>Setor:<\/strong> Estruturas<br \/>\n<strong>\u00c1reas de Atua\u00e7\u00e3o:<br \/>\n<\/strong>&#8211; Concreto armado e protendido;<br \/>\n&#8211; Dimensionamento de estruturas;<br \/>\n&#8211; Ensaios n\u00e3o destrutivos;<br \/>\n&#8211; Avalia\u00e7\u00e3o da capacidade residual de estruturas de concreto\u00a0 armado e protendido.<\/p>\n<p>&nbsp;<\/p>\n<p>&nbsp;<\/p>\n","protected":false},"excerpt":{"rendered":"<p>Nome: Sergio Luis Doutor em Engenharia Civil pela Universidade Federal do Rio de Janeiro (2002) E-mail: liluiser@uenf.br Setor: Estruturas \u00c1reas&#8230;<\/p>\n","protected":false},"author":8,"featured_media":0,"parent":66,"menu_order":11,"comment_status":"open","ping_status":"open","template":"","meta":{"footnotes":""},"class_list":["post-393","page","type-page","status-publish","hentry"],"_links":{"self":[{"href":"https:\/\/uenf.br\/cct\/leciv\/wp-json\/wp\/v2\/pages\/393","targetHints":{"allow":["GET"]}}],"collection":[{"href":"https:\/\/uenf.br\/cct\/leciv\/wp-json\/wp\/v2\/pages"}],"about":[{"href":"https:\/\/uenf.br\/cct\/leciv\/wp-json\/wp\/v2\/types\/page"}],"author":[{"embeddable":true,"href":"https:\/\/uenf.br\/cct\/leciv\/wp-json\/wp\/v2\/users\/8"}],"replies":[{"embeddable":true,"href":"https:\/\/uenf.br\/cct\/leciv\/wp-json\/wp\/v2\/comments?post=393"}],"version-history":[{"count":0,"href":"https:\/\/uenf.br\/cct\/leciv\/wp-json\/wp\/v2\/pages\/393\/revisions"}],"up":[{"embeddable":true,"href":"https:\/\/uenf.br\/cct\/leciv\/wp-json\/wp\/v2\/pages\/66"}],"wp:attachment":[{"href":"https:\/\/uenf.br\/cct\/leciv\/wp-json\/wp\/v2\/media?parent=393"}],"curies":[{"name":"wp","href":"https:\/\/api.w.org\/{rel}","templated":true}]}}