{"id":395,"date":"2014-12-15T12:49:05","date_gmt":"2014-12-15T12:49:05","guid":{"rendered":"http:\/\/uenf.br\/cct\/leciv\/?page_id=395"},"modified":"2016-07-06T19:53:13","modified_gmt":"2016-07-06T19:53:13","slug":"prof-sergio-tibana","status":"publish","type":"page","link":"https:\/\/uenf.br\/cct\/leciv\/apresentacao\/corpo-docente-2\/prof-sergio-tibana\/","title":{"rendered":"Prof. S\u00e9rgio Tibana"},"content":{"rendered":"<p align=\"justify\"><a href=\"http:\/\/uenf.br\/cct\/leciv\/files\/2014\/12\/Prof.-Sergio-Tibana.jpg\"><img loading=\"lazy\" decoding=\"async\" class=\"alignleft size-full wp-image-379\" src=\"http:\/\/uenf.br\/cct\/leciv\/files\/2014\/12\/Prof.-Sergio-Tibana.jpg\" alt=\"Prof. Sergio Tibana\" width=\"250\" height=\"256\" srcset=\"https:\/\/uenf.br\/cct\/leciv\/files\/2014\/12\/Prof.-Sergio-Tibana.jpg 250w, https:\/\/uenf.br\/cct\/leciv\/files\/2014\/12\/Prof.-Sergio-Tibana-146x150.jpg 146w\" sizes=\"auto, (max-width: 250px) 100vw, 250px\" \/><\/a><strong>Nome: <\/strong>S\u00e9rgio Tibana<br \/>\nDoutor em Engenharia Civil pela Pontif\u00edcia Universidade Cat\u00f3lica do Rio de Janeiro(1997)<br \/>\n<strong>E-mail:<\/strong> <a href=\"mailto:tibana@uenf.br\">tibana@uenf.br<\/a><\/p>\n<p align=\"justify\"><strong>Setor:<\/strong> Geotecnia<br \/>\n<strong>\u00c1reas de Atua\u00e7\u00e3o:<\/strong><br \/>\n&#8211; Mec\u00e2nica dos Solos;<br \/>\n&#8211; Geotecnia Ambiental;<br \/>\n&#8211; Solos n\u00e3o-saturados;<br \/>\n&#8211; Geotecnia Experimental.<\/p>\n<p>&nbsp;<\/p>\n","protected":false},"excerpt":{"rendered":"<p>Nome: S\u00e9rgio Tibana Doutor em Engenharia Civil pela Pontif\u00edcia Universidade Cat\u00f3lica do Rio de Janeiro(1997) E-mail: tibana@uenf.br Setor: Geotecnia \u00c1reas&#8230;<\/p>\n","protected":false},"author":8,"featured_media":0,"parent":66,"menu_order":12,"comment_status":"open","ping_status":"open","template":"","meta":{"footnotes":""},"class_list":["post-395","page","type-page","status-publish","hentry"],"_links":{"self":[{"href":"https:\/\/uenf.br\/cct\/leciv\/wp-json\/wp\/v2\/pages\/395","targetHints":{"allow":["GET"]}}],"collection":[{"href":"https:\/\/uenf.br\/cct\/leciv\/wp-json\/wp\/v2\/pages"}],"about":[{"href":"https:\/\/uenf.br\/cct\/leciv\/wp-json\/wp\/v2\/types\/page"}],"author":[{"embeddable":true,"href":"https:\/\/uenf.br\/cct\/leciv\/wp-json\/wp\/v2\/users\/8"}],"replies":[{"embeddable":true,"href":"https:\/\/uenf.br\/cct\/leciv\/wp-json\/wp\/v2\/comments?post=395"}],"version-history":[{"count":0,"href":"https:\/\/uenf.br\/cct\/leciv\/wp-json\/wp\/v2\/pages\/395\/revisions"}],"up":[{"embeddable":true,"href":"https:\/\/uenf.br\/cct\/leciv\/wp-json\/wp\/v2\/pages\/66"}],"wp:attachment":[{"href":"https:\/\/uenf.br\/cct\/leciv\/wp-json\/wp\/v2\/media?parent=395"}],"curies":[{"name":"wp","href":"https:\/\/api.w.org\/{rel}","templated":true}]}}