{"id":397,"date":"2014-12-15T12:49:42","date_gmt":"2014-12-15T12:49:42","guid":{"rendered":"http:\/\/uenf.br\/cct\/leciv\/?page_id=397"},"modified":"2016-07-11T21:36:38","modified_gmt":"2016-07-11T21:36:38","slug":"prof-vania-jose-karam","status":"publish","type":"page","link":"https:\/\/uenf.br\/cct\/leciv\/apresentacao\/corpo-docente-2\/prof-vania-jose-karam\/","title":{"rendered":"Prof. V\u00e2nia Jos\u00e9 Karam"},"content":{"rendered":"<p><a href=\"http:\/\/uenf.br\/cct\/leciv\/files\/2014\/12\/Prof.-Vania-Karam.jpg\"><img loading=\"lazy\" decoding=\"async\" class=\"alignleft wp-image-380\" src=\"http:\/\/uenf.br\/cct\/leciv\/files\/2014\/12\/Prof.-Vania-Karam.jpg\" alt=\"IM000159.JPG\" width=\"271\" height=\"271\" srcset=\"https:\/\/uenf.br\/cct\/leciv\/files\/2014\/12\/Prof.-Vania-Karam.jpg 300w, https:\/\/uenf.br\/cct\/leciv\/files\/2014\/12\/Prof.-Vania-Karam-150x150.jpg 150w\" sizes=\"auto, (max-width: 271px) 100vw, 271px\" \/><\/a><\/p>\n<p align=\"justify\"><strong>Nome:<\/strong> V\u00e2nia Jos\u00e9 Karam<br \/>\nDoutora em Engenharia Civil pela Universidade Federal do Rio de Janeiro (1992)<br \/>\n<strong>E-mail:<\/strong> <a href=\"mailto:vjkaram@uenf.br\">vjkaram@uenf.br<\/a><\/p>\n<p align=\"justify\"><strong>Setor:<\/strong> Estruturas<br \/>\n<strong>\u00c1reas de Atua\u00e7\u00e3o:<\/strong><br \/>\n&#8211; M\u00e9todo dos Elementos de Contorno;<br \/>\n&#8211; M\u00e9todo dos Elementos Finitos;<br \/>\n&#8211; Mec\u00e2nica das Estruturas;<br \/>\n&#8211; Modelagem Num\u00e9rica de Problemas Estruturais.<\/p>\n<p>&nbsp;<\/p>\n","protected":false},"excerpt":{"rendered":"<p>Nome: V\u00e2nia Jos\u00e9 Karam Doutora em Engenharia Civil pela Universidade Federal do Rio de Janeiro (1992) E-mail: vjkaram@uenf.br Setor: Estruturas&#8230;<\/p>\n","protected":false},"author":8,"featured_media":0,"parent":66,"menu_order":13,"comment_status":"open","ping_status":"open","template":"","meta":{"footnotes":""},"class_list":["post-397","page","type-page","status-publish","hentry"],"_links":{"self":[{"href":"https:\/\/uenf.br\/cct\/leciv\/wp-json\/wp\/v2\/pages\/397","targetHints":{"allow":["GET"]}}],"collection":[{"href":"https:\/\/uenf.br\/cct\/leciv\/wp-json\/wp\/v2\/pages"}],"about":[{"href":"https:\/\/uenf.br\/cct\/leciv\/wp-json\/wp\/v2\/types\/page"}],"author":[{"embeddable":true,"href":"https:\/\/uenf.br\/cct\/leciv\/wp-json\/wp\/v2\/users\/8"}],"replies":[{"embeddable":true,"href":"https:\/\/uenf.br\/cct\/leciv\/wp-json\/wp\/v2\/comments?post=397"}],"version-history":[{"count":0,"href":"https:\/\/uenf.br\/cct\/leciv\/wp-json\/wp\/v2\/pages\/397\/revisions"}],"up":[{"embeddable":true,"href":"https:\/\/uenf.br\/cct\/leciv\/wp-json\/wp\/v2\/pages\/66"}],"wp:attachment":[{"href":"https:\/\/uenf.br\/cct\/leciv\/wp-json\/wp\/v2\/media?parent=397"}],"curies":[{"name":"wp","href":"https:\/\/api.w.org\/{rel}","templated":true}]}}