{"id":401,"date":"2014-12-16T11:34:45","date_gmt":"2014-12-16T11:34:45","guid":{"rendered":"http:\/\/uenf.br\/cct\/leciv\/?page_id=401"},"modified":"2016-01-12T16:28:45","modified_gmt":"2016-01-12T16:28:45","slug":"ana-beatriz-carvalho-e-silva-e-thais-ribeiro-barroso","status":"publish","type":"page","link":"https:\/\/uenf.br\/cct\/leciv\/graduacao\/projetos-finais\/ana-beatriz-carvalho-e-silva-e-thais-ribeiro-barroso\/","title":{"rendered":"Ana Beatriz Carvalho e Silva e Thais Ribeiro Barroso"},"content":{"rendered":"<p><strong>Projeto de Dimensionamento de um Edif\u00edcio Contendo um Laborat\u00f3rio de Ensaios Mec\u00e2nicos Localizado na UENF, no Munic\u00edpio de Campo dos Goytacazes.<\/strong><\/p>\n<p><em>Orientador:<\/em><br \/>\nProfa. Patr\u00edcia Habib Hallak<br \/>\n<em>Coorientador:<\/em><br \/>\nProf. Sergio Luis Gonz\u00e1lez Garcia<br \/>\n<em>Comiss\u00e3o Examinadora:<br \/>\n<\/em>Prof. Patricia Habib Hallak<br \/>\nProf. Sergio Luis Gonz\u00e1lez Garcia<br \/>\nEng\u00b0 Luiz Gabriel Sarmet M. Smiderle<br \/>\nEng\u00b0 Marcos Vin\u00edcios Pereira Sant\u2019ana<\/p>\n<p><em>Data da Defesa:<\/em> julho de 2008<\/p>\n<p><em>Resumo:<\/em> Dimensionou-se um edif\u00edcio em concreto armado localizado no campus da UENF &#8211; Universidade Estadual do Norte Fluminense Darcy Ribeiro. Ser\u00e1 constru\u00eddo um laborat\u00f3rio de ensaios mec\u00e2nicos de grande porte, al\u00e9m de salas, cozinha, banheiros e laborat\u00f3rios de pequeno porte. Um subsolo foi acrescido ao projeto para facilitar a parafusagem dos equipamentos na laje de rea\u00e7\u00e3o e servir\u00e1 tamb\u00e9m como dep\u00f3sito de materiais do laborat\u00f3rio. O dimensionamento do edif\u00edcio como um todo foi realizado utilizando o programa de c\u00e1lculo estrutural AltoQI Eberick. J\u00e1 o dimensionamento do laborat\u00f3rio de grande porte foi feito manualmente, tendo como resultado final o detalhamento de todos os elementos, exceto o da placa de rea\u00e7\u00e3o. O que se p\u00f4de concluir foi que o programa facilitou bastante o processo de dimensionamento da estrutura. No entanto, cabe lembrar que o software n\u00e3o se preocupa com certos pontos reais de projeto, que devem ser ajustados pelo usu\u00e1rio. No que diz respeito ao dimensionamento manual, o projeto serviu como experi\u00eancia de c\u00e1lculo considerando cargas m\u00f3veis sobre a viga da ponte rolante, modelo de bielas e tirantes no c\u00e1lculo da m\u00edsula, entre outros m\u00e9todos que n\u00e3o s\u00e3o encontrados em uma estrutura convencional.<\/p>\n<p>&nbsp;<\/p>\n<p><a href=\"http:\/\/uenf.br\/cct\/leciv\/files\/2014\/12\/projeto_ana_beatriz_thais.pdf\">Download aqui!<\/a><\/p>\n","protected":false},"excerpt":{"rendered":"<p>Projeto de Dimensionamento de um Edif\u00edcio Contendo um Laborat\u00f3rio de Ensaios Mec\u00e2nicos Localizado na UENF, no Munic\u00edpio de Campo dos&#8230;<\/p>\n","protected":false},"author":8,"featured_media":0,"parent":350,"menu_order":4,"comment_status":"open","ping_status":"open","template":"","meta":{"footnotes":""},"class_list":["post-401","page","type-page","status-publish","hentry"],"_links":{"self":[{"href":"https:\/\/uenf.br\/cct\/leciv\/wp-json\/wp\/v2\/pages\/401","targetHints":{"allow":["GET"]}}],"collection":[{"href":"https:\/\/uenf.br\/cct\/leciv\/wp-json\/wp\/v2\/pages"}],"about":[{"href":"https:\/\/uenf.br\/cct\/leciv\/wp-json\/wp\/v2\/types\/page"}],"author":[{"embeddable":true,"href":"https:\/\/uenf.br\/cct\/leciv\/wp-json\/wp\/v2\/users\/8"}],"replies":[{"embeddable":true,"href":"https:\/\/uenf.br\/cct\/leciv\/wp-json\/wp\/v2\/comments?post=401"}],"version-history":[{"count":0,"href":"https:\/\/uenf.br\/cct\/leciv\/wp-json\/wp\/v2\/pages\/401\/revisions"}],"up":[{"embeddable":true,"href":"https:\/\/uenf.br\/cct\/leciv\/wp-json\/wp\/v2\/pages\/350"}],"wp:attachment":[{"href":"https:\/\/uenf.br\/cct\/leciv\/wp-json\/wp\/v2\/media?parent=401"}],"curies":[{"name":"wp","href":"https:\/\/api.w.org\/{rel}","templated":true}]}}