{"id":404,"date":"2014-12-16T11:37:14","date_gmt":"2014-12-16T11:37:14","guid":{"rendered":"http:\/\/uenf.br\/cct\/leciv\/?page_id=404"},"modified":"2015-11-16T19:39:32","modified_gmt":"2015-11-16T19:39:32","slug":"maicon-dalvim-klem-ferreira-marcos-antonio-klem-ferreira-e-sergio-rafael-cortes-de-oliveira","status":"publish","type":"page","link":"https:\/\/uenf.br\/cct\/leciv\/graduacao\/projetos-finais\/maicon-dalvim-klem-ferreira-marcos-antonio-klem-ferreira-e-sergio-rafael-cortes-de-oliveira\/","title":{"rendered":"Maicon Dalvim Klem Ferreira, Marcos Antonio Klem Ferreira e Sergio Rafael Cortes de Oliveira"},"content":{"rendered":"<p><strong>Dimensionamento de um Ponte Mista Sobre o Rio Maca\u00e9<\/strong><\/p>\n<p><em>Orientadora:<\/em><br \/>\nProf. Patr\u00edcia Habib Hallak, D. Sc.<br \/>\n<em>Co-orientador:<\/em><br \/>\nProf. Gines Arturo Santos Falcon<br \/>\n<em>Comiss\u00e3o Examinadora:<\/em><br \/>\nProf.: S\u00e9rgio Tibana<br \/>\nProf.: Sergio Luis Gonz\u00e1lez Garcia<br \/>\nProf.: Gines Arturo Santos Falcon<br \/>\nProf.: Patr\u00edcia Habib Hallak<\/p>\n<p><em>Data da Defesa:<\/em> Julho de 2008<\/p>\n<p><em>Resumo:<\/em> A fim de colocar em pr\u00e1tica os conceitos adquiridos em sala de aula durante a gradua\u00e7\u00e3o, foi escolhido para tema deste Projeto Final de Curso de Bacharelado em Engenharia Civil o dimensionamento de uma ponte mista para o rio Maca\u00e9 utilizando<br \/>\nconcreto armado e a\u00e7o.<br \/>\nEsta ponte ser\u00e1 localizada sobre o Rio Maca\u00e9, na cidade de Maca\u00e9, no Estado do Rio de Janeiro, promovendo o acesso do Distrito da Barra ao centro da cidade.<br \/>\nCom a constru\u00e7\u00e3o desta ponte sobre o Rio Maca\u00e9, o tr\u00e2nsito poder\u00e1 ser melhorado de maneira a evitar os exaustivos e freq\u00fcentes congestionamentos existentes nas horas de pico do tr\u00e2nsito. A ponte ter\u00e1 sentido \u00fanico, j\u00e1 que sua constru\u00e7\u00e3o se dar\u00e1 ao lado de uma ponte j\u00e1 existente, que, por sua vez, tamb\u00e9m funcionar\u00e1 em sentido \u00fanico e contr\u00e1rio.<br \/>\nAqui ser\u00e3o apresentadas todas as considera\u00e7\u00f5es, dados, mem\u00f3rias de c\u00e1lculo utilizadas no projeto e dimensionamento, assim como todos os respectivos memoriais descritivos e detalhes, desenhos contendo cortes, detalhamentos e vistas, que sejam necess\u00e1rios ao bom entendimento do mesmo como um todo.<\/p>\n<p>&nbsp;<\/p>\n<p><a href=\"http:\/\/uenf.br\/cct\/leciv\/files\/2014\/12\/projeto_maicon_marcos_sergio.pdf\">Download aqui!<\/a><\/p>\n","protected":false},"excerpt":{"rendered":"<p>Dimensionamento de um Ponte Mista Sobre o Rio Maca\u00e9 Orientadora: Prof. Patr\u00edcia Habib Hallak, D. Sc. Co-orientador: Prof. Gines Arturo&#8230;<\/p>\n","protected":false},"author":8,"featured_media":0,"parent":350,"menu_order":5,"comment_status":"open","ping_status":"open","template":"","meta":{"footnotes":""},"class_list":["post-404","page","type-page","status-publish","hentry"],"_links":{"self":[{"href":"https:\/\/uenf.br\/cct\/leciv\/wp-json\/wp\/v2\/pages\/404","targetHints":{"allow":["GET"]}}],"collection":[{"href":"https:\/\/uenf.br\/cct\/leciv\/wp-json\/wp\/v2\/pages"}],"about":[{"href":"https:\/\/uenf.br\/cct\/leciv\/wp-json\/wp\/v2\/types\/page"}],"author":[{"embeddable":true,"href":"https:\/\/uenf.br\/cct\/leciv\/wp-json\/wp\/v2\/users\/8"}],"replies":[{"embeddable":true,"href":"https:\/\/uenf.br\/cct\/leciv\/wp-json\/wp\/v2\/comments?post=404"}],"version-history":[{"count":0,"href":"https:\/\/uenf.br\/cct\/leciv\/wp-json\/wp\/v2\/pages\/404\/revisions"}],"up":[{"embeddable":true,"href":"https:\/\/uenf.br\/cct\/leciv\/wp-json\/wp\/v2\/pages\/350"}],"wp:attachment":[{"href":"https:\/\/uenf.br\/cct\/leciv\/wp-json\/wp\/v2\/media?parent=404"}],"curies":[{"name":"wp","href":"https:\/\/api.w.org\/{rel}","templated":true}]}}