{"id":407,"date":"2014-12-16T11:40:10","date_gmt":"2014-12-16T11:40:10","guid":{"rendered":"http:\/\/uenf.br\/cct\/leciv\/?page_id=407"},"modified":"2015-11-16T19:40:01","modified_gmt":"2015-11-16T19:40:01","slug":"gabriel-ribeiro-de-melo-pereira-lima","status":"publish","type":"page","link":"https:\/\/uenf.br\/cct\/leciv\/graduacao\/projetos-finais\/gabriel-ribeiro-de-melo-pereira-lima\/","title":{"rendered":"Gabriel Ribeiro de Melo Pereira Lima"},"content":{"rendered":"<p><strong>Projeto de Dimensionamento de um Edif\u00edcio Residencial no Munic\u00edpio de Campos d\u00eas Goytacazes<\/strong><\/p>\n<p><em>Orientador:<\/em><br \/>\nProf. Sergio Luis Gonz\u00e1lez Garcia<br \/>\n<em>Comiss\u00e3o Examinadora:<\/em><br \/>\nEng\u00ba Francisco Alves<br \/>\nProf. V\u00e2nia Jos\u00e9 Karam<br \/>\nProf. Sergio Luis Gonz\u00e1lez Garcia<\/p>\n<p><em>Data da Defesa:<\/em> Julho de 2008<\/p>\n<p><em>Resumo:<\/em> Este trabalho tem por objetivo analisar e dimensionar os elementos da superestrutura e da infra-estrutura de um edif\u00edcio residencial situado no munic\u00edpio de Campos dos Goytacazes.<br \/>\nFoi feito um dimensionamento manual no ELU (Estado Limite \u00daltimo) dos elementos estruturais do edif\u00edcio, tais como lajes, vigas, pilares, escada e sapata, apresentando seus respectivos desenhos e verifica\u00e7\u00e3o no ELS (Estado Limite de Servi\u00e7o).<br \/>\nO edif\u00edcio residencial ser\u00e1 projetado em estrutura de concreto armado, por apresentar algumas vantagens construtivas, assim como ser mold\u00e1vel, apresentar boa resist\u00eancia \u00e0 maioria das solicita\u00e7\u00f5es e apresentar baixo custo de materiais (\u00e1gua, agregados gra\u00fados e mi\u00fados).<br \/>\nComo resultado da realiza\u00e7\u00e3o deste projeto foi apresentado um memorial descritivo e um memorial de c\u00e1lculo de todo o processo de an\u00e1lise e<br \/>\ndimensionamento estrutural, incluindo plantas, cortes, vistas e todo tipo de detalhamento que seja necess\u00e1rio para o entendimento deste trabalho, tais como: detalhamento de vigas, lajes, pilares, e sapatas.<\/p>\n<p>&nbsp;<\/p>\n<p><a href=\"http:\/\/uenf.br\/cct\/leciv\/files\/2014\/12\/projeto_gabriel_ribeiro.pdf\">Download aqui!<\/a><\/p>\n","protected":false},"excerpt":{"rendered":"<p>Projeto de Dimensionamento de um Edif\u00edcio Residencial no Munic\u00edpio de Campos d\u00eas Goytacazes Orientador: Prof. Sergio Luis Gonz\u00e1lez Garcia Comiss\u00e3o&#8230;<\/p>\n","protected":false},"author":8,"featured_media":0,"parent":350,"menu_order":6,"comment_status":"open","ping_status":"open","template":"","meta":{"footnotes":""},"class_list":["post-407","page","type-page","status-publish","hentry"],"_links":{"self":[{"href":"https:\/\/uenf.br\/cct\/leciv\/wp-json\/wp\/v2\/pages\/407","targetHints":{"allow":["GET"]}}],"collection":[{"href":"https:\/\/uenf.br\/cct\/leciv\/wp-json\/wp\/v2\/pages"}],"about":[{"href":"https:\/\/uenf.br\/cct\/leciv\/wp-json\/wp\/v2\/types\/page"}],"author":[{"embeddable":true,"href":"https:\/\/uenf.br\/cct\/leciv\/wp-json\/wp\/v2\/users\/8"}],"replies":[{"embeddable":true,"href":"https:\/\/uenf.br\/cct\/leciv\/wp-json\/wp\/v2\/comments?post=407"}],"version-history":[{"count":0,"href":"https:\/\/uenf.br\/cct\/leciv\/wp-json\/wp\/v2\/pages\/407\/revisions"}],"up":[{"embeddable":true,"href":"https:\/\/uenf.br\/cct\/leciv\/wp-json\/wp\/v2\/pages\/350"}],"wp:attachment":[{"href":"https:\/\/uenf.br\/cct\/leciv\/wp-json\/wp\/v2\/media?parent=407"}],"curies":[{"name":"wp","href":"https:\/\/api.w.org\/{rel}","templated":true}]}}