{"id":410,"date":"2014-12-16T11:41:38","date_gmt":"2014-12-16T11:41:38","guid":{"rendered":"http:\/\/uenf.br\/cct\/leciv\/?page_id=410"},"modified":"2015-11-16T19:40:44","modified_gmt":"2015-11-16T19:40:44","slug":"josimar-pereira-freitas","status":"publish","type":"page","link":"https:\/\/uenf.br\/cct\/leciv\/graduacao\/projetos-finais\/josimar-pereira-freitas\/","title":{"rendered":"Josimar Pereira Freitas"},"content":{"rendered":"<p><strong>Dimensionamento Estrutural de um Reservat\u00f3rio Elevado de \u00c1gua para um Condom\u00ednio Residencial<\/strong><\/p>\n<p><em>Orientador:<\/em><br \/>\nProf. Sergio Luis Gonz\u00e1lez Garcia<br \/>\n<em>Comiss\u00e3o Examinadora:<\/em><br \/>\nProf.a Patr\u00edcia Habib Hallak<br \/>\nEng\u00b0 Gustavo Savaris<br \/>\nProf. Sergio Luis Gonz\u00e1lez Garcia<\/p>\n<p><em>Data da Defesa:<\/em> Dezembro de 2007<\/p>\n<p><em>Resumo:<\/em> Neste trabalho ser\u00e1 feito o dimensionamento estrutural de um reservat\u00f3rio de \u00e1gua elevado para um condom\u00ednio residencial na cidade de Campos dos Goytacazes. O projeto se baseia na modelagem computacional da estrutura no programa computacional SAP 2000v9, programa de modelagem de estruturas simples, bi e tridimensionais e de an\u00e1lise estrutural que utiliza o M\u00e9todo dos Elementos Finitos (MEF) e possui \u00f3timas condi\u00e7\u00f5es para a implementa\u00e7\u00e3o desse tipo de estruturas, possibilitando tamb\u00e9m a modelagem das cargas atuantes nela. Com ele ser\u00e3o obtidas as solicita\u00e7\u00f5es, momentos e esfor\u00e7os, atuantes em cada parte da estrutura.<br \/>\nO reservat\u00f3rio ser\u00e1 circular, que \u00e9 o formato mais econ\u00f4mico para este tipo de estruturas e que se comporta melhor em rela\u00e7\u00e3o a esfor\u00e7os como o empuxo da \u00e1gua, por exemplo. A parede do reservat\u00f3rio ser\u00e1 dimensionada como uma laje, com momentos fletores em seus planos ortogonais, na sua base ser\u00e1 dimensionada a armadura de uma viga em forma de anel para auxiliar nos<br \/>\nesfor\u00e7os gerados nesta regi\u00e3o da base da parede.<br \/>\nFoi estimada uma popula\u00e7\u00e3o de 372 pessoas do condom\u00ednio para a determina\u00e7\u00e3o do volume do reservat\u00f3rio. Ele ser\u00e1 constru\u00eddo de concreto armado, material que atende bem \u00e0s necessidades para este tipo de estrutura. O reservat\u00f3rio tem 4m de altura e 6,3m de di\u00e2metro, ele ser\u00e1 elevado por 6 pilares de 12m de altura, com se\u00e7\u00e3o transversal vari\u00e1vel. Na altura m\u00e9dia dos pilares ser\u00e1 implementado um tirante de contraventamento para diminuir o comprimento de flambagem dele e funcionar como tensor resistente \u00e0 tra\u00e7\u00e3o. A funda\u00e7\u00e3o ser\u00e1 do tipo rasa, composta por 6 sapatas isoladas localizadas em cada pilar.<br \/>\nSer\u00e1 verificada a abertura de fissuras na tampa, no fundo e na parede do reservat\u00f3rio, fato bastante indesej\u00e1vel para um reservat\u00f3rio de \u00e1gua. O dimensionamento das armaduras e o detalhamento ser\u00e3o feitos \u00e0 m\u00e3o.<\/p>\n<p>&nbsp;<\/p>\n<p><a href=\"http:\/\/uenf.br\/cct\/leciv\/files\/2014\/12\/projeto_josimar_freitas.pdf\">Download aqui!<\/a><\/p>\n","protected":false},"excerpt":{"rendered":"<p>Dimensionamento Estrutural de um Reservat\u00f3rio Elevado de \u00c1gua para um Condom\u00ednio Residencial Orientador: Prof. Sergio Luis Gonz\u00e1lez Garcia Comiss\u00e3o Examinadora:&#8230;<\/p>\n","protected":false},"author":8,"featured_media":0,"parent":350,"menu_order":7,"comment_status":"open","ping_status":"open","template":"","meta":{"footnotes":""},"class_list":["post-410","page","type-page","status-publish","hentry"],"_links":{"self":[{"href":"https:\/\/uenf.br\/cct\/leciv\/wp-json\/wp\/v2\/pages\/410","targetHints":{"allow":["GET"]}}],"collection":[{"href":"https:\/\/uenf.br\/cct\/leciv\/wp-json\/wp\/v2\/pages"}],"about":[{"href":"https:\/\/uenf.br\/cct\/leciv\/wp-json\/wp\/v2\/types\/page"}],"author":[{"embeddable":true,"href":"https:\/\/uenf.br\/cct\/leciv\/wp-json\/wp\/v2\/users\/8"}],"replies":[{"embeddable":true,"href":"https:\/\/uenf.br\/cct\/leciv\/wp-json\/wp\/v2\/comments?post=410"}],"version-history":[{"count":0,"href":"https:\/\/uenf.br\/cct\/leciv\/wp-json\/wp\/v2\/pages\/410\/revisions"}],"up":[{"embeddable":true,"href":"https:\/\/uenf.br\/cct\/leciv\/wp-json\/wp\/v2\/pages\/350"}],"wp:attachment":[{"href":"https:\/\/uenf.br\/cct\/leciv\/wp-json\/wp\/v2\/media?parent=410"}],"curies":[{"name":"wp","href":"https:\/\/api.w.org\/{rel}","templated":true}]}}