{"id":413,"date":"2014-12-16T11:43:45","date_gmt":"2014-12-16T11:43:45","guid":{"rendered":"http:\/\/uenf.br\/cct\/leciv\/?page_id=413"},"modified":"2016-01-12T13:13:23","modified_gmt":"2016-01-12T13:13:23","slug":"rodrigo-de-brito-antunes","status":"publish","type":"page","link":"https:\/\/uenf.br\/cct\/leciv\/graduacao\/projetos-finais\/rodrigo-de-brito-antunes\/","title":{"rendered":"Rodrigo de Brito Antunes"},"content":{"rendered":"<p><strong>Dimensionamento de Cortina de Estacas Justapostas para Execu\u00e7\u00e3o de Subsolo de Edif\u00edcio Comercial<\/strong><\/p>\n<p><em>Orientador:<\/em><br \/>\nProf. Paulo C\u00e9sar de Almeida Maia<br \/>\n<em>Co-orientador:<\/em><br \/>\nEngenheiro Rodrigo Alvarez de Barros<br \/>\n<em>Comiss\u00e3o Examinadora:<br \/>\n<\/em>Prof. Rodrigo Martins Reis<br \/>\nEngenheiro Civil Rennan F\u00e9res Valinho<br \/>\nEngenheiro Civil Rodrigo Alvarez de Barros<br \/>\nProf. Paulo C\u00e9sar de Almeida Maia<\/p>\n<p><em>Data da Defesa:<\/em> Julho de 2007<\/p>\n<p><em>Resumo:<\/em> O projeto teve por objetivo o dimensionamento de uma estrutura de conten\u00e7\u00e3o do tipo cortina de estacas justapostas. A obra constitui-se de uma entrada subterr\u00e2nea para um edif\u00edcio comercial, em que toda a vizinhan\u00e7a \u00e9 constitu\u00edda por edifica\u00e7\u00f5es comerciais de m\u00e9dio porte, sendo este aspecto de grande import\u00e2ncia no uso e escolha do tipo de conten\u00e7\u00e3o.<br \/>\nForam utilizados dados reais da regi\u00e3o central da cidade de Campos dos Goytacazes.<br \/>\nO projeto envolve a determina\u00e7\u00e3o das caracter\u00edsticas geot\u00e9cnicas locais a partir das prospec\u00e7\u00f5es dispon\u00edveis, tais como propriedades do solo, n\u00edvel do len\u00e7ol fre\u00e1tico, sobrecarga no terreno, as quais influenciaram diretamente no dimensionamento da conten\u00e7\u00e3o.<br \/>\nCom rela\u00e7\u00e3o \u00e0 metodologia de c\u00e1lculo da estrutura de conten\u00e7\u00e3o este projeto de fim de curso prop\u00f5e a utiliza\u00e7\u00e3o e compara\u00e7\u00e3o de dois m\u00e9todos diferentes: o num\u00e9rico (resolvido por meio de equa\u00e7\u00f5es de equil\u00edbrio e com aux\u00edlio de planilhas do Microsoft Excel); e o anal\u00edtico (resolvido por meio de um programa comercial).<br \/>\nTamb\u00e9m se destaca o dimensionamento, onde s\u00e3o observadas as prescri\u00e7\u00f5es das Normas Brasileiras, e o processo executivo da estaca, levando em considera\u00e7\u00e3o os fatores a serem observados tais como n\u00edvel de interfer\u00eancia nas constru\u00e7\u00f5es vizinhas e a viabilidade t\u00e9cnica do projeto, para que se tenha a perfeita realiza\u00e7\u00e3o e conclus\u00e3o da obra.<\/p>\n<p>&nbsp;<\/p>\n<p><a href=\"http:\/\/uenf.br\/cct\/leciv\/files\/2014\/12\/projeto_rodrigo_antunes.pdf\">Download aqui!<\/a><\/p>\n","protected":false},"excerpt":{"rendered":"<p>Dimensionamento de Cortina de Estacas Justapostas para Execu\u00e7\u00e3o de Subsolo de Edif\u00edcio Comercial Orientador: Prof. Paulo C\u00e9sar de Almeida Maia&#8230;<\/p>\n","protected":false},"author":8,"featured_media":0,"parent":350,"menu_order":8,"comment_status":"open","ping_status":"open","template":"","meta":{"footnotes":""},"class_list":["post-413","page","type-page","status-publish","hentry"],"_links":{"self":[{"href":"https:\/\/uenf.br\/cct\/leciv\/wp-json\/wp\/v2\/pages\/413","targetHints":{"allow":["GET"]}}],"collection":[{"href":"https:\/\/uenf.br\/cct\/leciv\/wp-json\/wp\/v2\/pages"}],"about":[{"href":"https:\/\/uenf.br\/cct\/leciv\/wp-json\/wp\/v2\/types\/page"}],"author":[{"embeddable":true,"href":"https:\/\/uenf.br\/cct\/leciv\/wp-json\/wp\/v2\/users\/8"}],"replies":[{"embeddable":true,"href":"https:\/\/uenf.br\/cct\/leciv\/wp-json\/wp\/v2\/comments?post=413"}],"version-history":[{"count":0,"href":"https:\/\/uenf.br\/cct\/leciv\/wp-json\/wp\/v2\/pages\/413\/revisions"}],"up":[{"embeddable":true,"href":"https:\/\/uenf.br\/cct\/leciv\/wp-json\/wp\/v2\/pages\/350"}],"wp:attachment":[{"href":"https:\/\/uenf.br\/cct\/leciv\/wp-json\/wp\/v2\/media?parent=413"}],"curies":[{"name":"wp","href":"https:\/\/api.w.org\/{rel}","templated":true}]}}