{"id":416,"date":"2014-12-16T11:46:02","date_gmt":"2014-12-16T11:46:02","guid":{"rendered":"http:\/\/uenf.br\/cct\/leciv\/?page_id=416"},"modified":"2015-11-16T19:52:00","modified_gmt":"2015-11-16T19:52:00","slug":"anderson-paiva-bernacchi-e-marlon-lacerda-franca","status":"publish","type":"page","link":"https:\/\/uenf.br\/cct\/leciv\/graduacao\/projetos-finais\/anderson-paiva-bernacchi-e-marlon-lacerda-franca\/","title":{"rendered":"Anderson Paiva Bernacchi e Marlon Lacerda Fran\u00e7a"},"content":{"rendered":"<p><strong>Projeto de Dimensionamento do Novo Mercado Municipal para o Munic\u00edpio de Campos dos Goytacazes<\/strong><\/p>\n<p><em>Orientador:<\/em><br \/>\nProf. Sergio Luis Gonz\u00e1lez Garcia<br \/>\n<em>Co-orientador:<\/em><br \/>\nProf.Gines Arturo Santos Falcon<br \/>\n<em>Comiss\u00e3o Examinadora:<\/em><br \/>\nProf. Patr\u00edcia Habib Hallak<br \/>\nEng\u00ba. Luiz Gabriel Sarmet Moreira Smiderle<br \/>\nProf. Gines Arturo Santos Falcon<br \/>\nProf. Sergio Luis Gonz\u00e1lez Garcia<\/p>\n<p><em>Data da Defesa:<\/em> julho de 2007<\/p>\n<p><em>Resumo:<\/em> Este trabalho tem por objetivo o dimensionamento de um novo Mercado Municipal para Campos dos Goytacazes, considerando-se que o projeto \u00e9 de grande import\u00e2ncia para a comunidade que se acostumou aos servi\u00e7os prestados pelo atual mercado e que, por\u00e9m, sente a necessidade de uma nova estrutura, com \u00e1reas mais amplas, principalmente para estacionamentos.<br \/>\nA escolha deste projeto foi motivada pelo fato do atual Mercado Municipal de Campos n\u00e3o atender mais \u00e0s necessidades da popula\u00e7\u00e3o local, assim como a popula\u00e7\u00e3o flutuante que visita o Munic\u00edpio. Considera-se que tal obra ter\u00e1 grande signific\u00e2ncia s\u00f3cio-econ\u00f4mica satisfazendo aos anseios dos habitantes, j\u00e1 que proporcionaria comodidade, higiene, conforto e seguran\u00e7a.<br \/>\nPara a escolha da localiza\u00e7\u00e3o do novo Mercado Municipal, levaram-se em conta alguns fatores relevantes, destacando-se, entre outros: o f\u00e1cil acesso aos comerciantes, consumidores e visitantes; aumento significativo do n\u00famero de vagas para estacionamentos; diminui\u00e7\u00e3o do fluxo de ve\u00edculos no centro da cidade; e a m\u00ednima interfer\u00eancia no cotidiano do Munic\u00edpio. Todas estas raz\u00f5es, juntas, parecem ser atendidas pela \u00e1rea e localiza\u00e7\u00e3o, pr\u00e9-definidas pelo projeto anterior do Prefeito Arnaldo Vianna \u00e0 \u00e9poca de sua gest\u00e3o, deste projeto.<br \/>\nO dimensionamento foi realizado em a\u00e7o estrutural para a cobertura, treli\u00e7as e vigas de contraventamento, e de concreto armado para os pilares e funda\u00e7\u00f5es, considerando-se as solicita\u00e7\u00f5es atuantes. O projeto estrutural foi desenvolvido com base nos conceitos assimilados durante o curso de gradua\u00e7\u00e3o.<\/p>\n<p>&nbsp;<\/p>\n<p><a href=\"http:\/\/uenf.br\/cct\/leciv\/files\/2014\/12\/projeto_anderson_marlon.pdf\">Download aqui!<\/a><\/p>\n","protected":false},"excerpt":{"rendered":"<p>Projeto de Dimensionamento do Novo Mercado Municipal para o Munic\u00edpio de Campos dos Goytacazes Orientador: Prof. Sergio Luis Gonz\u00e1lez Garcia&#8230;<\/p>\n","protected":false},"author":8,"featured_media":0,"parent":350,"menu_order":9,"comment_status":"open","ping_status":"open","template":"","meta":{"footnotes":""},"class_list":["post-416","page","type-page","status-publish","hentry"],"_links":{"self":[{"href":"https:\/\/uenf.br\/cct\/leciv\/wp-json\/wp\/v2\/pages\/416","targetHints":{"allow":["GET"]}}],"collection":[{"href":"https:\/\/uenf.br\/cct\/leciv\/wp-json\/wp\/v2\/pages"}],"about":[{"href":"https:\/\/uenf.br\/cct\/leciv\/wp-json\/wp\/v2\/types\/page"}],"author":[{"embeddable":true,"href":"https:\/\/uenf.br\/cct\/leciv\/wp-json\/wp\/v2\/users\/8"}],"replies":[{"embeddable":true,"href":"https:\/\/uenf.br\/cct\/leciv\/wp-json\/wp\/v2\/comments?post=416"}],"version-history":[{"count":0,"href":"https:\/\/uenf.br\/cct\/leciv\/wp-json\/wp\/v2\/pages\/416\/revisions"}],"up":[{"embeddable":true,"href":"https:\/\/uenf.br\/cct\/leciv\/wp-json\/wp\/v2\/pages\/350"}],"wp:attachment":[{"href":"https:\/\/uenf.br\/cct\/leciv\/wp-json\/wp\/v2\/media?parent=416"}],"curies":[{"name":"wp","href":"https:\/\/api.w.org\/{rel}","templated":true}]}}