{"id":419,"date":"2014-12-16T11:46:38","date_gmt":"2014-12-16T11:46:38","guid":{"rendered":"http:\/\/uenf.br\/cct\/leciv\/?page_id=419"},"modified":"2015-11-16T19:52:41","modified_gmt":"2015-11-16T19:52:41","slug":"adriana-viveiros-figueira-e-raquel-pereira-alves","status":"publish","type":"page","link":"https:\/\/uenf.br\/cct\/leciv\/graduacao\/projetos-finais\/adriana-viveiros-figueira-e-raquel-pereira-alves\/","title":{"rendered":"Adriana Viveiros Figueira e Raquel Pereira Alves"},"content":{"rendered":"<p><strong>Projeto Estrutural de Pavimenta\u00e7\u00e3o de um Edif\u00edcio em Concreto Armado<\/strong><\/p>\n<p><em>Orientador:<\/em><br \/>\nProf\u00aa. Patr\u00edcia Habib Hallak<br \/>\n<em>Co-orientador:<\/em><br \/>\nLuiz Gabriel Sarmet Moreira Smiderle<br \/>\n<em>Comiss\u00e3o Examinadora:<\/em><br \/>\nProf\u00aa. V\u00e2nia Karan<br \/>\nProf\u00aa. S\u00e9rgio Luiz Gonz\u00e1les<br \/>\nProf\u00aa. Patr\u00edcia Habib Hallak<br \/>\nEng\u00ba. Luiz Gabriel S. M. Smiderle<\/p>\n<p><em>Data da Defesa:<\/em> Dezembro de 2006<\/p>\n<p><em>Resumo:<\/em>\u00a0\u00a0A concep\u00e7\u00e3o do tema para o Projeto Final de Curso de Bacharelado em Engenharia Civil baseou-se em crit\u00e9rios de aplica\u00e7\u00e3o dos conhecimentos adquiridos na Gradua\u00e7\u00e3o, para a obten\u00e7\u00e3o do t\u00edtulo de Bacharel em Engenharia Civil.<br \/>\nPara isso, foi escolhido o dimensionamento estrutural de um edif\u00edcio com dois pavimento tipo, com varanda de v\u00e3o de cinco metros em Concreto Armado.<br \/>\nNo decorrer deste trabalho ser\u00e3o apresentadas as considera\u00e7\u00f5es obtidas, al\u00e9m dos memoriais de descritivos e de c\u00e1lculo, detalhes do projeto e detalhamentos estruturais das armaduras obtidas pelos dimensionamentos.<\/p>\n","protected":false},"excerpt":{"rendered":"<p>Projeto Estrutural de Pavimenta\u00e7\u00e3o de um Edif\u00edcio em Concreto Armado Orientador: Prof\u00aa. Patr\u00edcia Habib Hallak Co-orientador: Luiz Gabriel Sarmet Moreira&#8230;<\/p>\n","protected":false},"author":8,"featured_media":0,"parent":350,"menu_order":10,"comment_status":"open","ping_status":"open","template":"","meta":{"footnotes":""},"class_list":["post-419","page","type-page","status-publish","hentry"],"_links":{"self":[{"href":"https:\/\/uenf.br\/cct\/leciv\/wp-json\/wp\/v2\/pages\/419","targetHints":{"allow":["GET"]}}],"collection":[{"href":"https:\/\/uenf.br\/cct\/leciv\/wp-json\/wp\/v2\/pages"}],"about":[{"href":"https:\/\/uenf.br\/cct\/leciv\/wp-json\/wp\/v2\/types\/page"}],"author":[{"embeddable":true,"href":"https:\/\/uenf.br\/cct\/leciv\/wp-json\/wp\/v2\/users\/8"}],"replies":[{"embeddable":true,"href":"https:\/\/uenf.br\/cct\/leciv\/wp-json\/wp\/v2\/comments?post=419"}],"version-history":[{"count":0,"href":"https:\/\/uenf.br\/cct\/leciv\/wp-json\/wp\/v2\/pages\/419\/revisions"}],"up":[{"embeddable":true,"href":"https:\/\/uenf.br\/cct\/leciv\/wp-json\/wp\/v2\/pages\/350"}],"wp:attachment":[{"href":"https:\/\/uenf.br\/cct\/leciv\/wp-json\/wp\/v2\/media?parent=419"}],"curies":[{"name":"wp","href":"https:\/\/api.w.org\/{rel}","templated":true}]}}