{"id":424,"date":"2014-12-16T11:50:00","date_gmt":"2014-12-16T11:50:00","guid":{"rendered":"http:\/\/uenf.br\/cct\/leciv\/?page_id=424"},"modified":"2016-01-12T12:47:02","modified_gmt":"2016-01-12T12:47:02","slug":"fabiola-silveira-campos-e-najla-de-oliveira-vicente","status":"publish","type":"page","link":"https:\/\/uenf.br\/cct\/leciv\/graduacao\/projetos-finais\/fabiola-silveira-campos-e-najla-de-oliveira-vicente\/","title":{"rendered":"Fab\u00edola Silveira Campos e N\u00e1jla de Oliveira Vicente"},"content":{"rendered":"<p><strong>Projeto Estrutural de uma Unidade Multifamiliar<\/strong><\/p>\n<p><em>Orientador:<br \/>\n<\/em>Prof. Paulo C\u00e9sar de Almeida Maia<br \/>\n<em>Coorientadora:<br \/>\n<\/em>Prof. Patr\u00edcia Habib Hallak<br \/>\nComiss\u00e3o Examinadora:<br \/>\nProf. S\u00e9rgio Tibana<br \/>\nProf. Paulo C\u00e9sar de Almeida Maia<br \/>\nProf. Patr\u00edcia Habib Hallak<\/p>\n<p><em>Data da Defesa:<\/em> Mar\u00e7o de 2006<\/p>\n<p><em>Resumo:<\/em> A concep\u00e7\u00e3o do tema para o Projeto Final de Curso de Bacharelado em Engenharia Civil baseou-se em crit\u00e9rios de aplica\u00e7\u00e3o dos conhecimentos adquiridos na Gradua\u00e7\u00e3o, para a obten\u00e7\u00e3o do t\u00edtulo de Bacharel. Para isso, foi escolhido o<br \/>\ndimensionamento estrutural de uma Unidade Multifamiliar, constitu\u00eddo de dois pavimentos tipos com oito apartamentos.<br \/>\nNos cap\u00edtulos ser\u00e3o apresentadas as normas utilizadas para o dimensionamento deste projeto, assim como seus par\u00e2metros; levantamento das cargas de utiliza\u00e7\u00e3o da estrutura e considera\u00e7\u00f5es sobre as lajes empregadas. Especifica-se, tamb\u00e9m, a forma de trabalho, o n\u00famero de se\u00e7\u00f5es analisadas e dimensionamento das vigas, pilares e escadas; finalizando o trabalho com o detalhamento da estrutura.<br \/>\nPara concluir ser\u00e3o apresentados as considera\u00e7\u00f5es obtidas, detalhes do projeto e detalhamentos estrutural das armaduras obtidas pelos dimensionamentos.<\/p>\n<p>&nbsp;<\/p>\n<p><a href=\"http:\/\/uenf.br\/cct\/leciv\/files\/2014\/12\/projeto_fabiola_najla.pdf\">Download aqui!<\/a><\/p>\n","protected":false},"excerpt":{"rendered":"<p>Projeto Estrutural de uma Unidade Multifamiliar Orientador: Prof. Paulo C\u00e9sar de Almeida Maia Coorientadora: Prof. Patr\u00edcia Habib Hallak Comiss\u00e3o Examinadora:&#8230;<\/p>\n","protected":false},"author":8,"featured_media":0,"parent":350,"menu_order":12,"comment_status":"open","ping_status":"open","template":"","meta":{"footnotes":""},"class_list":["post-424","page","type-page","status-publish","hentry"],"_links":{"self":[{"href":"https:\/\/uenf.br\/cct\/leciv\/wp-json\/wp\/v2\/pages\/424","targetHints":{"allow":["GET"]}}],"collection":[{"href":"https:\/\/uenf.br\/cct\/leciv\/wp-json\/wp\/v2\/pages"}],"about":[{"href":"https:\/\/uenf.br\/cct\/leciv\/wp-json\/wp\/v2\/types\/page"}],"author":[{"embeddable":true,"href":"https:\/\/uenf.br\/cct\/leciv\/wp-json\/wp\/v2\/users\/8"}],"replies":[{"embeddable":true,"href":"https:\/\/uenf.br\/cct\/leciv\/wp-json\/wp\/v2\/comments?post=424"}],"version-history":[{"count":0,"href":"https:\/\/uenf.br\/cct\/leciv\/wp-json\/wp\/v2\/pages\/424\/revisions"}],"up":[{"embeddable":true,"href":"https:\/\/uenf.br\/cct\/leciv\/wp-json\/wp\/v2\/pages\/350"}],"wp:attachment":[{"href":"https:\/\/uenf.br\/cct\/leciv\/wp-json\/wp\/v2\/media?parent=424"}],"curies":[{"name":"wp","href":"https:\/\/api.w.org\/{rel}","templated":true}]}}