{"id":427,"date":"2014-12-16T11:51:41","date_gmt":"2014-12-16T11:51:41","guid":{"rendered":"http:\/\/uenf.br\/cct\/leciv\/?page_id=427"},"modified":"2015-11-16T19:55:15","modified_gmt":"2015-11-16T19:55:15","slug":"camila-aparecida-abelha-rocha","status":"publish","type":"page","link":"https:\/\/uenf.br\/cct\/leciv\/graduacao\/projetos-finais\/camila-aparecida-abelha-rocha\/","title":{"rendered":"Camila Aparecida Abelha Rocha"},"content":{"rendered":"<p align=\"justify\"><strong>Projeto\u00a0do Sistema Estrutural de um Complexo de Lojas e Academia sobre uma\u00a0Piscina de 25mx15m<\/strong><\/p>\n<p><em>Orientador:<\/em><br \/>\nProf. Jean Marie D\u00e9sir.<br \/>\n<em>Comiss\u00e3o Examinadora:<\/em><br \/>\nLuis Fernando de Ara\u00fajo Viana;<br \/>\nProf. Gines Arturo Santos Falcon;<br \/>\nProf. Sergio Luis Gonz\u00e1lez Garcia;<br \/>\nProf. Jean Marie D\u00e9sir.<\/p>\n<p align=\"justify\"><em>Data da Defesa:<\/em> Mar\u00e7o de 2006<\/p>\n<p><em>Resumo:<\/em> Neste trabalho, pretende-se realizar um estudo visando \u00e0 determina\u00e7\u00e3o da alternativa mais adequada para a constru\u00e7\u00e3o de um pr\u00e9dio que abrigar\u00e1 uma piscina de 15mx25 m e dois pavimentos em cima da piscina, sendo o primeiro um sal\u00e3o de festas e o segundo abrigando uma quadra de t\u00eanis. Este projeto abordar\u00e1 diferentes assuntos relativos ao projeto e dimensionamento do sistema estrutural do pr\u00e9dio. Entretanto, o desafio do projeto consiste tamb\u00e9m na escolha da melhor solu\u00e7\u00e3o para os tetos, podendo estes serem constru\u00eddos com uma laje de concreto armado ou com uma estrutura de treli\u00e7as e pr\u00e9-lajes. Pelas dimens\u00f5es da laje, a solu\u00e7\u00e3o adotada ter\u00e1 conseq\u00fc\u00eancias diretas tanto no custo da obra sen\u00e3o tamb\u00e9m no prazo de execu\u00e7\u00e3o, no processo construtivo a ser adotado e de uma maneira geral na est\u00e9tica da obra como um todo. Sendo assim, o projeto consiste em um estudo preliminar de poss\u00edveis solu\u00e7\u00f5es para esta laje e, ap\u00f3s avalia\u00e7\u00e3o destas no que tange \u00e0 adequa\u00e7\u00e3o ao projeto de arquitetura, ao tempo de execu\u00e7\u00e3o, escolher a solu\u00e7\u00e3o mais vi\u00e1vel. Numa segunda etapa ser\u00e1 realizado o estudo necess\u00e1rio para a implementa\u00e7\u00e3o da solu\u00e7\u00e3o adotada, com a apresenta\u00e7\u00e3o de uma mem\u00f3ria de c\u00e1lculo justificando as decis\u00f5es tomadas ao longo do projeto. Considerando os recursos computacionais dispon\u00edveis atualmente no mercado, utilizou-se alguns programas como: Autocad, MathCad, e SAP2000 na realiza\u00e7\u00e3o de algumas etapas do projeto.<\/p>\n<p align=\"justify\"><a href=\"http:\/\/uenf.br\/cct\/leciv\/files\/2014\/12\/projeto_camila.pdf\">Download aqui!<\/a><\/p>\n","protected":false},"excerpt":{"rendered":"<p>Projeto\u00a0do Sistema Estrutural de um Complexo de Lojas e Academia sobre uma\u00a0Piscina de 25mx15m Orientador: Prof. Jean Marie D\u00e9sir. Comiss\u00e3o&#8230;<\/p>\n","protected":false},"author":8,"featured_media":0,"parent":350,"menu_order":13,"comment_status":"open","ping_status":"open","template":"","meta":{"footnotes":""},"class_list":["post-427","page","type-page","status-publish","hentry"],"_links":{"self":[{"href":"https:\/\/uenf.br\/cct\/leciv\/wp-json\/wp\/v2\/pages\/427","targetHints":{"allow":["GET"]}}],"collection":[{"href":"https:\/\/uenf.br\/cct\/leciv\/wp-json\/wp\/v2\/pages"}],"about":[{"href":"https:\/\/uenf.br\/cct\/leciv\/wp-json\/wp\/v2\/types\/page"}],"author":[{"embeddable":true,"href":"https:\/\/uenf.br\/cct\/leciv\/wp-json\/wp\/v2\/users\/8"}],"replies":[{"embeddable":true,"href":"https:\/\/uenf.br\/cct\/leciv\/wp-json\/wp\/v2\/comments?post=427"}],"version-history":[{"count":0,"href":"https:\/\/uenf.br\/cct\/leciv\/wp-json\/wp\/v2\/pages\/427\/revisions"}],"up":[{"embeddable":true,"href":"https:\/\/uenf.br\/cct\/leciv\/wp-json\/wp\/v2\/pages\/350"}],"wp:attachment":[{"href":"https:\/\/uenf.br\/cct\/leciv\/wp-json\/wp\/v2\/media?parent=427"}],"curies":[{"name":"wp","href":"https:\/\/api.w.org\/{rel}","templated":true}]}}