{"id":430,"date":"2014-12-16T11:53:19","date_gmt":"2014-12-16T11:53:19","guid":{"rendered":"http:\/\/uenf.br\/cct\/leciv\/?page_id=430"},"modified":"2016-01-12T12:42:33","modified_gmt":"2016-01-12T12:42:33","slug":"ana-laura-cassiano-dias-avila-e-flavia-manuella-faria-barbosa-henriques","status":"publish","type":"page","link":"https:\/\/uenf.br\/cct\/leciv\/graduacao\/projetos-finais\/ana-laura-cassiano-dias-avila-e-flavia-manuella-faria-barbosa-henriques\/","title":{"rendered":"Ana Laura Cassiano Dias Avila e Fl\u00e1via Manuella Faria Barbosa Henriques"},"content":{"rendered":"<p align=\"justify\"><strong>Modelagem e Dimensionamento de um Heliponto em A\u00e7o em uma Plataforma de Petr\u00f3leo<\/strong><\/p>\n<p><em>Orientador:<\/em><br \/>\nProf. Dylmar Penteado Dias;<br \/>\nProf. Gines Arturo Santos Falc\u00f3n (Coorientador).<br \/>\n<em>Comiss\u00e3o Examinadora:<br \/>\n<\/em>Prof. Gines Arturo Santos Falc\u00f3n;<br \/>\nProfa. V\u00e2niaJos\u00e9 Karam;<br \/>\nProf. Dylmar Penteado Dias;<br \/>\nProfa.Patr\u00edcia Habib Hallack.<\/p>\n<p align=\"justify\"><em>Data da Defesa:<\/em> Mar\u00e7o de 2006<\/p>\n<p align=\"justify\"><em>Resumo:<\/em> Para o dimensionamento da estrutura supracitada utilizaremos m\u00e9todos computacionais e m\u00e9todos de c\u00e1lculos usuais, j\u00e1 vistos nas disciplinas da \u00e1rea de estruturas. O trabalho consiste na modelagem da estrutura e no seu dimensionamento. A modelagem foi feita utilizando software especializado, o STEEL. Ap\u00f3s a obten\u00e7\u00e3o do modelo, fez-se ent\u00e3o o dimensionamento atendendo aos crit\u00e9rios estabelecidos pela Petr\u00f3leo do Brasil S.A. (PETROBRAS) em rela\u00e7\u00e3o ao tipo de aeronave e di\u00e2metro m\u00e1ximo do rotor.<\/p>\n<p align=\"justify\"><a href=\"http:\/\/uenf.br\/cct\/leciv\/files\/2014\/12\/projeto_ana_flavia.pdf\">Download aqui!<\/a><\/p>\n","protected":false},"excerpt":{"rendered":"<p>Modelagem e Dimensionamento de um Heliponto em A\u00e7o em uma Plataforma de Petr\u00f3leo Orientador: Prof. Dylmar Penteado Dias; Prof. Gines&#8230;<\/p>\n","protected":false},"author":8,"featured_media":0,"parent":350,"menu_order":14,"comment_status":"open","ping_status":"open","template":"","meta":{"footnotes":""},"class_list":["post-430","page","type-page","status-publish","hentry"],"_links":{"self":[{"href":"https:\/\/uenf.br\/cct\/leciv\/wp-json\/wp\/v2\/pages\/430","targetHints":{"allow":["GET"]}}],"collection":[{"href":"https:\/\/uenf.br\/cct\/leciv\/wp-json\/wp\/v2\/pages"}],"about":[{"href":"https:\/\/uenf.br\/cct\/leciv\/wp-json\/wp\/v2\/types\/page"}],"author":[{"embeddable":true,"href":"https:\/\/uenf.br\/cct\/leciv\/wp-json\/wp\/v2\/users\/8"}],"replies":[{"embeddable":true,"href":"https:\/\/uenf.br\/cct\/leciv\/wp-json\/wp\/v2\/comments?post=430"}],"version-history":[{"count":0,"href":"https:\/\/uenf.br\/cct\/leciv\/wp-json\/wp\/v2\/pages\/430\/revisions"}],"up":[{"embeddable":true,"href":"https:\/\/uenf.br\/cct\/leciv\/wp-json\/wp\/v2\/pages\/350"}],"wp:attachment":[{"href":"https:\/\/uenf.br\/cct\/leciv\/wp-json\/wp\/v2\/media?parent=430"}],"curies":[{"name":"wp","href":"https:\/\/api.w.org\/{rel}","templated":true}]}}