{"id":433,"date":"2014-12-16T11:55:19","date_gmt":"2014-12-16T11:55:19","guid":{"rendered":"http:\/\/uenf.br\/cct\/leciv\/?page_id=433"},"modified":"2016-01-04T19:19:57","modified_gmt":"2016-01-04T19:19:57","slug":"nelson-de-souza-manhaes-filho","status":"publish","type":"page","link":"https:\/\/uenf.br\/cct\/leciv\/graduacao\/projetos-finais\/nelson-de-souza-manhaes-filho\/","title":{"rendered":"Nelson de Souza Manh\u00e3es Filho"},"content":{"rendered":"<p align=\"justify\"><b>Dimensionamento das Instala\u00e7\u00f5es de G\u00e1s Natural de um Edif\u00edcio<\/b><\/p>\n<p>Orientador:<br \/>\nProf. Jonas Alexandre<br \/>\nComiss\u00e3o Examinadora:<br \/>\nProf. Frederico Terra de Almeida<br \/>\nProf. Paulo C\u00e9sar de Almeida Maia<br \/>\nProf. Jonas Alexandre<\/p>\n<p align=\"justify\"><em>Data da Defesa:<\/em> Mar\u00e7o de 2006<\/p>\n<p>Resumo: O tema escolhido para o Projeto Final do Curso de Bacharelado em Engenharia Civil foi\u00a0o projeto de instala\u00e7\u00f5es de G\u00e1s Natural para um edif\u00edcio residencial.<br \/>\nPara tal fim, foi utilizado o projeto de um edif\u00edcio residencial multifamiliar em constru\u00e7\u00e3o no Munic\u00edpio de Campos dos Goytacazes no Estado do Rio de Janeiro que utilizar\u00e1 o sistema de G\u00e1s Natural canalizado.<br \/>\nO edif\u00edcio \u00e9 composto por doze pavimentos assim distribu\u00eddos: Subsolo, T\u00e9rreo, Garagem I, Pavimento tipo I e Pavimento tipo II, totalizando 12 pavimentos. Por\u00e9m, o subsolo n\u00e3o ser\u00e1 abastecido pelo G\u00e1s Natural.<br \/>\nAqui ser\u00e3o apresentadas todas as considera\u00e7\u00f5es, dados, mem\u00f3rias de c\u00e1lculo utilizadas no projeto e dimensionamento, assim como todos os respectivos memoriais descritivos e detalhes, desenhos contendo cortes, detalhamentos e vistas, que sejam necess\u00e1rios ao bom entendimento do mesmo como um todo.<\/p>\n<p align=\"justify\"><a href=\"http:\/\/uenf.br\/cct\/leciv\/files\/2014\/12\/projeto_nelson.pdf\">Download aqui!<\/a><\/p>\n","protected":false},"excerpt":{"rendered":"<p>Dimensionamento das Instala\u00e7\u00f5es de G\u00e1s Natural de um Edif\u00edcio Orientador: Prof. Jonas Alexandre Comiss\u00e3o Examinadora: Prof. Frederico Terra de Almeida&#8230;<\/p>\n","protected":false},"author":8,"featured_media":0,"parent":350,"menu_order":15,"comment_status":"open","ping_status":"open","template":"","meta":{"footnotes":""},"class_list":["post-433","page","type-page","status-publish","hentry"],"_links":{"self":[{"href":"https:\/\/uenf.br\/cct\/leciv\/wp-json\/wp\/v2\/pages\/433","targetHints":{"allow":["GET"]}}],"collection":[{"href":"https:\/\/uenf.br\/cct\/leciv\/wp-json\/wp\/v2\/pages"}],"about":[{"href":"https:\/\/uenf.br\/cct\/leciv\/wp-json\/wp\/v2\/types\/page"}],"author":[{"embeddable":true,"href":"https:\/\/uenf.br\/cct\/leciv\/wp-json\/wp\/v2\/users\/8"}],"replies":[{"embeddable":true,"href":"https:\/\/uenf.br\/cct\/leciv\/wp-json\/wp\/v2\/comments?post=433"}],"version-history":[{"count":0,"href":"https:\/\/uenf.br\/cct\/leciv\/wp-json\/wp\/v2\/pages\/433\/revisions"}],"up":[{"embeddable":true,"href":"https:\/\/uenf.br\/cct\/leciv\/wp-json\/wp\/v2\/pages\/350"}],"wp:attachment":[{"href":"https:\/\/uenf.br\/cct\/leciv\/wp-json\/wp\/v2\/media?parent=433"}],"curies":[{"name":"wp","href":"https:\/\/api.w.org\/{rel}","templated":true}]}}