{"id":436,"date":"2014-12-16T12:31:44","date_gmt":"2014-12-16T12:31:44","guid":{"rendered":"http:\/\/uenf.br\/cct\/leciv\/?page_id=436"},"modified":"2015-11-16T19:57:16","modified_gmt":"2015-11-16T19:57:16","slug":"daniele-haffner-marques-de-oliveira-e-michelle-pereira-mira","status":"publish","type":"page","link":"https:\/\/uenf.br\/cct\/leciv\/graduacao\/projetos-finais\/daniele-haffner-marques-de-oliveira-e-michelle-pereira-mira\/","title":{"rendered":"Daniele Haffner Marques de Oliveira e Michelle Pereira Mira"},"content":{"rendered":"<p align=\"justify\"><strong>Estudo da Viabilidade de Constru\u00e7\u00e3o de Casas Populares Utilizando-se Estruturas Met\u00e1licas <\/strong><\/p>\n<p>Orientador:<br \/>\nProf. Gines Arturo Santos Falc\u00f3n<br \/>\n<em>Comiss\u00e3o Examinadora:<\/em><br \/>\nProf. Jonas Alexandre<br \/>\nProf. Luiz Gabriel Sarmet Moreira Smiderle<br \/>\nProf. Gines Arturo Santos Falc\u00f3n<\/p>\n<p align=\"justify\"><em>Data da Defesa:<\/em> Mar\u00e7o de 2006<\/p>\n<p>Resumo: Com o n\u00famero crescente da falta de moradia \u00e9 necess\u00e1ria a reordena\u00e7\u00e3o do espa\u00e7o urbano, permitindo melhor qualidade de vida \u00e0 popula\u00e7\u00e3o. Essa reordena\u00e7\u00e3o se d\u00e1 atrav\u00e9s da implanta\u00e7\u00e3o de projetos habitacionais. Esfor\u00e7os est\u00e3o sendo feitos no sentido de se conseguir construir mais, a custos menores e com maior velocidade.<br \/>\nA constru\u00e7\u00e3o voltada para a habita\u00e7\u00e3o popular tem como caracter\u00edsticas indispens\u00e1veis \u00e0 sua viabilidade, baixo custo e alta produtividade. Muitos modelos e sistemas construtivos surgiram na busca pela solu\u00e7\u00e3o ideal. Recentemente no Brasil o a\u00e7o vem sendo adotado como estrutura dessas habita\u00e7\u00f5es.<br \/>\nA constru\u00e7\u00e3o met\u00e1lica est\u00e1 atravessando um per\u00edodo de grande expans\u00e3o no Brasil. Desde os anos oitenta tem-se tido a oportunidade de vivenciar o crescimento do mercado de estruturas em a\u00e7o.<br \/>\nVisando verificar a viabilidade da estrutura met\u00e1lica na constru\u00e7\u00e3o de habita\u00e7\u00f5es de interesse social foi projetada uma moradia popular com estrutura met\u00e1lica, e seu custo foi comparado ao uma casa com estrutura de concreto armado, com as mesmas dimens\u00f5es.<br \/>\nOs resultados obtidos mostram que a casa com estrutura met\u00e1lica apresenta um custo competitivo, ainda com a vantagem de ser o a\u00e7o um material que oferece diversas vantagens para suprir as crescentes preocupa\u00e7\u00f5es relacionadas \u00e0 rapidez de constru\u00e7\u00e3o, confiabilidade estrutural e preserva\u00e7\u00e3o do meio ambiente, dentre outras vantagens.<\/p>\n<p align=\"justify\"><a href=\"http:\/\/uenf.br\/cct\/leciv\/files\/2014\/12\/projeto_daniele_michelle.pdf\">Download aqui!<\/a><\/p>\n","protected":false},"excerpt":{"rendered":"<p>Estudo da Viabilidade de Constru\u00e7\u00e3o de Casas Populares Utilizando-se Estruturas Met\u00e1licas Orientador: Prof. Gines Arturo Santos Falc\u00f3n Comiss\u00e3o Examinadora: Prof&#8230;.<\/p>\n","protected":false},"author":8,"featured_media":0,"parent":350,"menu_order":16,"comment_status":"open","ping_status":"open","template":"","meta":{"footnotes":""},"class_list":["post-436","page","type-page","status-publish","hentry"],"_links":{"self":[{"href":"https:\/\/uenf.br\/cct\/leciv\/wp-json\/wp\/v2\/pages\/436","targetHints":{"allow":["GET"]}}],"collection":[{"href":"https:\/\/uenf.br\/cct\/leciv\/wp-json\/wp\/v2\/pages"}],"about":[{"href":"https:\/\/uenf.br\/cct\/leciv\/wp-json\/wp\/v2\/types\/page"}],"author":[{"embeddable":true,"href":"https:\/\/uenf.br\/cct\/leciv\/wp-json\/wp\/v2\/users\/8"}],"replies":[{"embeddable":true,"href":"https:\/\/uenf.br\/cct\/leciv\/wp-json\/wp\/v2\/comments?post=436"}],"version-history":[{"count":0,"href":"https:\/\/uenf.br\/cct\/leciv\/wp-json\/wp\/v2\/pages\/436\/revisions"}],"up":[{"embeddable":true,"href":"https:\/\/uenf.br\/cct\/leciv\/wp-json\/wp\/v2\/pages\/350"}],"wp:attachment":[{"href":"https:\/\/uenf.br\/cct\/leciv\/wp-json\/wp\/v2\/media?parent=436"}],"curies":[{"name":"wp","href":"https:\/\/api.w.org\/{rel}","templated":true}]}}