{"id":439,"date":"2014-12-16T12:32:22","date_gmt":"2014-12-16T12:32:22","guid":{"rendered":"http:\/\/uenf.br\/cct\/leciv\/?page_id=439"},"modified":"2015-11-16T19:58:16","modified_gmt":"2015-11-16T19:58:16","slug":"cintia-beltrao-dantes","status":"publish","type":"page","link":"https:\/\/uenf.br\/cct\/leciv\/graduacao\/projetos-finais\/cintia-beltrao-dantes\/","title":{"rendered":"C\u00edntia Beltr\u00e3o Dant\u00e9s"},"content":{"rendered":"<p><strong>Elabora\u00e7\u00e3o do Projeto Executivo de Funda\u00e7\u00f5es de um Edif\u00edcio Residencial na Cidade de Campos dos Goytacazes<\/strong><\/p>\n<p><em>Orientador:<\/em><br \/>\nProf. Paulo C\u00e9sar de Almeida Maia<br \/>\n<em>Comiss\u00e3o Examinadora:<\/em><br \/>\nProf. Paulo C\u00e9sar de Almeida Maia<br \/>\nProf. S\u00e9rgio Tibana<br \/>\nProf.\u00aa Patr\u00edcia Habib Hallak<\/p>\n<p><em>Data da Defesa:<\/em> Outubro de 2005<\/p>\n<p><em>Resumo:<\/em> Este projeto final de Engenharia Civil teve por objetivo desenvolver o Projeto Executivo de Funda\u00e7\u00f5es de um edif\u00edcio residencial na Cidade de Campos dos Goytacazes.<br \/>\nEm um estudo preliminar foi feito o pr\u00e9-dimensionamento das funda\u00e7\u00f5es profundas do edif\u00edcio visando um estudo de custo comparativo para diferentes op\u00e7\u00f5es de estacas. Foram consideradas funda\u00e7\u00f5es em estacas H\u00e9lice Cont\u00ednua, Franki e Pr\u00e9moldada de concreto para todos os pilares do edif\u00edcio.<br \/>\nDestaca-se que para o levantamento de pre\u00e7os foram considerados o custo e mobiliza\u00e7\u00e3o do equipamento de execu\u00e7\u00e3o das estacas.<br \/>\nNo c\u00e1lculo da capacidade de carga das estacas foi utilizado um m\u00e9todo que emprega valores de SPT, o Aoki-Velloso proposto em 1975.<br \/>\nUma alternativa de estaca pode apresentar menor custo, no entanto, foi necess\u00e1rio avaliar mais de uma alternativa para comparar suas vantagens e desvantagens.<br \/>\nConsiderando a estaca H\u00e9lice cont\u00ednua a op\u00e7\u00e3o t\u00e9cnica e economicamente mais recomendada, para o caso em estudo, procedeu-se o desenvolvimento do Projeto Executivo. Este projeto consta de planta de loca\u00e7\u00e3o e carga dos pilares, especifica\u00e7\u00f5es e detalhamentos das estacas, blocos e sapatas, e processo executivo das funda\u00e7\u00f5es.<\/p>\n","protected":false},"excerpt":{"rendered":"<p>Elabora\u00e7\u00e3o do Projeto Executivo de Funda\u00e7\u00f5es de um Edif\u00edcio Residencial na Cidade de Campos dos Goytacazes Orientador: Prof. Paulo C\u00e9sar&#8230;<\/p>\n","protected":false},"author":8,"featured_media":0,"parent":350,"menu_order":17,"comment_status":"open","ping_status":"open","template":"","meta":{"footnotes":""},"class_list":["post-439","page","type-page","status-publish","hentry"],"_links":{"self":[{"href":"https:\/\/uenf.br\/cct\/leciv\/wp-json\/wp\/v2\/pages\/439","targetHints":{"allow":["GET"]}}],"collection":[{"href":"https:\/\/uenf.br\/cct\/leciv\/wp-json\/wp\/v2\/pages"}],"about":[{"href":"https:\/\/uenf.br\/cct\/leciv\/wp-json\/wp\/v2\/types\/page"}],"author":[{"embeddable":true,"href":"https:\/\/uenf.br\/cct\/leciv\/wp-json\/wp\/v2\/users\/8"}],"replies":[{"embeddable":true,"href":"https:\/\/uenf.br\/cct\/leciv\/wp-json\/wp\/v2\/comments?post=439"}],"version-history":[{"count":0,"href":"https:\/\/uenf.br\/cct\/leciv\/wp-json\/wp\/v2\/pages\/439\/revisions"}],"up":[{"embeddable":true,"href":"https:\/\/uenf.br\/cct\/leciv\/wp-json\/wp\/v2\/pages\/350"}],"wp:attachment":[{"href":"https:\/\/uenf.br\/cct\/leciv\/wp-json\/wp\/v2\/media?parent=439"}],"curies":[{"name":"wp","href":"https:\/\/api.w.org\/{rel}","templated":true}]}}