{"id":441,"date":"2014-12-16T12:34:01","date_gmt":"2014-12-16T12:34:01","guid":{"rendered":"http:\/\/uenf.br\/cct\/leciv\/?page_id=441"},"modified":"2015-11-16T19:59:27","modified_gmt":"2015-11-16T19:59:27","slug":"edimar-batista-curty","status":"publish","type":"page","link":"https:\/\/uenf.br\/cct\/leciv\/graduacao\/projetos-finais\/edimar-batista-curty\/","title":{"rendered":"Edimar Batista Curty"},"content":{"rendered":"<p align=\"justify\"><strong>Escolha de uma\u00a0\u00c1rea para Disposi\u00e7\u00e3o Final dos Res\u00edduos S\u00f3lidos Urbanos e Dimensinamento de um Aterro Sanit\u00e1rio para a Cidade de Campos dos Goytacazes\/RJ<\/strong><\/p>\n<p>Orientador:<br \/>\nProf. Frederico Terra de Almeida<br \/>\nProf. S\u00e9rgio Tibana (Co-Orientador)<br \/>\nComiss\u00e3o Examinadora:<br \/>\nProf. Elias Lira dos Santos J\u00fanior;<br \/>\nProf. Paulo C\u00e9sar de Almeida Maia;<br \/>\nProf.\u00a0S\u00e9rgio Tibana;<br \/>\nProf. Frederico Terra de Almeida.<\/p>\n<p align=\"justify\"><em>Data da Defesa:<\/em> Setembro de 2005<\/p>\n<p>Resumo: A destina\u00e7\u00e3o final dos res\u00edduos s\u00f3lidos gerados em \u00e1reas urbanas constitui-se em um dos grandes problemas da gest\u00e3o p\u00fablica em todo o mundo, n\u00e3o apenas devido \u00e0 quantidade di\u00e1ria de lixo acumulada, mas tamb\u00e9m pelo impacto que causa ao meio ambiente. Desta forma, neste trabalho, procurou-se desenvolver um estudo para escolha de uma \u00e1rea para disposi\u00e7\u00e3o final dos res\u00edduos s\u00f3lidos urbanos na cidade de Campos dos Goytacazes\/RJ e nesta \u00e1rea dimensionar um aterro sanit\u00e1rio com vida \u00fatil de 20 anos, tendo as suas c\u00e9lulas 5,0 m de altura. Foram analisadas tr\u00eas \u00e1reas tendo como base os requisitos necess\u00e1rios para que se possa construir um aterro sanit\u00e1rio, e ap\u00f3s compara\u00e7\u00e3o foi escolhida uma \u00e1rea localizada pr\u00f3xima \u00e0 rodovia Campos \u2013 S\u00e3o Fid\u00e9lis Km 13, sendo a que mais atendeu aos crit\u00e9rios de pr\u00e9-sele\u00e7\u00e3o. Como processo seguinte \u00e0 escolha da \u00e1rea, buscou-se dados da cidade em quest\u00e3o (como popula\u00e7\u00e3o, taxa de crescimento, \u00e1rea) e sobre os res\u00edduos s\u00f3lidos desta (peso espec\u00edfico, composi\u00e7\u00e3o gravim\u00e9trica, produ\u00e7\u00e3o di\u00e1ria), e em posse desses dados elaborou-se o projeto de dimensionamento do aterro sanit\u00e1rio seguindo as recomenda\u00e7\u00f5es da norma brasileira (NBR 8419, 1992).<br \/>\nFazendo parte do projeto o dimensionamento geom\u00e9trico, geot\u00e9cnico e estrutural, al\u00e9m das infraestruturas de prote\u00e7\u00e3o ambiental.<\/p>\n<p align=\"justify\"><a href=\"http:\/\/uenf.br\/cct\/leciv\/files\/2014\/12\/projeto_edimar.pdf\">Download aqui!<\/a><\/p>\n","protected":false},"excerpt":{"rendered":"<p>Escolha de uma\u00a0\u00c1rea para Disposi\u00e7\u00e3o Final dos Res\u00edduos S\u00f3lidos Urbanos e Dimensinamento de um Aterro Sanit\u00e1rio para a Cidade de&#8230;<\/p>\n","protected":false},"author":8,"featured_media":0,"parent":350,"menu_order":18,"comment_status":"open","ping_status":"open","template":"","meta":{"footnotes":""},"class_list":["post-441","page","type-page","status-publish","hentry"],"_links":{"self":[{"href":"https:\/\/uenf.br\/cct\/leciv\/wp-json\/wp\/v2\/pages\/441","targetHints":{"allow":["GET"]}}],"collection":[{"href":"https:\/\/uenf.br\/cct\/leciv\/wp-json\/wp\/v2\/pages"}],"about":[{"href":"https:\/\/uenf.br\/cct\/leciv\/wp-json\/wp\/v2\/types\/page"}],"author":[{"embeddable":true,"href":"https:\/\/uenf.br\/cct\/leciv\/wp-json\/wp\/v2\/users\/8"}],"replies":[{"embeddable":true,"href":"https:\/\/uenf.br\/cct\/leciv\/wp-json\/wp\/v2\/comments?post=441"}],"version-history":[{"count":0,"href":"https:\/\/uenf.br\/cct\/leciv\/wp-json\/wp\/v2\/pages\/441\/revisions"}],"up":[{"embeddable":true,"href":"https:\/\/uenf.br\/cct\/leciv\/wp-json\/wp\/v2\/pages\/350"}],"wp:attachment":[{"href":"https:\/\/uenf.br\/cct\/leciv\/wp-json\/wp\/v2\/media?parent=441"}],"curies":[{"name":"wp","href":"https:\/\/api.w.org\/{rel}","templated":true}]}}