{"id":444,"date":"2014-12-16T12:36:40","date_gmt":"2014-12-16T12:36:40","guid":{"rendered":"http:\/\/uenf.br\/cct\/leciv\/?page_id=444"},"modified":"2015-11-16T20:02:43","modified_gmt":"2015-11-16T20:02:43","slug":"rennan-feres-valinho","status":"publish","type":"page","link":"https:\/\/uenf.br\/cct\/leciv\/graduacao\/projetos-finais\/rennan-feres-valinho\/","title":{"rendered":"Rennan F\u00e9res Valinho"},"content":{"rendered":"<p align=\"justify\"><b>Dimensionamento de um aterro sobre Solo Mole Refor\u00e7ado com Geossint\u00e9tico<\/b><\/p>\n<p>Orientador:<br \/>\nProf. Paulo C\u00e9sar de Almeida Maia<br \/>\nComiss\u00e3o Examinadora:<br \/>\nProf. Paulo C\u00e9sar de Almeida Maia<br \/>\nProf. Fernando Saboya Jr.<br \/>\nProf. S\u00e9rgio Tibana<\/p>\n<p align=\"justify\"><em>Data da Defesa:<\/em> Setembro de 2005<\/p>\n<p>Resumo: O presente projeto objetiva apresentar o dimensionamento de um aterro sobre solos moles destinado a fins vi\u00e1rios, na regi\u00e3o de Campos dos Goytacazes. Os c\u00e1lculos e estudos foram realizados baseando-se nos par\u00e2metros dos ensaios de CPT e SPT, executados no local onde se pretende lan\u00e7ar o aterro. \u00c9 apresentado um perfil geot\u00e9cnico para caracterizar o subsolo. Para a defini\u00e7\u00e3o do processo construtivo mais adequado, estima-se o recalque com o peso do aterro, valendo-se da varia\u00e7\u00e3o da sobrecarga utilizada e da utiliza\u00e7\u00e3o de geodrenos, s\u00e3o comparados para tanto os tempos que cada processo leva para alcan\u00e7ar 90% do recalque final. As an\u00e1lises de estabilidade foram feitas com aux\u00edlio o do software Slope\/w da GeoSlope\u00d2 Studio International. Comparam-se os fatores de seguran\u00e7a obtidos para a superf\u00edcie de ruptura cr\u00edtica devido a varia\u00e7\u00e3o da inclina\u00e7\u00e3o do talude bem como para a utiliza\u00e7\u00e3o de refor\u00e7o no aterro objetivando alcan\u00e7ar o m\u00ednimo previsto em norma do DNER que \u00e9 de 1,4 para a classe escolhida. Conclui-se que a utiliza\u00e7\u00e3o dos geodrenos \u00e9 eficaz, pois aumenta drasticamente a velocidade de se atingir a porcentagem dos recalques e que a utiliza\u00e7\u00e3o de refor\u00e7o garante mais estabilidade para inclina\u00e7\u00f5es menores do talude diminuindo o gasto com material.<\/p>\n<p align=\"justify\"><a href=\"http:\/\/uenf.br\/cct\/leciv\/files\/2014\/12\/projeto_rennan.pdf\">Download aqui!<\/a><\/p>\n","protected":false},"excerpt":{"rendered":"<p>Dimensionamento de um aterro sobre Solo Mole Refor\u00e7ado com Geossint\u00e9tico Orientador: Prof. Paulo C\u00e9sar de Almeida Maia Comiss\u00e3o Examinadora: Prof&#8230;.<\/p>\n","protected":false},"author":8,"featured_media":0,"parent":350,"menu_order":19,"comment_status":"open","ping_status":"open","template":"","meta":{"footnotes":""},"class_list":["post-444","page","type-page","status-publish","hentry"],"_links":{"self":[{"href":"https:\/\/uenf.br\/cct\/leciv\/wp-json\/wp\/v2\/pages\/444","targetHints":{"allow":["GET"]}}],"collection":[{"href":"https:\/\/uenf.br\/cct\/leciv\/wp-json\/wp\/v2\/pages"}],"about":[{"href":"https:\/\/uenf.br\/cct\/leciv\/wp-json\/wp\/v2\/types\/page"}],"author":[{"embeddable":true,"href":"https:\/\/uenf.br\/cct\/leciv\/wp-json\/wp\/v2\/users\/8"}],"replies":[{"embeddable":true,"href":"https:\/\/uenf.br\/cct\/leciv\/wp-json\/wp\/v2\/comments?post=444"}],"version-history":[{"count":0,"href":"https:\/\/uenf.br\/cct\/leciv\/wp-json\/wp\/v2\/pages\/444\/revisions"}],"up":[{"embeddable":true,"href":"https:\/\/uenf.br\/cct\/leciv\/wp-json\/wp\/v2\/pages\/350"}],"wp:attachment":[{"href":"https:\/\/uenf.br\/cct\/leciv\/wp-json\/wp\/v2\/media?parent=444"}],"curies":[{"name":"wp","href":"https:\/\/api.w.org\/{rel}","templated":true}]}}