{"id":447,"date":"2014-12-16T12:44:19","date_gmt":"2014-12-16T12:44:19","guid":{"rendered":"http:\/\/uenf.br\/cct\/leciv\/?page_id=447"},"modified":"2015-11-17T13:26:08","modified_gmt":"2015-11-17T13:26:08","slug":"cristiano-pena-miller-leandro-rosa-barbosa-e-maikon-caetano-ramos-pessanha","status":"publish","type":"page","link":"https:\/\/uenf.br\/cct\/leciv\/graduacao\/projetos-finais\/cristiano-pena-miller-leandro-rosa-barbosa-e-maikon-caetano-ramos-pessanha\/","title":{"rendered":"Cristiano Pena Miller, Leandro Rosa Barbosa e Maikon Caetano Ramos Pessanha"},"content":{"rendered":"<p align=\"justify\"><strong>Dimensionamento Estrutural de uma Ponte em Concreto Armado<\/strong><\/p>\n<p>Orientador:<br \/>\nProf. Sergio Luis Gonz\u00e1lez Garcia<br \/>\nComiss\u00e3o Examinadora:<br \/>\nProf. Ubirajara Ferreira da Silva<br \/>\nProf. Jean Marie D\u00e9sir<br \/>\nProf. Frederico Terra de Almeida<br \/>\nProf. Sergio Luis Gonz\u00e1lez Garcia<\/p>\n<p align=\"justify\"><em>Data da Defesa:<\/em> Maio de 2005<\/p>\n<p align=\"justify\">Resumo: Foi escolhido para tema deste Trabalho Final de Curso de Bacharelado em Engenharia Civil o projeto de uma ponte em concreto armado, com o intuito de consolidar os conhecimentos obtidos no decorrer do curso. Para tal fim, foi utilizado para aplica\u00e7\u00e3o destes conceitos a Rodovia Linha Azul que se encontra em constru\u00e7\u00e3o, no Munic\u00edpio de Maca\u00e9 no Estado do Rio de Janeiro, e intercepta tr\u00eas cursos d\u2019\u00e1gua.<br \/>\nA Rodovia Linha Azul consiste na continua\u00e7\u00e3o da pavimenta\u00e7\u00e3o da Estrada do Imburo, interligando-a com o entroncamento do Trevo da Ajuda de Cima, perfazendo uma extens\u00e3o de 7,5 km de pista dupla, ilumina\u00e7\u00e3o, urbaniza\u00e7\u00e3o e ciclovia. No local tamb\u00e9m ser\u00e3o feitas as drenagens de \u00e1guas pluviais e a constru\u00e7\u00e3o de tr\u00eas pontes, como se trata de pista dupla, ser\u00e3o constru\u00eddas seis pontes no total.<br \/>\nO objetivo deste empreendimento \u00e9 funcionar como uma via de contorno, desafogando o tr\u00e2nsito no centro da cidade e na Ponte Ivan Mundim, que liga o Centro ao bairro da Barra.<br \/>\nComo objeto de estudo deste trabalho foi escolhida a ponte que transp\u00f5e o Canal Virgem Santa, por apresentar certos fatores que tornam mais complexos os seus c\u00e1lculos, como o fato da mesma possuir supereleva\u00e7\u00e3o e sua localiza\u00e7\u00e3o esconsa em rela\u00e7\u00e3o ao canal.<br \/>\nAqui ser\u00e3o apresentados todas as considera\u00e7\u00f5es, dados, mem\u00f3rias de c\u00e1lculo utilizadas no projeto e dimensionamento, assim como todos os respectivos memoriais descritivos e detalhes, desenhos contendo cortes, detalhamentos e vistas, que sejam necess\u00e1rios ao bom entendimento do mesmo como um todo.<\/p>\n<p align=\"justify\"><a href=\"http:\/\/uenf.br\/cct\/leciv\/files\/2014\/12\/projeto_cristiano_leandro_maikon.pdf\">Download aqui!<\/a><\/p>\n","protected":false},"excerpt":{"rendered":"<p>Dimensionamento Estrutural de uma Ponte em Concreto Armado Orientador: Prof. Sergio Luis Gonz\u00e1lez Garcia Comiss\u00e3o Examinadora: Prof. Ubirajara Ferreira da&#8230;<\/p>\n","protected":false},"author":8,"featured_media":0,"parent":350,"menu_order":20,"comment_status":"open","ping_status":"open","template":"","meta":{"footnotes":""},"class_list":["post-447","page","type-page","status-publish","hentry"],"_links":{"self":[{"href":"https:\/\/uenf.br\/cct\/leciv\/wp-json\/wp\/v2\/pages\/447","targetHints":{"allow":["GET"]}}],"collection":[{"href":"https:\/\/uenf.br\/cct\/leciv\/wp-json\/wp\/v2\/pages"}],"about":[{"href":"https:\/\/uenf.br\/cct\/leciv\/wp-json\/wp\/v2\/types\/page"}],"author":[{"embeddable":true,"href":"https:\/\/uenf.br\/cct\/leciv\/wp-json\/wp\/v2\/users\/8"}],"replies":[{"embeddable":true,"href":"https:\/\/uenf.br\/cct\/leciv\/wp-json\/wp\/v2\/comments?post=447"}],"version-history":[{"count":0,"href":"https:\/\/uenf.br\/cct\/leciv\/wp-json\/wp\/v2\/pages\/447\/revisions"}],"up":[{"embeddable":true,"href":"https:\/\/uenf.br\/cct\/leciv\/wp-json\/wp\/v2\/pages\/350"}],"wp:attachment":[{"href":"https:\/\/uenf.br\/cct\/leciv\/wp-json\/wp\/v2\/media?parent=447"}],"curies":[{"name":"wp","href":"https:\/\/api.w.org\/{rel}","templated":true}]}}