{"id":450,"date":"2014-12-16T12:52:06","date_gmt":"2014-12-16T12:52:06","guid":{"rendered":"http:\/\/uenf.br\/cct\/leciv\/?page_id=450"},"modified":"2015-11-17T13:26:46","modified_gmt":"2015-11-17T13:26:46","slug":"caroline-vieira-lannes","status":"publish","type":"page","link":"https:\/\/uenf.br\/cct\/leciv\/graduacao\/projetos-finais\/caroline-vieira-lannes\/","title":{"rendered":"Caroline Vieira Lannes"},"content":{"rendered":"<p align=\"justify\"><strong>Dimensionamento de uma Concession\u00e1ria de Ve\u00edculos em Concreto Protendido<\/strong><\/p>\n<p align=\"justify\">Orientador:<br \/>\nProf. Sergio Luis Gonz\u00e1lez Garcia.<br \/>\nComiss\u00e3o Examinadora:<br \/>\nProf. Jean Marie D\u00e9sir;<br \/>\nProf. Patricia Habib Hallak;<br \/>\nProf. Sergio Luis Gonz\u00e1lez Garcia.<\/p>\n<p align=\"justify\"><em>Data da Defesa:<\/em> Maio de 2005<\/p>\n<p>Resumo: O objetivo principal deste trabalho \u00e9 a familiariza\u00e7\u00e3o com o dimensionamento de estruturas em concreto protendido, atrav\u00e9s do conhecimento de conceitos b\u00e1sicos, c\u00e1lculo de perdas, tens\u00f5es admiss\u00edveis para o concreto e para o a\u00e7o, artif\u00edcios de protens\u00e3o (cordoalhas, ancoragens, macacos hidr\u00e1ulicos etc.), vantagens t\u00e9cnicas e econ\u00f4micas e sistemas de aplica\u00e7\u00e3o de protens\u00e3o. Al\u00e9m do dimensionamento de estruturas tamb\u00e9m em concreto armado, um conhecimento indispens\u00e1vel para a forma\u00e7\u00e3o de um engenheiro civil. Neste projeto \u00e9 dimensionada estruturalmente uma concession\u00e1ria de ve\u00edculos atrav\u00e9s da an\u00e1lise do projeto de arquitetura de forma a atender suas solicita\u00e7\u00f5es est\u00e9ticas e do dimensionamento de todos os elementos estruturais. O v\u00e3o desta concession\u00e1ria \u00e9 de 26,0 metros, praticamente imposs\u00edvel de ser vencido em concreto armado, pois como se sabe um dos maiores problemas desse tipo de mecanismo construtivo \u00e9 seu pr\u00f3prio peso. A protens\u00e3o aplica momentos fletores em sentido contr\u00e1rio ao das cargas, abatendo-as, permitindo vencer v\u00e3os maiores que o concreto armado convencional; para o mesmo v\u00e3o, permite reduzir a altura necess\u00e1ria da viga devido ao emprego de materiais de maior resist\u00eancia, diminuindo tamb\u00e9m consideravelmente a fissura\u00e7\u00e3o podendo at\u00e9 mesmo elimin\u00e1-la. A estrutura consistir\u00e1 em vigas protendidas apoiadas em pilares circulares de concreto armado, onde na interface destes encontra-se neoprene, para que n\u00e3o seja transferido aos pilares os esfor\u00e7os de protens\u00e3o, tornando assim a estrutura isost\u00e1tica no intuito de facilitar os c\u00e1lculos, j\u00e1 que o objetivo deste trabalho \u00e9 de um conhecimento sucinto do dimensionamento de estruturas em concreto protendido.<\/p>\n<p align=\"justify\"><a href=\"http:\/\/uenf.br\/cct\/leciv\/files\/2014\/12\/projeto_caroline.pdf\">Download aqui!<\/a><\/p>\n","protected":false},"excerpt":{"rendered":"<p>Dimensionamento de uma Concession\u00e1ria de Ve\u00edculos em Concreto Protendido Orientador: Prof. Sergio Luis Gonz\u00e1lez Garcia. Comiss\u00e3o Examinadora: Prof. Jean Marie&#8230;<\/p>\n","protected":false},"author":8,"featured_media":0,"parent":350,"menu_order":21,"comment_status":"open","ping_status":"open","template":"","meta":{"footnotes":""},"class_list":["post-450","page","type-page","status-publish","hentry"],"_links":{"self":[{"href":"https:\/\/uenf.br\/cct\/leciv\/wp-json\/wp\/v2\/pages\/450","targetHints":{"allow":["GET"]}}],"collection":[{"href":"https:\/\/uenf.br\/cct\/leciv\/wp-json\/wp\/v2\/pages"}],"about":[{"href":"https:\/\/uenf.br\/cct\/leciv\/wp-json\/wp\/v2\/types\/page"}],"author":[{"embeddable":true,"href":"https:\/\/uenf.br\/cct\/leciv\/wp-json\/wp\/v2\/users\/8"}],"replies":[{"embeddable":true,"href":"https:\/\/uenf.br\/cct\/leciv\/wp-json\/wp\/v2\/comments?post=450"}],"version-history":[{"count":0,"href":"https:\/\/uenf.br\/cct\/leciv\/wp-json\/wp\/v2\/pages\/450\/revisions"}],"up":[{"embeddable":true,"href":"https:\/\/uenf.br\/cct\/leciv\/wp-json\/wp\/v2\/pages\/350"}],"wp:attachment":[{"href":"https:\/\/uenf.br\/cct\/leciv\/wp-json\/wp\/v2\/media?parent=450"}],"curies":[{"name":"wp","href":"https:\/\/api.w.org\/{rel}","templated":true}]}}