{"id":453,"date":"2014-12-16T12:57:21","date_gmt":"2014-12-16T12:57:21","guid":{"rendered":"http:\/\/uenf.br\/cct\/leciv\/?page_id=453"},"modified":"2015-11-17T13:27:21","modified_gmt":"2015-11-17T13:27:21","slug":"jean-crispim-ferreira","status":"publish","type":"page","link":"https:\/\/uenf.br\/cct\/leciv\/graduacao\/projetos-finais\/jean-crispim-ferreira\/","title":{"rendered":"Jean Crispim Ferreira"},"content":{"rendered":"<p align=\"justify\"><b>Projeto Estrutural de Amplia\u00e7\u00e3o de Cais<br \/>\nVerifica\u00e7\u00e3o ao Dimensionamento da Cortina de Estaca-Prancha<\/b><\/p>\n<p>Orientador:<br \/>\nProf. Aldo Durand Farf\u00e1n<br \/>\nProf. Sergio Luis Gonz\u00e1lez Garcia (Co-orientador)<br \/>\nComiss\u00e3o Examinadora:<br \/>\nProf. Jean Marie D\u00e9sir<br \/>\nProf. Paulo C\u00e9sar de Almeida Maia<br \/>\nProf. Sergio Luis Gonz\u00e1lez Garcia<br \/>\nProf. Aldo Durand Farf\u00e1n<\/p>\n<p align=\"justify\"><em>Data da Defesa:<\/em> Maio de 2005<\/p>\n<p>Resumo: O presente trabalho trata da verifica\u00e7\u00e3o da cortina de estaca-prancha, que seria utilizada numa obra de conten\u00e7\u00e3o mar\u00edtima em 1992, quando foi realizado um Projeto de Engenharia visando ampliar a \u00e1rea de armazenamento \u00fatil do terminal de Cont\u00eaineres do Porto de Rio Grande \u2013 RS. Com base nos estudos realizados para a defini\u00e7\u00e3o do novo layout do cais, assim como, levantamento dos par\u00e2metros t\u00e9cnicos necess\u00e1rios (geot\u00e9cnicos e estruturais), p\u00f4de-se dar in\u00edcio \u00e0 an\u00e1lise do comportamento das estacas-pranchas (pr\u00e9-moldadas e protendidas) que seriam utilizadas para conter o aterro do retroporto. Na \u00e9poca o projeto de execu\u00e7\u00e3o da obra foi realizado atrav\u00e9s de m\u00e9todos convencionais de empuxo de terra e aux\u00edlio de um software estrutural. Hoje com a disponibilidade de m\u00e9todos mais modernos de c\u00e1lculo e an\u00e1lise para estes tipos de obra \u00e9 proposto uma verifica\u00e7\u00e3o e avalia\u00e7\u00e3o da estrutura atrav\u00e9s do m\u00e9todo dos elementos finitos (MEF). Tais verifica\u00e7\u00f5es se mostram vi\u00e1veis, pois com o surgimento de programas de computadores capazes de realizar estas an\u00e1lises, a possibilidade de obter resultados mais r\u00e1pidos e possivelmente mais confi\u00e1veis \u00e9 interessante. Al\u00e9m disso, \u00e9 uma forma de valida\u00e7\u00e3o do MEF por meio de uma compara\u00e7\u00e3o, para verificar se as an\u00e1lises realizadas na \u00e9poca foram arrojadas ou conservadoras.<\/p>\n<p align=\"justify\"><a href=\"http:\/\/uenf.br\/cct\/leciv\/files\/2014\/12\/projeto_jean.pdf\">Download aqui!<\/a><\/p>\n","protected":false},"excerpt":{"rendered":"<p>Projeto Estrutural de Amplia\u00e7\u00e3o de Cais Verifica\u00e7\u00e3o ao Dimensionamento da Cortina de Estaca-Prancha Orientador: Prof. Aldo Durand Farf\u00e1n Prof. Sergio&#8230;<\/p>\n","protected":false},"author":8,"featured_media":0,"parent":350,"menu_order":22,"comment_status":"open","ping_status":"open","template":"","meta":{"footnotes":""},"class_list":["post-453","page","type-page","status-publish","hentry"],"_links":{"self":[{"href":"https:\/\/uenf.br\/cct\/leciv\/wp-json\/wp\/v2\/pages\/453","targetHints":{"allow":["GET"]}}],"collection":[{"href":"https:\/\/uenf.br\/cct\/leciv\/wp-json\/wp\/v2\/pages"}],"about":[{"href":"https:\/\/uenf.br\/cct\/leciv\/wp-json\/wp\/v2\/types\/page"}],"author":[{"embeddable":true,"href":"https:\/\/uenf.br\/cct\/leciv\/wp-json\/wp\/v2\/users\/8"}],"replies":[{"embeddable":true,"href":"https:\/\/uenf.br\/cct\/leciv\/wp-json\/wp\/v2\/comments?post=453"}],"version-history":[{"count":0,"href":"https:\/\/uenf.br\/cct\/leciv\/wp-json\/wp\/v2\/pages\/453\/revisions"}],"up":[{"embeddable":true,"href":"https:\/\/uenf.br\/cct\/leciv\/wp-json\/wp\/v2\/pages\/350"}],"wp:attachment":[{"href":"https:\/\/uenf.br\/cct\/leciv\/wp-json\/wp\/v2\/media?parent=453"}],"curies":[{"name":"wp","href":"https:\/\/api.w.org\/{rel}","templated":true}]}}