{"id":456,"date":"2014-12-16T13:00:08","date_gmt":"2014-12-16T13:00:08","guid":{"rendered":"http:\/\/uenf.br\/cct\/leciv\/?page_id=456"},"modified":"2016-01-12T12:16:01","modified_gmt":"2016-01-12T12:16:01","slug":"deborah-ferreira-dantas-larissa-azevedo-curty-e-miriam-torp-da-silva","status":"publish","type":"page","link":"https:\/\/uenf.br\/cct\/leciv\/graduacao\/projetos-finais\/deborah-ferreira-dantas-larissa-azevedo-curty-e-miriam-torp-da-silva\/","title":{"rendered":"Deborah Ferreira Dantas, Larissa Azevedo Curty e Miriam Torp da Silva"},"content":{"rendered":"<p align=\"justify\"><strong>Dimensionamento e Avalia\u00e7\u00e3o Custo Benef\u00edcio de Moradias Convencional e N\u00e3o-Convencional<\/strong><\/p>\n<p>Orientador:<br \/>\nProf. Maria da Gl\u00f3ria Alves<br \/>\nProf. Frederico Terra Almeida (co-orientador)<br \/>\n<em>Comiss\u00e3o Examinadora:<br \/>\n<\/em>Prof. Frederico Terra Almeida<br \/>\nProf. S\u00e9rgio Luis Gonz\u00e1les Garcia<br \/>\nProf. Maria da Gl\u00f3ria Alves<\/p>\n<p align=\"justify\"><em>Data da Defesa:<\/em> Maio de 2005<\/p>\n<p align=\"justify\">Resumo: O conceito ambiental que envolve o setor da constru\u00e7\u00e3o civil \u00e9 conhecido como um dos grandes respons\u00e1veis pelos impactos ambientais no Brasil. Estes come\u00e7am pela grande quantidade de recursos naturais e energia utilizados na produ\u00e7\u00e3o e transporte de mat\u00e9rias primas, passam pela concep\u00e7\u00e3o do projeto e terminam em grande volume de res\u00edduos resultantes de t\u00e9cnicas de constru\u00e7\u00e3o empregadas por uma m\u00e3o-de-obra desqualificada. Visando minimizar alguns destes aspectos, foram constru\u00eddos dois tipos de moradia, convencional e n\u00e3o convencional. A convencional utiliza processos construtivos tradicionais; e a n\u00e3o convencional utiliza novas tecnologias, como materiais ecol\u00f3gicos (tijolo de solocimento, telha ecol\u00f3gica, madeira de reflorestamento, entre outros), fontes de energias renov\u00e1veis (e\u00f3lica, solar e fotovoltaica) e ainda processos de racionaliza\u00e7\u00e3o (capta\u00e7\u00e3o da \u00e1gua da chuva para fins secund\u00e1rios).<br \/>\nOs resultados mostram que a casa n\u00e3o convencional apresenta um custo mais oneroso do que a convencional. No entanto, com o tempo esses custos ser\u00e3o amortizados e os benef\u00edcios de um im\u00f3vel com essa qualidade ser\u00e3o incalcul\u00e1veis.<\/p>\n<p align=\"justify\"><a href=\"http:\/\/uenf.br\/cct\/leciv\/files\/2014\/12\/projeto_deborah_larissa_miriam.pdf\">Download aqui!<\/a><\/p>\n","protected":false},"excerpt":{"rendered":"<p>Dimensionamento e Avalia\u00e7\u00e3o Custo Benef\u00edcio de Moradias Convencional e N\u00e3o-Convencional Orientador: Prof. Maria da Gl\u00f3ria Alves Prof. Frederico Terra Almeida&#8230;<\/p>\n","protected":false},"author":8,"featured_media":0,"parent":350,"menu_order":23,"comment_status":"open","ping_status":"open","template":"","meta":{"footnotes":""},"class_list":["post-456","page","type-page","status-publish","hentry"],"_links":{"self":[{"href":"https:\/\/uenf.br\/cct\/leciv\/wp-json\/wp\/v2\/pages\/456","targetHints":{"allow":["GET"]}}],"collection":[{"href":"https:\/\/uenf.br\/cct\/leciv\/wp-json\/wp\/v2\/pages"}],"about":[{"href":"https:\/\/uenf.br\/cct\/leciv\/wp-json\/wp\/v2\/types\/page"}],"author":[{"embeddable":true,"href":"https:\/\/uenf.br\/cct\/leciv\/wp-json\/wp\/v2\/users\/8"}],"replies":[{"embeddable":true,"href":"https:\/\/uenf.br\/cct\/leciv\/wp-json\/wp\/v2\/comments?post=456"}],"version-history":[{"count":0,"href":"https:\/\/uenf.br\/cct\/leciv\/wp-json\/wp\/v2\/pages\/456\/revisions"}],"up":[{"embeddable":true,"href":"https:\/\/uenf.br\/cct\/leciv\/wp-json\/wp\/v2\/pages\/350"}],"wp:attachment":[{"href":"https:\/\/uenf.br\/cct\/leciv\/wp-json\/wp\/v2\/media?parent=456"}],"curies":[{"name":"wp","href":"https:\/\/api.w.org\/{rel}","templated":true}]}}