{"id":464,"date":"2014-12-17T12:20:28","date_gmt":"2014-12-17T12:20:28","guid":{"rendered":"http:\/\/uenf.br\/cct\/leciv\/?page_id=464"},"modified":"2016-01-04T19:07:22","modified_gmt":"2016-01-04T19:07:22","slug":"aline-nacif-souza-marcelo-garnier-mota","status":"publish","type":"page","link":"https:\/\/uenf.br\/cct\/leciv\/graduacao\/projetos-finais\/aline-nacif-souza-marcelo-garnier-mota\/","title":{"rendered":"Aline Nacif Souza e Marcelo Garnier Mota"},"content":{"rendered":"<p align=\"justify\"><strong>Dimensionamento Estrutural de uma Ponte em Concreto Armado<\/strong><\/p>\n<p align=\"justify\">Orientador:<br \/>\nProf. Sergio Luis Gonz\u00e1lez Garcia<br \/>\nComiss\u00e3o Examinadora:<br \/>\nProf. Paulo C\u00e9sar de Almeida Maia<br \/>\nProf. S\u00e9rgio Tibana<br \/>\nProf. Sergio Luis Gonz\u00e1lez Garcia<\/p>\n<p align=\"justify\"><em>Data da Defesa:<\/em> Agosto de 2004<\/p>\n<p>Resumo: Foi escolhido para tema deste Projeto Final de Curso de Bacharelado em Engenharia Civil o dimensionamento de uma ponte de concreto armado. Para tal fim, foi utilizado como base o projeto de uma ponte sobre o rio Juru\u00e1, no estado do Acre. Aqui ser\u00e3o apresentados memoriais descritivos e detalhes do projeto, mem\u00f3rias de c\u00e1lculo, desenhos contendo cortes, detalhamentos e vistas necess\u00e1rios ao bom entendimento do projeto como um todo.<\/p>\n<p align=\"justify\"><a href=\"http:\/\/uenf.br\/cct\/leciv\/files\/2014\/12\/projeto_aline_marcelo.pdf\">Download aqui!<\/a><\/p>\n","protected":false},"excerpt":{"rendered":"<p>Dimensionamento Estrutural de uma Ponte em Concreto Armado Orientador: Prof. Sergio Luis Gonz\u00e1lez Garcia Comiss\u00e3o Examinadora: Prof. Paulo C\u00e9sar de&#8230;<\/p>\n","protected":false},"author":8,"featured_media":0,"parent":350,"menu_order":25,"comment_status":"open","ping_status":"open","template":"","meta":{"footnotes":""},"class_list":["post-464","page","type-page","status-publish","hentry"],"_links":{"self":[{"href":"https:\/\/uenf.br\/cct\/leciv\/wp-json\/wp\/v2\/pages\/464","targetHints":{"allow":["GET"]}}],"collection":[{"href":"https:\/\/uenf.br\/cct\/leciv\/wp-json\/wp\/v2\/pages"}],"about":[{"href":"https:\/\/uenf.br\/cct\/leciv\/wp-json\/wp\/v2\/types\/page"}],"author":[{"embeddable":true,"href":"https:\/\/uenf.br\/cct\/leciv\/wp-json\/wp\/v2\/users\/8"}],"replies":[{"embeddable":true,"href":"https:\/\/uenf.br\/cct\/leciv\/wp-json\/wp\/v2\/comments?post=464"}],"version-history":[{"count":0,"href":"https:\/\/uenf.br\/cct\/leciv\/wp-json\/wp\/v2\/pages\/464\/revisions"}],"up":[{"embeddable":true,"href":"https:\/\/uenf.br\/cct\/leciv\/wp-json\/wp\/v2\/pages\/350"}],"wp:attachment":[{"href":"https:\/\/uenf.br\/cct\/leciv\/wp-json\/wp\/v2\/media?parent=464"}],"curies":[{"name":"wp","href":"https:\/\/api.w.org\/{rel}","templated":true}]}}