{"id":467,"date":"2014-12-17T12:23:03","date_gmt":"2014-12-17T12:23:03","guid":{"rendered":"http:\/\/uenf.br\/cct\/leciv\/?page_id=467"},"modified":"2015-11-17T13:29:49","modified_gmt":"2015-11-17T13:29:49","slug":"caroline-espinosa-viana","status":"publish","type":"page","link":"https:\/\/uenf.br\/cct\/leciv\/graduacao\/projetos-finais\/caroline-espinosa-viana\/","title":{"rendered":"Caroline Espinosa Viana"},"content":{"rendered":"<p align=\"justify\"><strong>Constru\u00e7\u00e3o de um Heliporto no Campus da Universidade Estadual do Norte Fluminense Darcy Ribeiro (UENF)<\/strong><\/p>\n<p>Orientador:<br \/>\nProf. Dylmar Penteado Dias<br \/>\nComiss\u00e3o Examinadora:<br \/>\nProf. Paulo C\u00e9sar de Almeida Maia<br \/>\nProf. Sergio Luis Gonz\u00e1lez Garcia<br \/>\nProf. Dylmar Penteado Dias<\/p>\n<p align=\"justify\"><em>Data da Defesa:<\/em> Fevereiro de 2004<\/p>\n<p>Resumo: Esse projeto tem como objetivo a constru\u00e7\u00e3o de um heliporto na cidade de Campos dos Goytacazes, que apesar de seu porte, com cerca de 400.000 habitantes, possui apenas o aeroporto Bartolomeu Lizandro e o heliporto na praia de Farol de S\u00e3o Tom\u00e9 para pousos e decolagens de helic\u00f3pteros. O local escolhido foi o campus da Universidade Estadual do Norte Fluminense Darcy Ribeiro, por seu constante fluxo de helic\u00f3pteros e sua previs\u00e3o de crescimento. Brevemente, o campus da UENF contar\u00e1 com um local para Eventos e um Centro de Conviv\u00eancia e Conven\u00e7\u00f5es.<\/p>\n<p align=\"justify\"><a href=\"http:\/\/uenf.br\/cct\/leciv\/files\/2014\/12\/projeto_caroline1.pdf\">Download aqui!<\/a><\/p>\n","protected":false},"excerpt":{"rendered":"<p>Constru\u00e7\u00e3o de um Heliporto no Campus da Universidade Estadual do Norte Fluminense Darcy Ribeiro (UENF) Orientador: Prof. Dylmar Penteado Dias&#8230;<\/p>\n","protected":false},"author":8,"featured_media":0,"parent":350,"menu_order":26,"comment_status":"open","ping_status":"open","template":"","meta":{"footnotes":""},"class_list":["post-467","page","type-page","status-publish","hentry"],"_links":{"self":[{"href":"https:\/\/uenf.br\/cct\/leciv\/wp-json\/wp\/v2\/pages\/467","targetHints":{"allow":["GET"]}}],"collection":[{"href":"https:\/\/uenf.br\/cct\/leciv\/wp-json\/wp\/v2\/pages"}],"about":[{"href":"https:\/\/uenf.br\/cct\/leciv\/wp-json\/wp\/v2\/types\/page"}],"author":[{"embeddable":true,"href":"https:\/\/uenf.br\/cct\/leciv\/wp-json\/wp\/v2\/users\/8"}],"replies":[{"embeddable":true,"href":"https:\/\/uenf.br\/cct\/leciv\/wp-json\/wp\/v2\/comments?post=467"}],"version-history":[{"count":0,"href":"https:\/\/uenf.br\/cct\/leciv\/wp-json\/wp\/v2\/pages\/467\/revisions"}],"up":[{"embeddable":true,"href":"https:\/\/uenf.br\/cct\/leciv\/wp-json\/wp\/v2\/pages\/350"}],"wp:attachment":[{"href":"https:\/\/uenf.br\/cct\/leciv\/wp-json\/wp\/v2\/media?parent=467"}],"curies":[{"name":"wp","href":"https:\/\/api.w.org\/{rel}","templated":true}]}}