{"id":470,"date":"2014-12-17T12:26:50","date_gmt":"2014-12-17T12:26:50","guid":{"rendered":"http:\/\/uenf.br\/cct\/leciv\/?page_id=470"},"modified":"2016-01-12T12:07:20","modified_gmt":"2016-01-12T12:07:20","slug":"aline-dias-pinheiro","status":"publish","type":"page","link":"https:\/\/uenf.br\/cct\/leciv\/graduacao\/projetos-finais\/aline-dias-pinheiro\/","title":{"rendered":"Aline Dias Pinheiro"},"content":{"rendered":"<p align=\"justify\"><strong>Avalia\u00e7\u00e3o e Refor\u00e7o das Funda\u00e7\u00f5es de um Edif\u00edcio Residencial<\/strong><\/p>\n<p><em>Orientador:<\/em><br \/>\nProf. Paulo C\u00e9sar de Almeida Maia<br \/>\n<em>Comiss\u00e3o Examinadora:<br \/>\n<\/em>Prof. Paulo C\u00e9sar de Almeida Maia;<br \/>\nDr. Luiz Gabriel Sarmet Moreira Smiderle;<br \/>\nProf. Fernando Saboya Jr.<\/p>\n<p align=\"justify\"><em>Data da Defesa:<\/em> Fevereiro de 2004<\/p>\n<p><em>Resumo:<\/em> Este projeto teve por objetivo avaliar o comportamento da estrutura de um edif\u00edcio residencial que vem apresentando instabilidade e fissura\u00e7\u00e3o ao longo dos anos e propor refor\u00e7os adequados, apresentando or\u00e7amentos comparativos, permitindo a escolha da melhor op\u00e7\u00e3o para execu\u00e7\u00e3o. As trincas podem ser consideradas como a manifesta\u00e7\u00e3o patol\u00f3gica caracter\u00edstica das estruturas de concreto, sendo o dano mais comum e que mais chama a aten\u00e7\u00e3o dos leigos, propriet\u00e1rios e usu\u00e1rios, para o fato de que algo de anormal est\u00e1 a acontecer. O surgimento de problemas patol\u00f3gicos em uma estrutura indica, de maneira geral, a exist\u00eancia de uma ou mais falhas durante a concep\u00e7\u00e3o, execu\u00e7\u00e3o e utiliza\u00e7\u00e3o da constru\u00e7\u00e3o. Os recalques de funda\u00e7\u00f5es, especialmente os recalques diferenciais, s\u00e3o a principal causa de deteriora\u00e7\u00e3o de estruturas. Em casos extremos, o aumento das cargas transmitidas \u00e0s funda\u00e7\u00f5es, ocasionam a ruptura da obra. A metodologia de execu\u00e7\u00e3o do projeto consistiu, primeiramente, em estudar e avaliar as poss\u00edveis falhas, determinando o motivo da instabilidade da constru\u00e7\u00e3o. Foi feita a esquematiza\u00e7\u00e3o estrutural do edif\u00edcio, verificando as condi\u00e7\u00f5es de equil\u00edbrio e a determina\u00e7\u00e3o das cargas reais atuantes nas funda\u00e7\u00f5es. Posteriormente, foram calculados os recalques das funda\u00e7\u00f5es e a an\u00e1lise da estrutura como um todo. Fez-se o pr\u00e9-dimensionamento de diferentes tipos de refor\u00e7os avaliando-se aspectos executivos e de custo. Foi projetado detalhadamente o melhor refor\u00e7o em termos executivo e financeiro.<\/p>\n<p align=\"justify\"><a href=\"http:\/\/uenf.br\/cct\/leciv\/files\/2014\/12\/projeto_aline.pdf\">Download aqui!<\/a><\/p>\n","protected":false},"excerpt":{"rendered":"<p>Avalia\u00e7\u00e3o e Refor\u00e7o das Funda\u00e7\u00f5es de um Edif\u00edcio Residencial Orientador: Prof. Paulo C\u00e9sar de Almeida Maia Comiss\u00e3o Examinadora: Prof. Paulo&#8230;<\/p>\n","protected":false},"author":8,"featured_media":0,"parent":350,"menu_order":27,"comment_status":"open","ping_status":"open","template":"","meta":{"footnotes":""},"class_list":["post-470","page","type-page","status-publish","hentry"],"_links":{"self":[{"href":"https:\/\/uenf.br\/cct\/leciv\/wp-json\/wp\/v2\/pages\/470","targetHints":{"allow":["GET"]}}],"collection":[{"href":"https:\/\/uenf.br\/cct\/leciv\/wp-json\/wp\/v2\/pages"}],"about":[{"href":"https:\/\/uenf.br\/cct\/leciv\/wp-json\/wp\/v2\/types\/page"}],"author":[{"embeddable":true,"href":"https:\/\/uenf.br\/cct\/leciv\/wp-json\/wp\/v2\/users\/8"}],"replies":[{"embeddable":true,"href":"https:\/\/uenf.br\/cct\/leciv\/wp-json\/wp\/v2\/comments?post=470"}],"version-history":[{"count":0,"href":"https:\/\/uenf.br\/cct\/leciv\/wp-json\/wp\/v2\/pages\/470\/revisions"}],"up":[{"embeddable":true,"href":"https:\/\/uenf.br\/cct\/leciv\/wp-json\/wp\/v2\/pages\/350"}],"wp:attachment":[{"href":"https:\/\/uenf.br\/cct\/leciv\/wp-json\/wp\/v2\/media?parent=470"}],"curies":[{"name":"wp","href":"https:\/\/api.w.org\/{rel}","templated":true}]}}