{"id":486,"date":"2014-12-17T12:47:33","date_gmt":"2014-12-17T12:47:33","guid":{"rendered":"http:\/\/uenf.br\/cct\/leciv\/?page_id=486"},"modified":"2015-11-17T16:54:13","modified_gmt":"2015-11-17T16:54:13","slug":"raquel-ofrante-salles","status":"publish","type":"page","link":"https:\/\/uenf.br\/cct\/leciv\/graduacao\/projetos-finais\/raquel-ofrante-salles\/","title":{"rendered":"Raquel Ofrante Salles"},"content":{"rendered":"<p align=\"justify\"><b>Barragem de Terra para Irriga\u00e7\u00e3o<\/b><\/p>\n<p>Orientador:<br \/>\nProf. Paulo C\u00e9sar de Almeida Maia<br \/>\nComiss\u00e3o Examinadora:<br \/>\nProf. Paulo C\u00e9sar de Almeida Maia;<br \/>\nProf. Frederico Terra de Almeida;<br \/>\nProf. S\u00e9rgio Tibana.<\/p>\n<p align=\"justify\"><em>Data da Defesa:<\/em> Fevereiro de 2004<\/p>\n<p><em>Resumo:<\/em> Este\u00a0trabalho tem por objetivo o desenvolvimento de um projeto executivo de uma barragem de terra para fins de irriga\u00e7\u00e3o. A barragem ser\u00e1 projetada para ser constru\u00edda no curso m\u00e9dio do Rio Para\u00edba do Sul, pr\u00f3ximo \u00e0 cidade de Itaocara-RJ. A se\u00e7\u00e3o t\u00edpica da barragem \u00e9 homog\u00eanea de terra com n\u00facleo imperme\u00e1vel argiloso. O sistema de drenagem do corpo da barragem ser\u00e1 formado por um tapete horizontal drenante, e um dreno de p\u00e9. A barragem ser\u00e1 constru\u00edda sobre rocha. A an\u00e1lise de estabilidade foi feita atrav\u00e9s do Programa GeoSlope. O vertedouro ser\u00e1 de concreto e localizado no corpo da barragem.<\/p>\n","protected":false},"excerpt":{"rendered":"<p>Barragem de Terra para Irriga\u00e7\u00e3o Orientador: Prof. Paulo C\u00e9sar de Almeida Maia Comiss\u00e3o Examinadora: Prof. Paulo C\u00e9sar de Almeida Maia;&#8230;<\/p>\n","protected":false},"author":8,"featured_media":0,"parent":350,"menu_order":31,"comment_status":"open","ping_status":"open","template":"","meta":{"footnotes":""},"class_list":["post-486","page","type-page","status-publish","hentry"],"_links":{"self":[{"href":"https:\/\/uenf.br\/cct\/leciv\/wp-json\/wp\/v2\/pages\/486","targetHints":{"allow":["GET"]}}],"collection":[{"href":"https:\/\/uenf.br\/cct\/leciv\/wp-json\/wp\/v2\/pages"}],"about":[{"href":"https:\/\/uenf.br\/cct\/leciv\/wp-json\/wp\/v2\/types\/page"}],"author":[{"embeddable":true,"href":"https:\/\/uenf.br\/cct\/leciv\/wp-json\/wp\/v2\/users\/8"}],"replies":[{"embeddable":true,"href":"https:\/\/uenf.br\/cct\/leciv\/wp-json\/wp\/v2\/comments?post=486"}],"version-history":[{"count":0,"href":"https:\/\/uenf.br\/cct\/leciv\/wp-json\/wp\/v2\/pages\/486\/revisions"}],"up":[{"embeddable":true,"href":"https:\/\/uenf.br\/cct\/leciv\/wp-json\/wp\/v2\/pages\/350"}],"wp:attachment":[{"href":"https:\/\/uenf.br\/cct\/leciv\/wp-json\/wp\/v2\/media?parent=486"}],"curies":[{"name":"wp","href":"https:\/\/api.w.org\/{rel}","templated":true}]}}