{"id":491,"date":"2014-12-17T12:50:57","date_gmt":"2014-12-17T12:50:57","guid":{"rendered":"http:\/\/uenf.br\/cct\/leciv\/?page_id=491"},"modified":"2016-01-12T11:41:27","modified_gmt":"2016-01-12T11:41:27","slug":"augusto-antunes-dos-santos","status":"publish","type":"page","link":"https:\/\/uenf.br\/cct\/leciv\/graduacao\/projetos-finais\/augusto-antunes-dos-santos\/","title":{"rendered":"Augusto Antunes dos Santos"},"content":{"rendered":"<div id=\"materiaPrincipal\">\n<p align=\"justify\"><strong>Projeto Estrutural de uma Jaqueta para Plataforma de Manuten\u00e7\u00e3o de Aeronaves na Bacia de Campos<br \/>\n<\/strong><br \/>\n<em>Orientador:<\/em><br \/>\nProf. Jean Marie D\u00e9sir<br \/>\n<em>Comiss\u00e3o Examinadora:<\/em><br \/>\nProf. Gines Arturo Santos Falc\u00f3n;<br \/>\nProf. Sergio Luis Gonz\u00e1lez Garcia;<br \/>\nProf. Jean Marie D\u00e9sir .<\/p>\n<p align=\"justify\"><em>Data da Defesa<\/em>: agosto de 2006<\/p>\n<p><em>Resumo:<\/em> A import\u00e2ncia da explora\u00e7\u00e3o petrol\u00edfera na regi\u00e3o Norte-Fluminense \u00e9 a principal motiva\u00e7\u00e3o para a escolha do \u201cProjeto de uma jaqueta para Plataforma de Manuten\u00e7\u00e3o de Aeronaves na Bacia de Campos\u201d como proposta de projeto final. A jaqueta \u00e9 um sistema offshore de sustenta\u00e7\u00e3o para a \u00e1rea de extra\u00e7\u00e3o e produ\u00e7\u00e3o de petr\u00f3leo. Foi desenvolvida uma metodologia de trabalho que consistiu na organiza\u00e7\u00e3o de um conjunto de procedimentos para a realiza\u00e7\u00e3o do dimensionamento da jaqueta. Al\u00e9m disso, utilizaram-se recursos computacionais como ferramentas de apoio para automatizar estes procedimentos. Numa primeira etapa, foi feita uma pesquisa dos tipos de geometrias mais comuns em estrutura offshore, para definir o objeto deste estudo. Ap\u00f3s, determinou-se \u00e0s solicita\u00e7\u00f5es devidas \u00e0s ondas, correntes marinhas, vento, peso pr\u00f3prio, sobrecarga e por fim procedeu-se \u00e0 verifica\u00e7\u00e3o dos elementos estruturais definidos na etapa de pr\u00e9dimensionamento de acordo com as exig\u00eancias normativas vigentes.<\/p>\n<p align=\"justify\"><a href=\"http:\/\/uenf.br\/cct\/leciv\/files\/2014\/12\/projeto_augusto.pdf\">Download aqui!<\/a><\/p>\n<\/div>\n","protected":false},"excerpt":{"rendered":"<p>Projeto Estrutural de uma Jaqueta para Plataforma de Manuten\u00e7\u00e3o de Aeronaves na Bacia de Campos Orientador: Prof. Jean Marie D\u00e9sir&#8230;<\/p>\n","protected":false},"author":8,"featured_media":0,"parent":350,"menu_order":33,"comment_status":"open","ping_status":"open","template":"","meta":{"footnotes":""},"class_list":["post-491","page","type-page","status-publish","hentry"],"_links":{"self":[{"href":"https:\/\/uenf.br\/cct\/leciv\/wp-json\/wp\/v2\/pages\/491","targetHints":{"allow":["GET"]}}],"collection":[{"href":"https:\/\/uenf.br\/cct\/leciv\/wp-json\/wp\/v2\/pages"}],"about":[{"href":"https:\/\/uenf.br\/cct\/leciv\/wp-json\/wp\/v2\/types\/page"}],"author":[{"embeddable":true,"href":"https:\/\/uenf.br\/cct\/leciv\/wp-json\/wp\/v2\/users\/8"}],"replies":[{"embeddable":true,"href":"https:\/\/uenf.br\/cct\/leciv\/wp-json\/wp\/v2\/comments?post=491"}],"version-history":[{"count":0,"href":"https:\/\/uenf.br\/cct\/leciv\/wp-json\/wp\/v2\/pages\/491\/revisions"}],"up":[{"embeddable":true,"href":"https:\/\/uenf.br\/cct\/leciv\/wp-json\/wp\/v2\/pages\/350"}],"wp:attachment":[{"href":"https:\/\/uenf.br\/cct\/leciv\/wp-json\/wp\/v2\/media?parent=491"}],"curies":[{"name":"wp","href":"https:\/\/api.w.org\/{rel}","templated":true}]}}