{"id":493,"date":"2014-12-17T12:51:50","date_gmt":"2014-12-17T12:51:50","guid":{"rendered":"http:\/\/uenf.br\/cct\/leciv\/?page_id=493"},"modified":"2016-01-12T11:35:47","modified_gmt":"2016-01-12T11:35:47","slug":"felipe-de-paiva-nascimento-e-oliveira-e-marconi-neves-sampaio","status":"publish","type":"page","link":"https:\/\/uenf.br\/cct\/leciv\/graduacao\/projetos-finais\/felipe-de-paiva-nascimento-e-oliveira-e-marconi-neves-sampaio\/","title":{"rendered":"Felipe de Paiva Nascimento e Oliveira e Marconi Neves Sampaio"},"content":{"rendered":"<p><strong>Projeto de\u00a0Estrutura de Conten\u00e7\u00e3o em Solo Refor\u00e7ado e em Solo Grampeado na Cidade de S\u00e3o Fid\u00e9lis<\/strong><\/p>\n<p><em>Orientador:<\/em><br \/>\nProf. Paulo C\u00e9sar de Almeida Maia;<br \/>\nProf. S\u00e9rgio Tibana.<\/p>\n<p><em>Comiss\u00e3o Examinadora:<\/em><br \/>\nProf. Robson Saramago ;<br \/>\nProf. Fernando Saboya Albuquerque J\u00fanior;<br \/>\nProf. S\u00e9rgio Tibana;<br \/>\nProf. Paulo C\u00e9sar de Almeida Maia.<\/p>\n<p><em>Data da Defesa<\/em>: dezembro de 2007<\/p>\n<p><em>Resumo:<\/em> O objetivo deste trabalho \u00e9 dimensionar duas estruturas de conten\u00e7\u00e3o para um talude no munic\u00edpio de S\u00e3o Fid\u00e9lis. Uma estrutura em solo refor\u00e7ado e outra em solo grampeado. O projeto \u00e9 de grande import\u00e2ncia devido \u00e0 vis\u00edvel instabilidade do talude, visto tamb\u00e9m que ele se localiza pr\u00f3ximo a casas habitadas.<br \/>\nInicialmente, ser\u00e1 realizada uma an\u00e1lise da estabilidade global do talude atual, passa-se ent\u00e3o ao c\u00e1lculo das estruturas de conten\u00e7\u00e3o em si. Para o mesmo talude ser\u00e3o calculadas uma estrutura em solo refor\u00e7ado e uma estrutura em solo grampeado.<br \/>\nO projeto ser\u00e1 constitu\u00eddo de detalhamento das estruturas de conten\u00e7\u00e3o, incluindo planta de situa\u00e7\u00e3o, planta do talude, plantas do talude com as estruturas de conten\u00e7\u00e3o e detalhes executivos. Ser\u00e3o feitos tamb\u00e9m um levantamento quantitativo das obras e uma previs\u00e3o de or\u00e7amento baseado nas planilhas de refer\u00eancia da EMOP e SINAPI, para compara\u00e7\u00e3o dos custos de cada estrutura de conten\u00e7\u00e3o.<\/p>\n<p>&nbsp;<\/p>\n<p><a href=\"http:\/\/uenf.br\/cct\/leciv\/files\/2014\/12\/projeto_felipe_marconi.pdf\">Download aqui!<\/a><\/p>\n","protected":false},"excerpt":{"rendered":"<p>Projeto de\u00a0Estrutura de Conten\u00e7\u00e3o em Solo Refor\u00e7ado e em Solo Grampeado na Cidade de S\u00e3o Fid\u00e9lis Orientador: Prof. Paulo C\u00e9sar&#8230;<\/p>\n","protected":false},"author":8,"featured_media":0,"parent":350,"menu_order":34,"comment_status":"open","ping_status":"open","template":"","meta":{"footnotes":""},"class_list":["post-493","page","type-page","status-publish","hentry"],"_links":{"self":[{"href":"https:\/\/uenf.br\/cct\/leciv\/wp-json\/wp\/v2\/pages\/493","targetHints":{"allow":["GET"]}}],"collection":[{"href":"https:\/\/uenf.br\/cct\/leciv\/wp-json\/wp\/v2\/pages"}],"about":[{"href":"https:\/\/uenf.br\/cct\/leciv\/wp-json\/wp\/v2\/types\/page"}],"author":[{"embeddable":true,"href":"https:\/\/uenf.br\/cct\/leciv\/wp-json\/wp\/v2\/users\/8"}],"replies":[{"embeddable":true,"href":"https:\/\/uenf.br\/cct\/leciv\/wp-json\/wp\/v2\/comments?post=493"}],"version-history":[{"count":0,"href":"https:\/\/uenf.br\/cct\/leciv\/wp-json\/wp\/v2\/pages\/493\/revisions"}],"up":[{"embeddable":true,"href":"https:\/\/uenf.br\/cct\/leciv\/wp-json\/wp\/v2\/pages\/350"}],"wp:attachment":[{"href":"https:\/\/uenf.br\/cct\/leciv\/wp-json\/wp\/v2\/media?parent=493"}],"curies":[{"name":"wp","href":"https:\/\/api.w.org\/{rel}","templated":true}]}}