{"id":497,"date":"2014-12-17T12:57:57","date_gmt":"2014-12-17T12:57:57","guid":{"rendered":"http:\/\/uenf.br\/cct\/leciv\/?page_id=497"},"modified":"2018-09-06T13:44:48","modified_gmt":"2018-09-06T13:44:48","slug":"calendario-academico","status":"publish","type":"page","link":"https:\/\/uenf.br\/cct\/leciv\/graduacao\/calendario-academico\/","title":{"rendered":"Calend\u00e1rio Acad\u00eamico"},"content":{"rendered":"<p>Os Calend\u00e1rios Acad\u00eamicos est\u00e3o dispon\u00edveis em\u00a0 \u00a0 \u00a0<a href=\"http:\/\/www.uenf.br\/portal\/index.php\/br\/calendario-graduacao-2013-1.html\">Calend\u00e1rios Acad\u00eamicos 2017.02 e 2018.02<\/a><\/p>\n","protected":false},"excerpt":{"rendered":"<p>Os Calend\u00e1rios Acad\u00eamicos est\u00e3o dispon\u00edveis em\u00a0 \u00a0 \u00a0Calend\u00e1rios Acad\u00eamicos 2017.02 e 2018.02<\/p>\n","protected":false},"author":8,"featured_media":0,"parent":33,"menu_order":15,"comment_status":"open","ping_status":"open","template":"","meta":{"footnotes":""},"class_list":["post-497","page","type-page","status-publish","hentry"],"_links":{"self":[{"href":"https:\/\/uenf.br\/cct\/leciv\/wp-json\/wp\/v2\/pages\/497","targetHints":{"allow":["GET"]}}],"collection":[{"href":"https:\/\/uenf.br\/cct\/leciv\/wp-json\/wp\/v2\/pages"}],"about":[{"href":"https:\/\/uenf.br\/cct\/leciv\/wp-json\/wp\/v2\/types\/page"}],"author":[{"embeddable":true,"href":"https:\/\/uenf.br\/cct\/leciv\/wp-json\/wp\/v2\/users\/8"}],"replies":[{"embeddable":true,"href":"https:\/\/uenf.br\/cct\/leciv\/wp-json\/wp\/v2\/comments?post=497"}],"version-history":[{"count":0,"href":"https:\/\/uenf.br\/cct\/leciv\/wp-json\/wp\/v2\/pages\/497\/revisions"}],"up":[{"embeddable":true,"href":"https:\/\/uenf.br\/cct\/leciv\/wp-json\/wp\/v2\/pages\/33"}],"wp:attachment":[{"href":"https:\/\/uenf.br\/cct\/leciv\/wp-json\/wp\/v2\/media?parent=497"}],"curies":[{"name":"wp","href":"https:\/\/api.w.org\/{rel}","templated":true}]}}