{"id":499,"date":"2014-12-17T13:01:17","date_gmt":"2014-12-17T13:01:17","guid":{"rendered":"http:\/\/uenf.br\/cct\/leciv\/?page_id=499"},"modified":"2017-01-04T18:51:51","modified_gmt":"2017-01-04T18:51:51","slug":"estagio-supervisionado","status":"publish","type":"page","link":"https:\/\/uenf.br\/cct\/leciv\/graduacao\/estagio-supervisionado\/","title":{"rendered":"Est\u00e1gio Supervisionado"},"content":{"rendered":"<div>\n<p>Conforme previsto no Projeto Pedag\u00f3gico do curso de Engenharia Civil, o Est\u00e1gio \u00e9 componente curricular e, portanto dever\u00e1 ser realizado pelos alunos da Gradua\u00e7\u00e3o. A sua realiza\u00e7\u00e3o segue as diretrizes da Lei federal n\u00ba 11788 de 25 de setembro de 2008 e a resolu\u00e7\u00e3o vigente na Institui\u00e7\u00e3o.<br \/>\nA seguir, o estudante de gradua\u00e7\u00e3o tem a seu dispor algumas informa\u00e7\u00f5es importantes para o cumprimento deste componente:<\/p>\n<ul>\n<li>Regimento Geral da Gradua\u00e7\u00e3o: <a href=\"http:\/\/uenf.br\/cct\/leciv\/files\/2014\/12\/Resumo-Regimento-Geral-da-Gradua\u00e7\u00e3o-Est\u00e1gios.pdf\" rel=\"\">Resumo Cap. X &#8211; Est\u00e1gio<\/a><\/li>\n<\/ul>\n<ul>\n<li>\u00a0No <a href=\"http:\/\/uenf.br\/cct\/leciv\/graduacao\/projeto-pedagogico\/\">Projeto Pedag\u00f3gico<\/a> do curso temos:<\/li>\n<\/ul>\n<p>O est\u00e1gio poder\u00e1 ser:<\/p>\n<ul>\n<li>Obrigat\u00f3rio, quando o aluno estiver matriculado na disciplina Est\u00e1gio Supervisionado oferecida no 8\u00ba per\u00edodo e tiver cumprido pelo menos 50% da carga hor\u00e1ria do Curso. A carga hor\u00e1ria para a realiza\u00e7\u00e3o deste deve ser superior a 204 horas.<\/li>\n<li>N\u00e3o obrigat\u00f3rio quando n\u00e3o matriculado nesta disciplina e tendo o aluno cumprido no m\u00ednimo 25% do Curso.<\/li>\n<\/ul>\n<p><strong>\u00a0<\/strong>Para maiores informa\u00e7\u00f5es sobre os Procedimentos, Formul\u00e1rios, Campos de Est\u00e1gio e Oportunidades, procure os \u00f3rg\u00e3os de apoio:<\/p>\n<p><strong>\u00d3rg\u00e3os de Apoio:<\/strong><strong><br \/>\n<\/strong>I &#8211; O N\u00facleo de Est\u00e1gio:<\/p>\n<p><strong>NUCEST :<\/strong> tem a miss\u00e3o de coordenar e gerenciar as atividades de est\u00e1gio nos diversos cursos de gradua\u00e7\u00e3o.<br \/>\nHome page :\u00a0<a href=\"http:\/\/www.uenf.br\/Uenf\/Pages\/Reitoria\/Nucest\/\"> http:\/\/www.uenf.br\/index.html\/Nucest<\/a><a href=\"http:\/\/www.uenf.br\/index.html\/Nucest\"><br \/>\n<\/a>E-mail :\u00a0\u00a0\u00a0\u00a0\u00a0\u00a0\u00a0 <a href=\"mailto:estagio@uenf.br\">estagio@uenf.br<br \/>\n<\/a>Endere\u00e7o: Av. Alberto Lamego, 2000 &#8211; Parque Calif\u00f3rnia<br \/>\nSala do NUCEST &#8211; Segundo Andar do Pr\u00e9dio P9 &#8211; Uenf<br \/>\nCampos dos Goytacazes\/RJ &#8211; Brasil<br \/>\nCEP: 28013-602<br \/>\nTel: (022) 2739-7010<\/p>\n<p>II \u2013 Coordena\u00e7\u00e3o de Est\u00e1gio do Curso:<\/p>\n<p><strong>Coordenador de Est\u00e1gio<\/strong>:<br \/>\nProf. Sergio Luis Gonz\u00e1lez Garcia<br \/>\nE-mail: <a href=\"mailto:liluiser@uenf.br\">liluiser@uenf.br<\/a> e <a href=\"mailto:liluiser@yahoo.com.br\">liluiser@yahoo.com.br<\/a><\/p>\n<\/div>\n","protected":false},"excerpt":{"rendered":"<p>Conforme previsto no Projeto Pedag\u00f3gico do curso de Engenharia Civil, o Est\u00e1gio \u00e9 componente curricular e, portanto dever\u00e1 ser realizado&#8230;<\/p>\n","protected":false},"author":8,"featured_media":0,"parent":33,"menu_order":16,"comment_status":"open","ping_status":"open","template":"","meta":{"footnotes":""},"class_list":["post-499","page","type-page","status-publish","hentry"],"_links":{"self":[{"href":"https:\/\/uenf.br\/cct\/leciv\/wp-json\/wp\/v2\/pages\/499","targetHints":{"allow":["GET"]}}],"collection":[{"href":"https:\/\/uenf.br\/cct\/leciv\/wp-json\/wp\/v2\/pages"}],"about":[{"href":"https:\/\/uenf.br\/cct\/leciv\/wp-json\/wp\/v2\/types\/page"}],"author":[{"embeddable":true,"href":"https:\/\/uenf.br\/cct\/leciv\/wp-json\/wp\/v2\/users\/8"}],"replies":[{"embeddable":true,"href":"https:\/\/uenf.br\/cct\/leciv\/wp-json\/wp\/v2\/comments?post=499"}],"version-history":[{"count":0,"href":"https:\/\/uenf.br\/cct\/leciv\/wp-json\/wp\/v2\/pages\/499\/revisions"}],"up":[{"embeddable":true,"href":"https:\/\/uenf.br\/cct\/leciv\/wp-json\/wp\/v2\/pages\/33"}],"wp:attachment":[{"href":"https:\/\/uenf.br\/cct\/leciv\/wp-json\/wp\/v2\/media?parent=499"}],"curies":[{"name":"wp","href":"https:\/\/api.w.org\/{rel}","templated":true}]}}