{"id":5,"date":"2011-11-23T12:31:16","date_gmt":"2011-11-23T12:31:16","guid":{"rendered":"http:\/\/uenf.br\/cct\/leciv\/?page_id=5"},"modified":"2016-04-05T13:34:05","modified_gmt":"2016-04-05T13:34:05","slug":"apresentacao","status":"publish","type":"page","link":"https:\/\/uenf.br\/cct\/leciv\/apresentacao\/","title":{"rendered":"LECIV"},"content":{"rendered":"<ul>\n<li><a href=\"http:\/\/uenf.br\/cct\/leciv\/apresentacao\/administracao\/\">Administra\u00e7\u00e3o<\/a><\/li>\n<li><a href=\"http:\/\/uenf.br\/cct\/leciv\/apresentacao\/cursos\/\">Cursos<\/a><\/li>\n<li><a href=\"http:\/\/uenf.br\/cct\/leciv\/pos-graduacao\/corpo-docente\/\">Corpo Docente<\/a><\/li>\n<li><a href=\"http:\/\/uenf.br\/cct\/leciv\/apresentacao\/corpo-tecnico\/\">Corpo T\u00e9cnico<\/a><\/li>\n<li><a href=\"http:\/\/uenf.br\/cct\/leciv\/apresentacao\/cadastro-lab-de-informatica-leciv\/\">Cadastro Lab. Inform\u00e1tica LECIV<\/a><\/li>\n<li><a href=\"http:\/\/uenf.br\/cct\/leciv\/apresentacao\/identidade-visual-do-leciv\/\">Identidade Visual do LECIV<\/a><\/li>\n<li><a href=\"http:\/\/uenf.br\/cct\/leciv\/apresentacao\/contato-2\/\">Contato<\/a><\/li>\n<li><a href=\"http:\/\/uenf.br\/cct\/leciv\/apresentacao\/formularios-e-requerimentos\/\">Formul\u00e1rios e Requerimentos<\/a><\/li>\n<\/ul>\n","protected":false},"excerpt":{"rendered":"<p>Administra\u00e7\u00e3o Cursos Corpo Docente Corpo T\u00e9cnico Cadastro Lab. Inform\u00e1tica LECIV Identidade Visual do LECIV Contato Formul\u00e1rios e Requerimentos<\/p>\n","protected":false},"author":1,"featured_media":0,"parent":0,"menu_order":0,"comment_status":"open","ping_status":"open","template":"","meta":{"footnotes":""},"class_list":["post-5","page","type-page","status-publish","hentry"],"_links":{"self":[{"href":"https:\/\/uenf.br\/cct\/leciv\/wp-json\/wp\/v2\/pages\/5","targetHints":{"allow":["GET"]}}],"collection":[{"href":"https:\/\/uenf.br\/cct\/leciv\/wp-json\/wp\/v2\/pages"}],"about":[{"href":"https:\/\/uenf.br\/cct\/leciv\/wp-json\/wp\/v2\/types\/page"}],"author":[{"embeddable":true,"href":"https:\/\/uenf.br\/cct\/leciv\/wp-json\/wp\/v2\/users\/1"}],"replies":[{"embeddable":true,"href":"https:\/\/uenf.br\/cct\/leciv\/wp-json\/wp\/v2\/comments?post=5"}],"version-history":[{"count":0,"href":"https:\/\/uenf.br\/cct\/leciv\/wp-json\/wp\/v2\/pages\/5\/revisions"}],"wp:attachment":[{"href":"https:\/\/uenf.br\/cct\/leciv\/wp-json\/wp\/v2\/media?parent=5"}],"curies":[{"name":"wp","href":"https:\/\/api.w.org\/{rel}","templated":true}]}}