{"id":504,"date":"2014-12-17T13:05:53","date_gmt":"2014-12-17T13:05:53","guid":{"rendered":"http:\/\/uenf.br\/cct\/leciv\/?page_id=504"},"modified":"2014-12-17T13:05:53","modified_gmt":"2014-12-17T13:05:53","slug":"apresentacao","status":"publish","type":"page","link":"https:\/\/uenf.br\/cct\/leciv\/pos-graduacao\/apresentacao\/","title":{"rendered":"Apresenta\u00e7\u00e3o"},"content":{"rendered":"<p><strong>PROGRAMA DE P\u00d3S-GRADUA\u00c7\u00c3O EM ENGENHARIA CIVIL<\/strong><\/p>\n<p>O Programa de P\u00f3s-Gradua\u00e7\u00e3o de Engenharia Civil da Universidade Estadual do Norte Fluminense Darcy Ribeiro \u00e9 orientado para os seguintes objetivos:<br \/>\nApoiar o conhecimento sobre o comportamento de solos e rochas, em especial os de ocorr\u00eancia regional, visando a execu\u00e7\u00e3o de obras e ao aproveitamento destes materiais de forma racional e econ\u00f4mica;<br \/>\nGerar solu\u00e7\u00f5es e tecnologia adequadas \u00e0 realidade f\u00edsico-social do Brasil, e em especial \u00e0 realidade do Norte\/Noroeste Fluminense. Neste sentido, deve-se incentivar o estudo do comportamento de materiais n\u00e3o-convencionais tendo em vista sua aplica\u00e7\u00e3o em obras de terra e como elemento de constru\u00e7\u00e3o civil (ind\u00fastria cer\u00e2mica);<br \/>\nApoiar a forma\u00e7\u00e3o de recursos humanos treinados nas \u00e1reas de conhecimento das engenharias geot\u00e9cnica e estrutural, com uma vis\u00e3o geral de constru\u00e7\u00e3o civil e materiais de constru\u00e7\u00e3o, tendo em vista a necessidade premente do pa\u00eds de engenheiros, professores e pesquisadores com qualifica\u00e7\u00e3o destacada;<br \/>\nEstimular o interc\u00e2mbio t\u00e9cnico-cient\u00edfico nacional, em especial com outras institui\u00e7\u00f5es universit\u00e1rias do Estado do Rio de Janeiro (UFRJ, PUC-RIO, UERJ e UFF) e centros de pesquisa, como CENPES, CETEM, LNCC e outros;<br \/>\nFornecer subs\u00eddios, atrav\u00e9s do estudo do comportamento de materiais geol\u00f3gicos, para diversas outras \u00e1reas como a agricultura, transporte, saneamento, cartografia, gera\u00e7\u00e3o de energia, estudo do meio ambiente e planejamento urbano;<br \/>\nDesenvolver modelos te\u00f3ricos e experimentais para estudo de materiais e problemas de geotecnia, em especial os relacionados ao meio ambiente;<br \/>\nDesenvolver softwares espec\u00edficos para problemas de geotecnia\/estruturas, em especial os relacionados com instala\u00e7\u00f5es off-shore de l\u00e2mina d&#8217;\u00e1gua profunda (ancoragem), atrav\u00e9s de m\u00e9todos num\u00e9ricos combinados com t\u00e9cnicas de computa\u00e7\u00e3o gr\u00e1fica. A aplica\u00e7\u00e3o de t\u00e9cnicas de intelig\u00eancia artificial (fuzzy e redes neurais), m\u00e9todos estat\u00edsticos e probabil\u00edsticos devem tamb\u00e9m ser enfatizados;<br \/>\nElaborar mapas geol\u00f3gicos e geot\u00e9cnicos, visando a localiza\u00e7\u00e3o e descri\u00e7\u00e3o das ocorr\u00eancias regionais de solos e rochas, devidamente acompanhados da caracteriza\u00e7\u00e3o de suas propriedades geot\u00e9cnicas;<br \/>\nUtiliza\u00e7\u00e3o de mat\u00e9ria prima regional na confec\u00e7\u00e3o de produtos para habita\u00e7\u00e3o popular e materiais de alto desempenho na constru\u00e7\u00e3o civil;<br \/>\nDesenvolver modelos te\u00f3ricos, num\u00e9ricos e experimentais para an\u00e1lise de problemas relacionados a estruturas de concreto, a\u00e7o e materiais n\u00e3o convencionais, enfatizando aqueles ligados a estruturas de grande porte, tais como estruturas off-shore e torres met\u00e1licas;<br \/>\nDesenvolver modelos e t\u00e9cnicas de otimiza\u00e7\u00e3o estrutural, em particular, para aplica\u00e7\u00e3o a grandes estruturas, como estruturas off-shore e torres met\u00e1licas.<br \/>\n<strong>Programa:<\/strong> P\u00f3s-Gradua\u00e7\u00e3o em Engenharia Civil<br \/>\n<strong>C\u00f3digo:<\/strong> 3103301612P4<br \/>\n<strong>\u00c1rea B\u00e1sica:<\/strong> Engenharia Civil<br \/>\n<strong>Regime Letivo:<\/strong> Semestral<\/p>\n","protected":false},"excerpt":{"rendered":"<p>PROGRAMA DE P\u00d3S-GRADUA\u00c7\u00c3O EM ENGENHARIA CIVIL O Programa de P\u00f3s-Gradua\u00e7\u00e3o de Engenharia Civil da Universidade Estadual do Norte Fluminense Darcy&#8230;<\/p>\n","protected":false},"author":8,"featured_media":0,"parent":502,"menu_order":1,"comment_status":"open","ping_status":"open","template":"","meta":{"footnotes":""},"class_list":["post-504","page","type-page","status-publish","hentry"],"_links":{"self":[{"href":"https:\/\/uenf.br\/cct\/leciv\/wp-json\/wp\/v2\/pages\/504","targetHints":{"allow":["GET"]}}],"collection":[{"href":"https:\/\/uenf.br\/cct\/leciv\/wp-json\/wp\/v2\/pages"}],"about":[{"href":"https:\/\/uenf.br\/cct\/leciv\/wp-json\/wp\/v2\/types\/page"}],"author":[{"embeddable":true,"href":"https:\/\/uenf.br\/cct\/leciv\/wp-json\/wp\/v2\/users\/8"}],"replies":[{"embeddable":true,"href":"https:\/\/uenf.br\/cct\/leciv\/wp-json\/wp\/v2\/comments?post=504"}],"version-history":[{"count":0,"href":"https:\/\/uenf.br\/cct\/leciv\/wp-json\/wp\/v2\/pages\/504\/revisions"}],"up":[{"embeddable":true,"href":"https:\/\/uenf.br\/cct\/leciv\/wp-json\/wp\/v2\/pages\/502"}],"wp:attachment":[{"href":"https:\/\/uenf.br\/cct\/leciv\/wp-json\/wp\/v2\/media?parent=504"}],"curies":[{"name":"wp","href":"https:\/\/api.w.org\/{rel}","templated":true}]}}